{"id":1831,"date":"2023-06-06T17:05:37","date_gmt":"2023-06-06T14:05:37","guid":{"rendered":"https:\/\/baltsolar.lt\/?page_id=1831"},"modified":"2023-07-11T15:40:25","modified_gmt":"2023-07-11T12:40:25","slug":"akcijos-naujienos","status":"publish","type":"page","link":"https:\/\/baltsolar.lt\/en\/akcijos-naujienos\/","title":{"rendered":""},"content":{"rendered":"<div data-elementor-type=\"wp-page\" data-elementor-id=\"1831\" class=\"elementor elementor-1831\" data-elementor-post-type=\"page\">\n\t\t\t\t<div class=\"elementor-element elementor-element-5148bec e-flex e-con-boxed e-con e-parent\" data-id=\"5148bec\" data-element_type=\"container\">\n\t\t\t\t\t<div class=\"e-con-inner\">\n\t\t\t\t<div class=\"elementor-element elementor-element-1e511bd elementor-widget elementor-widget-spacer\" data-id=\"1e511bd\" data-element_type=\"widget\" data-widget_type=\"spacer.default\">\n\t\t\t\t<div class=\"elementor-widget-container\">\n\t\t\t\t\t\t\t<div class=\"elementor-spacer\">\n\t\t\t<div class=\"elementor-spacer-inner\"><\/div>\n\t\t<\/div>\n\t\t\t\t\t\t<\/div>\n\t\t\t\t<\/div>\n\t\t\t\t<div class=\"elementor-element elementor-element-39b0ec4 elementor-widget elementor-widget-image\" data-id=\"39b0ec4\" data-element_type=\"widget\" data-widget_type=\"image.default\">\n\t\t\t\t<div class=\"elementor-widget-container\">\n\t\t\t\t\t\t\t\t\t\t\t\t\t\t\t<img decoding=\"async\" src=\"https:\/\/baltsolar.lt\/wp-content\/uploads\/elementor\/thumbs\/house-with-roof-that-has-solar-panels-it-scaled-q7kgtdmuox92i2uneyt0h4r0kv9idqyrzytagx5zew.jpg\" title=\"house-with-roof-that-has-solar-panels-it\" alt=\"house-with-roof-that-has-solar-panels-it\" loading=\"lazy\" \/>\t\t\t\t\t\t\t\t\t\t\t\t\t\t\t<\/div>\n\t\t\t\t<\/div>\n\t\t\t\t\t<\/div>\n\t\t\t\t<\/div>\n\t\t<div class=\"elementor-element elementor-element-88684d2 e-flex e-con-boxed e-con e-parent\" data-id=\"88684d2\" data-element_type=\"container\">\n\t\t\t\t\t<div class=\"e-con-inner\">\n\t\t\t\t<div class=\"elementor-element elementor-element-044bb3a elementor-widget elementor-widget-heading\" data-id=\"044bb3a\" data-element_type=\"widget\" data-widget_type=\"heading.default\">\n\t\t\t\t<div class=\"elementor-widget-container\">\n\t\t\t\t\t<h1 class=\"elementor-heading-title elementor-size-default\">Akcija Solplanet inverteriams<\/h1>\t\t\t\t<\/div>\n\t\t\t\t<\/div>\n\t\t\t\t<div class=\"elementor-element elementor-element-8db18bc elementor-widget elementor-widget-text-editor\" data-id=\"8db18bc\" data-element_type=\"widget\" data-widget_type=\"text-editor.default\">\n\t\t\t\t<div class=\"elementor-widget-container\">\n\t\t\t\t\t\t\t\t\t<p><\/p>\n<p><span style=\"font-weight: 400;\">Nuolat siekdami patenkinti j\u016bs\u0173 poreikius ir siekius, norime supa\u017eindinti su naujienomis ir i\u0161pardavimais.<\/span><span style=\"font-weight: 400;\">\u00a0Tai puiki proga \u012fsigyti auk\u0161tos kokyb\u0117s \u012frang\u0105 u\u017e dar palankesn\u0119 kain\u0105!<\/span><\/p>\n<p><\/p>\t\t\t\t\t\t\t\t<\/div>\n\t\t\t\t<\/div>\n\t\t\t\t<div class=\"elementor-element elementor-element-3d59b10 elementor-align-left elementor-widget elementor-widget-button\" data-id=\"3d59b10\" data-element_type=\"widget\" data-widget_type=\"button.default\">\n\t\t\t\t<div class=\"elementor-widget-container\">\n\t\t\t\t\t\t\t\t\t<div class=\"elementor-button-wrapper\">\n\t\t\t\t\t<a class=\"elementor-button elementor-button-link elementor-size-md\" href=\"https:\/\/baltsolar.lt\/wp-content\/uploads\/2023\/07\/Moduliu-ispardavimas-naujienos-1.pdf\">\n\t\t\t\t\t\t<span class=\"elementor-button-content-wrapper\">\n\t\t\t\t\t\t\t\t\t<span class=\"elementor-button-text\">Kainas gali per\u017ei\u016br\u0117ti \u010dia \u2192<\/span>\n\t\t\t\t\t<\/span>\n\t\t\t\t\t<\/a>\n\t\t\t\t<\/div>\n\t\t\t\t\t\t\t\t<\/div>\n\t\t\t\t<\/div>\n\t\t\t\t<div class=\"elementor-element elementor-element-5462a2b elementor-widget elementor-widget-spacer\" data-id=\"5462a2b\" data-element_type=\"widget\" data-widget_type=\"spacer.default\">\n\t\t\t\t<div class=\"elementor-widget-container\">\n\t\t\t\t\t\t\t<div class=\"elementor-spacer\">\n\t\t\t<div class=\"elementor-spacer-inner\"><\/div>\n\t\t<\/div>\n\t\t\t\t\t\t<\/div>\n\t\t\t\t<\/div>\n\t\t\t\t\t<\/div>\n\t\t\t\t<\/div>\t\t<\/div>","protected":false},"excerpt":{"rendered":"<p>Akcija Solplanet inverteriams Nuolat siekdami patenkinti j\u016bs\u0173 poreikius ir siekius, norime supa\u017eindinti su naujienomis ir i\u0161pardavimais.\u00a0Tai puiki proga \u012fsigyti auk\u0161tos kokyb\u0117s \u012frang\u0105 u\u017e dar palankesn\u0119 kain\u0105! Kainas gali per\u017ei\u016br\u0117ti \u010dia \u2192<\/p>","protected":false},"author":5,"featured_media":0,"parent":0,"menu_order":0,"comment_status":"closed","ping_status":"closed","template":"","meta":{"inline_featured_image":false,"footnotes":""},"class_list":["post-1831","page","type-page","status-publish","hentry"],"yoast_head":"<!-- This site is optimized with the Yoast SEO plugin v24.8 - https:\/\/yoast.com\/wordpress\/plugins\/seo\/ -->\n<title>- BALTSOLAR<\/title>\n<meta name=\"robots\" content=\"index, follow, max-snippet:-1, max-image-preview:large, max-video-preview:-1\" \/>\n<link rel=\"canonical\" href=\"https:\/\/baltsolar.lt\/en\/akcijos-naujienos\/\" \/>\n<meta property=\"og:locale\" content=\"en_US\" \/>\n<meta property=\"og:type\" content=\"article\" \/>\n<meta property=\"og:title\" content=\"- BALTSOLAR\" \/>\n<meta property=\"og:description\" content=\"Akcija Solplanet inverteriams Nuolat siekdami patenkinti j\u016bs\u0173 poreikius ir siekius, norime supa\u017eindinti su naujienomis ir i\u0161pardavimais.\u00a0Tai puiki proga \u012fsigyti auk\u0161tos kokyb\u0117s \u012frang\u0105 u\u017e dar palankesn\u0119 kain\u0105! Kainas gali per\u017ei\u016br\u0117ti \u010dia \u2192\" \/>\n<meta property=\"og:url\" content=\"https:\/\/baltsolar.lt\/en\/akcijos-naujienos\/\" \/>\n<meta property=\"og:site_name\" content=\"BALTSOLAR\" \/>\n<meta property=\"article:modified_time\" content=\"2023-07-11T12:40:25+00:00\" \/>\n<meta property=\"og:image\" content=\"https:\/\/baltsolar.lt\/wp-content\/uploads\/elementor\/thumbs\/house-with-roof-that-has-solar-panels-it-scaled-q7kgtdmuox92i2uneyt0h4r0kv9idqyrzytagx5zew.jpg\" \/>\n<meta name=\"twitter:card\" content=\"summary_large_image\" \/>\n<script type=\"application\/ld+json\" class=\"yoast-schema-graph\">{\"@context\":\"https:\/\/schema.org\",\"@graph\":[{\"@type\":\"WebPage\",\"@id\":\"https:\/\/baltsolar.lt\/akcijos-naujienos\/\",\"url\":\"https:\/\/baltsolar.lt\/akcijos-naujienos\/\",\"name\":\"- BALTSOLAR\",\"isPartOf\":{\"@id\":\"https:\/\/baltsolar.lt\/#website\"},\"primaryImageOfPage\":{\"@id\":\"https:\/\/baltsolar.lt\/akcijos-naujienos\/#primaryimage\"},\"image\":{\"@id\":\"https:\/\/baltsolar.lt\/akcijos-naujienos\/#primaryimage\"},\"thumbnailUrl\":\"https:\/\/baltsolar.lt\/wp-content\/uploads\/elementor\/thumbs\/house-with-roof-that-has-solar-panels-it-scaled-q7kgtdmuox92i2uneyt0h4r0kv9idqyrzytagx5zew.jpg\",\"datePublished\":\"2023-06-06T14:05:37+00:00\",\"dateModified\":\"2023-07-11T12:40:25+00:00\",\"inLanguage\":\"en-US\",\"potentialAction\":[{\"@type\":\"ReadAction\",\"target\":[\"https:\/\/baltsolar.lt\/akcijos-naujienos\/\"]}]},{\"@type\":\"ImageObject\",\"inLanguage\":\"en-US\",\"@id\":\"https:\/\/baltsolar.lt\/akcijos-naujienos\/#primaryimage\",\"url\":\"https:\/\/baltsolar.lt\/wp-content\/uploads\/elementor\/thumbs\/house-with-roof-that-has-solar-panels-it-scaled-q7kgtdmuox92i2uneyt0h4r0kv9idqyrzytagx5zew.jpg\",\"contentUrl\":\"https:\/\/baltsolar.lt\/wp-content\/uploads\/elementor\/thumbs\/house-with-roof-that-has-solar-panels-it-scaled-q7kgtdmuox92i2uneyt0h4r0kv9idqyrzytagx5zew.jpg\"},{\"@type\":\"WebSite\",\"@id\":\"https:\/\/baltsolar.lt\/#website\",\"url\":\"https:\/\/baltsolar.lt\/\",\"name\":\"BALTSOLAR\",\"description\":\"\",\"publisher\":{\"@id\":\"https:\/\/baltsolar.lt\/#organization\"},\"potentialAction\":[{\"@type\":\"SearchAction\",\"target\":{\"@type\":\"EntryPoint\",\"urlTemplate\":\"https:\/\/baltsolar.lt\/?s={search_term_string}\"},\"query-input\":{\"@type\":\"PropertyValueSpecification\",\"valueRequired\":true,\"valueName\":\"search_term_string\"}}],\"inLanguage\":\"en-US\"},{\"@type\":\"Organization\",\"@id\":\"https:\/\/baltsolar.lt\/#organization\",\"name\":\"BALTSOLAR\",\"url\":\"https:\/\/baltsolar.lt\/\",\"logo\":{\"@type\":\"ImageObject\",\"inLanguage\":\"en-US\",\"@id\":\"https:\/\/baltsolar.lt\/#\/schema\/logo\/image\/\",\"url\":\"https:\/\/baltsolar.lt\/wp-content\/uploads\/2023\/03\/BALTSOLAR_LOGO.svg\",\"contentUrl\":\"https:\/\/baltsolar.lt\/wp-content\/uploads\/2023\/03\/BALTSOLAR_LOGO.svg\",\"width\":447,\"height\":139,\"caption\":\"BALTSOLAR\"},\"image\":{\"@id\":\"https:\/\/baltsolar.lt\/#\/schema\/logo\/image\/\"}}]}<\/script>\n<!-- \/ Yoast SEO plugin. -->","yoast_head_json":{"title":"- BALTSOLAR","robots":{"index":"index","follow":"follow","max-snippet":"max-snippet:-1","max-image-preview":"max-image-preview:large","max-video-preview":"max-video-preview:-1"},"canonical":"https:\/\/baltsolar.lt\/en\/akcijos-naujienos\/","og_locale":"en_US","og_type":"article","og_title":"- BALTSOLAR","og_description":"Akcija Solplanet inverteriams Nuolat siekdami patenkinti j\u016bs\u0173 poreikius ir siekius, norime supa\u017eindinti su naujienomis ir i\u0161pardavimais.\u00a0Tai puiki proga \u012fsigyti auk\u0161tos kokyb\u0117s \u012frang\u0105 u\u017e dar palankesn\u0119 kain\u0105! Kainas gali per\u017ei\u016br\u0117ti \u010dia \u2192","og_url":"https:\/\/baltsolar.lt\/en\/akcijos-naujienos\/","og_site_name":"BALTSOLAR","article_modified_time":"2023-07-11T12:40:25+00:00","og_image":[{"url":"https:\/\/baltsolar.lt\/wp-content\/uploads\/elementor\/thumbs\/house-with-roof-that-has-solar-panels-it-scaled-q7kgtdmuox92i2uneyt0h4r0kv9idqyrzytagx5zew.jpg","type":"","width":"","height":""}],"twitter_card":"summary_large_image","schema":{"@context":"https:\/\/schema.org","@graph":[{"@type":"WebPage","@id":"https:\/\/baltsolar.lt\/akcijos-naujienos\/","url":"https:\/\/baltsolar.lt\/akcijos-naujienos\/","name":"- BALTSOLAR","isPartOf":{"@id":"https:\/\/baltsolar.lt\/#website"},"primaryImageOfPage":{"@id":"https:\/\/baltsolar.lt\/akcijos-naujienos\/#primaryimage"},"image":{"@id":"https:\/\/baltsolar.lt\/akcijos-naujienos\/#primaryimage"},"thumbnailUrl":"https:\/\/baltsolar.lt\/wp-content\/uploads\/elementor\/thumbs\/house-with-roof-that-has-solar-panels-it-scaled-q7kgtdmuox92i2uneyt0h4r0kv9idqyrzytagx5zew.jpg","datePublished":"2023-06-06T14:05:37+00:00","dateModified":"2023-07-11T12:40:25+00:00","inLanguage":"en-US","potentialAction":[{"@type":"ReadAction","target":["https:\/\/baltsolar.lt\/akcijos-naujienos\/"]}]},{"@type":"ImageObject","inLanguage":"en-US","@id":"https:\/\/baltsolar.lt\/akcijos-naujienos\/#primaryimage","url":"https:\/\/baltsolar.lt\/wp-content\/uploads\/elementor\/thumbs\/house-with-roof-that-has-solar-panels-it-scaled-q7kgtdmuox92i2uneyt0h4r0kv9idqyrzytagx5zew.jpg","contentUrl":"https:\/\/baltsolar.lt\/wp-content\/uploads\/elementor\/thumbs\/house-with-roof-that-has-solar-panels-it-scaled-q7kgtdmuox92i2uneyt0h4r0kv9idqyrzytagx5zew.jpg"},{"@type":"WebSite","@id":"https:\/\/baltsolar.lt\/#website","url":"https:\/\/baltsolar.lt\/","name":"BALTSOLAR","description":"","publisher":{"@id":"https:\/\/baltsolar.lt\/#organization"},"potentialAction":[{"@type":"SearchAction","target":{"@type":"EntryPoint","urlTemplate":"https:\/\/baltsolar.lt\/?s={search_term_string}"},"query-input":{"@type":"PropertyValueSpecification","valueRequired":true,"valueName":"search_term_string"}}],"inLanguage":"en-US"},{"@type":"Organization","@id":"https:\/\/baltsolar.lt\/#organization","name":"BALTSOLAR","url":"https:\/\/baltsolar.lt\/","logo":{"@type":"ImageObject","inLanguage":"en-US","@id":"https:\/\/baltsolar.lt\/#\/schema\/logo\/image\/","url":"https:\/\/baltsolar.lt\/wp-content\/uploads\/2023\/03\/BALTSOLAR_LOGO.svg","contentUrl":"https:\/\/baltsolar.lt\/wp-content\/uploads\/2023\/03\/BALTSOLAR_LOGO.svg","width":447,"height":139,"caption":"BALTSOLAR"},"image":{"@id":"https:\/\/baltsolar.lt\/#\/schema\/logo\/image\/"}}]}},"_links":{"self":[{"href":"https:\/\/baltsolar.lt\/en\/wp-json\/wp\/v2\/pages\/1831","targetHints":{"allow":["GET"]}}],"collection":[{"href":"https:\/\/baltsolar.lt\/en\/wp-json\/wp\/v2\/pages"}],"about":[{"href":"https:\/\/baltsolar.lt\/en\/wp-json\/wp\/v2\/types\/page"}],"author":[{"embeddable":true,"href":"https:\/\/baltsolar.lt\/en\/wp-json\/wp\/v2\/users\/5"}],"replies":[{"embeddable":true,"href":"https:\/\/baltsolar.lt\/en\/wp-json\/wp\/v2\/comments?post=1831"}],"version-history":[{"count":0,"href":"https:\/\/baltsolar.lt\/en\/wp-json\/wp\/v2\/pages\/1831\/revisions"}],"wp:attachment":[{"href":"https:\/\/baltsolar.lt\/en\/wp-json\/wp\/v2\/media?parent=1831"}],"curies":[{"name":"wp","href":"https:\/\/api.w.org\/{rel}","templated":true}]}}