{"id":730,"date":"2023-03-07T18:19:00","date_gmt":"2023-03-07T16:19:00","guid":{"rendered":"https:\/\/baltsolar.lt\/?page_id=730"},"modified":"2023-03-24T17:00:26","modified_gmt":"2023-03-24T15:00:26","slug":"uzklausa-gauta","status":"publish","type":"page","link":"https:\/\/baltsolar.lt\/en\/uzklausa-gauta\/","title":{"rendered":"U\u017eklausa gauta"},"content":{"rendered":"<div data-elementor-type=\"wp-page\" data-elementor-id=\"730\" class=\"elementor elementor-730\" data-elementor-post-type=\"page\">\n\t\t\t\t<div class=\"elementor-element elementor-element-0c31e95 e-flex e-con-boxed e-con e-parent\" data-id=\"0c31e95\" data-element_type=\"container\" data-settings=\"{&quot;background_background&quot;:&quot;classic&quot;}\">\n\t\t\t\t\t<div class=\"e-con-inner\">\n\t\t<div class=\"elementor-element elementor-element-830fc6b e-con-full e-flex e-con e-parent\" data-id=\"830fc6b\" data-element_type=\"container\">\n\t\t\t\t<div class=\"elementor-element elementor-element-d5c994e elementor-widget elementor-widget-heading\" data-id=\"d5c994e\" data-element_type=\"widget\" data-widget_type=\"heading.default\">\n\t\t\t\t<div class=\"elementor-widget-container\">\n\t\t\t\t\t<h1 class=\"elementor-heading-title elementor-size-default\">Cart<\/h1>\t\t\t\t<\/div>\n\t\t\t\t<\/div>\n\t\t\t\t<\/div>\n\t\t\t\t\t<\/div>\n\t\t\t\t<\/div>\n\t\t<div class=\"elementor-element elementor-element-8f28c92 e-flex e-con-boxed e-con e-parent\" data-id=\"8f28c92\" data-element_type=\"container\">\n\t\t\t\t\t<div class=\"e-con-inner\">\n\t\t<div class=\"elementor-element elementor-element-6184096 e-con-full e-flex e-con e-parent\" data-id=\"6184096\" data-element_type=\"container\">\n\t\t<div class=\"elementor-element elementor-element-69ae172 e-flex e-con-boxed e-con e-parent\" data-id=\"69ae172\" data-element_type=\"container\" data-settings=\"{&quot;background_background&quot;:&quot;classic&quot;}\">\n\t\t\t\t\t<div class=\"e-con-inner\">\n\t\t\t\t<div class=\"elementor-element elementor-element-cb9b485 elementor-widget elementor-widget-image\" data-id=\"cb9b485\" data-element_type=\"widget\" data-widget_type=\"image.default\">\n\t\t\t\t<div class=\"elementor-widget-container\">\n\t\t\t\t\t\t\t\t\t\t\t\t\t\t\t<img fetchpriority=\"high\" decoding=\"async\" width=\"800\" height=\"800\" src=\"https:\/\/baltsolar.lt\/wp-content\/uploads\/2023\/03\/check-mark.svg\" class=\"attachment-large size-large wp-image-641\" alt=\"\" \/>\t\t\t\t\t\t\t\t\t\t\t\t\t\t\t<\/div>\n\t\t\t\t<\/div>\n\t\t\t\t<div class=\"elementor-element elementor-element-b8a5fce elementor-widget elementor-widget-heading\" data-id=\"b8a5fce\" data-element_type=\"widget\" data-widget_type=\"heading.default\">\n\t\t\t\t<div class=\"elementor-widget-container\">\n\t\t\t\t\t<h2 class=\"elementor-heading-title elementor-size-default\">Thank you, your request has been sent successfully<\/h2>\t\t\t\t<\/div>\n\t\t\t\t<\/div>\n\t\t\t\t<div class=\"elementor-element elementor-element-355e425 elementor-widget elementor-widget-text-editor\" data-id=\"355e425\" data-element_type=\"widget\" data-widget_type=\"text-editor.default\">\n\t\t\t\t<div class=\"elementor-widget-container\">\n\t\t\t\t\t\t\t\t\t<p class=\"translation-block\">You will find the list of products for which you have submitted a request below. We will contact you with a special offer soon. If you have additional questions, please email at <a href=\"mailto:info@baltsolar.lt\" target=\"_self\"><span class=\"elementor-icon-list-text\">info@baltsolar.lt<\/span><\/a>\u00a0or call <a href=\"tel:+37061071074\" target=\"_self\"><span class=\"elementor-icon-list-text\">+370 610 71074<\/span><\/a> .<\/p>\t\t\t\t\t\t\t\t<\/div>\n\t\t\t\t<\/div>\n\t\t\t\t\t<\/div>\n\t\t\t\t<\/div>\n\t\t\t\t<\/div>\n\t\t\t\t\t<\/div>\n\t\t\t\t<\/div>\n\t\t\t\t<\/div>","protected":false},"excerpt":{"rendered":"<p>Krep\u0161elis D\u0117kojame, j\u016bs\u0173 u\u017eklausa buvo s\u0117kmingai i\u0161si\u0173sta Apa\u010dioje primename produkt\u0173 s\u0105ra\u0161\u0105, kuriam pateik\u0117te u\u017eklaus\u0105. Netrukus su jumis susisieksime pateikdami special\u0173 pasi\u016blym\u0105. Jei turite papildom\u0173 klausim\u0173, ra\u0161ykite el. pa\u0161to adresu info@baltsolar.lt\u00a0arba skambinkite telefonu +370 610 71074 . Remove item Thumbnail image Product Price Quantity Subtotal &times; Samsung \u0161ilumos siurblys oras-vanduo EHS Mono HT Quiet 12 0,00&nbsp;&euro; [&hellip;]<\/p>","protected":false},"author":1,"featured_media":0,"parent":0,"menu_order":0,"comment_status":"closed","ping_status":"closed","template":"elementor_header_footer","meta":{"inline_featured_image":false,"footnotes":""},"class_list":["post-730","page","type-page","status-publish","hentry"],"yoast_head":"<!-- This site is optimized with the Yoast SEO plugin v24.8 - https:\/\/yoast.com\/wordpress\/plugins\/seo\/ -->\n<title>U\u017eklausa gauta - BALTSOLAR<\/title>\n<meta name=\"robots\" content=\"index, follow, max-snippet:-1, max-image-preview:large, max-video-preview:-1\" \/>\n<link rel=\"canonical\" href=\"https:\/\/baltsolar.lt\/en\/uzklausa-gauta\/\" \/>\n<meta property=\"og:locale\" content=\"en_US\" \/>\n<meta property=\"og:type\" content=\"article\" \/>\n<meta property=\"og:title\" content=\"U\u017eklausa gauta - BALTSOLAR\" \/>\n<meta property=\"og:description\" content=\"Krep\u0161elis D\u0117kojame, j\u016bs\u0173 u\u017eklausa buvo s\u0117kmingai i\u0161si\u0173sta Apa\u010dioje primename produkt\u0173 s\u0105ra\u0161\u0105, kuriam pateik\u0117te u\u017eklaus\u0105. Netrukus su jumis susisieksime pateikdami special\u0173 pasi\u016blym\u0105. Jei turite papildom\u0173 klausim\u0173, ra\u0161ykite el. pa\u0161to adresu info@baltsolar.lt\u00a0arba skambinkite telefonu +370 610 71074 . Remove item Thumbnail image Product Price Quantity Subtotal &times; Samsung \u0161ilumos siurblys oras-vanduo EHS Mono HT Quiet 12 0,00&nbsp;&euro; [&hellip;]\" \/>\n<meta property=\"og:url\" content=\"https:\/\/baltsolar.lt\/en\/uzklausa-gauta\/\" \/>\n<meta property=\"og:site_name\" content=\"BALTSOLAR\" \/>\n<meta property=\"article:modified_time\" content=\"2023-03-24T15:00:26+00:00\" \/>\n<meta name=\"twitter:card\" content=\"summary_large_image\" \/>\n<meta name=\"twitter:label1\" content=\"Est. reading time\" \/>\n\t<meta name=\"twitter:data1\" content=\"1 minute\" \/>\n<script type=\"application\/ld+json\" class=\"yoast-schema-graph\">{\"@context\":\"https:\/\/schema.org\",\"@graph\":[{\"@type\":\"WebPage\",\"@id\":\"https:\/\/baltsolar.lt\/uzklausa-gauta\/\",\"url\":\"https:\/\/baltsolar.lt\/uzklausa-gauta\/\",\"name\":\"U\u017eklausa gauta - BALTSOLAR\",\"isPartOf\":{\"@id\":\"https:\/\/baltsolar.lt\/#website\"},\"primaryImageOfPage\":{\"@id\":\"https:\/\/baltsolar.lt\/uzklausa-gauta\/#primaryimage\"},\"image\":{\"@id\":\"https:\/\/baltsolar.lt\/uzklausa-gauta\/#primaryimage\"},\"thumbnailUrl\":\"https:\/\/baltsolar.lt\/wp-content\/uploads\/2023\/03\/check-mark.svg\",\"datePublished\":\"2023-03-07T16:19:00+00:00\",\"dateModified\":\"2023-03-24T15:00:26+00:00\",\"breadcrumb\":{\"@id\":\"https:\/\/baltsolar.lt\/uzklausa-gauta\/#breadcrumb\"},\"inLanguage\":\"en-US\",\"potentialAction\":[{\"@type\":\"ReadAction\",\"target\":[\"https:\/\/baltsolar.lt\/uzklausa-gauta\/\"]}]},{\"@type\":\"ImageObject\",\"inLanguage\":\"en-US\",\"@id\":\"https:\/\/baltsolar.lt\/uzklausa-gauta\/#primaryimage\",\"url\":\"https:\/\/baltsolar.lt\/wp-content\/uploads\/2023\/03\/check-mark.svg\",\"contentUrl\":\"https:\/\/baltsolar.lt\/wp-content\/uploads\/2023\/03\/check-mark.svg\"},{\"@type\":\"BreadcrumbList\",\"@id\":\"https:\/\/baltsolar.lt\/uzklausa-gauta\/#breadcrumb\",\"itemListElement\":[{\"@type\":\"ListItem\",\"position\":1,\"name\":\"Home\",\"item\":\"https:\/\/baltsolar.lt\/\"},{\"@type\":\"ListItem\",\"position\":2,\"name\":\"U\u017eklausa gauta\"}]},{\"@type\":\"WebSite\",\"@id\":\"https:\/\/baltsolar.lt\/#website\",\"url\":\"https:\/\/baltsolar.lt\/\",\"name\":\"BALTSOLAR\",\"description\":\"\",\"publisher\":{\"@id\":\"https:\/\/baltsolar.lt\/#organization\"},\"potentialAction\":[{\"@type\":\"SearchAction\",\"target\":{\"@type\":\"EntryPoint\",\"urlTemplate\":\"https:\/\/baltsolar.lt\/?s={search_term_string}\"},\"query-input\":{\"@type\":\"PropertyValueSpecification\",\"valueRequired\":true,\"valueName\":\"search_term_string\"}}],\"inLanguage\":\"en-US\"},{\"@type\":\"Organization\",\"@id\":\"https:\/\/baltsolar.lt\/#organization\",\"name\":\"BALTSOLAR\",\"url\":\"https:\/\/baltsolar.lt\/\",\"logo\":{\"@type\":\"ImageObject\",\"inLanguage\":\"en-US\",\"@id\":\"https:\/\/baltsolar.lt\/#\/schema\/logo\/image\/\",\"url\":\"https:\/\/baltsolar.lt\/wp-content\/uploads\/2023\/03\/BALTSOLAR_LOGO.svg\",\"contentUrl\":\"https:\/\/baltsolar.lt\/wp-content\/uploads\/2023\/03\/BALTSOLAR_LOGO.svg\",\"width\":447,\"height\":139,\"caption\":\"BALTSOLAR\"},\"image\":{\"@id\":\"https:\/\/baltsolar.lt\/#\/schema\/logo\/image\/\"}}]}<\/script>\n<!-- \/ Yoast SEO plugin. -->","yoast_head_json":{"title":"U\u017eklausa gauta - BALTSOLAR","robots":{"index":"index","follow":"follow","max-snippet":"max-snippet:-1","max-image-preview":"max-image-preview:large","max-video-preview":"max-video-preview:-1"},"canonical":"https:\/\/baltsolar.lt\/en\/uzklausa-gauta\/","og_locale":"en_US","og_type":"article","og_title":"U\u017eklausa gauta - BALTSOLAR","og_description":"Krep\u0161elis D\u0117kojame, j\u016bs\u0173 u\u017eklausa buvo s\u0117kmingai i\u0161si\u0173sta Apa\u010dioje primename produkt\u0173 s\u0105ra\u0161\u0105, kuriam pateik\u0117te u\u017eklaus\u0105. Netrukus su jumis susisieksime pateikdami special\u0173 pasi\u016blym\u0105. Jei turite papildom\u0173 klausim\u0173, ra\u0161ykite el. pa\u0161to adresu info@baltsolar.lt\u00a0arba skambinkite telefonu +370 610 71074 . Remove item Thumbnail image Product Price Quantity Subtotal &times; Samsung \u0161ilumos siurblys oras-vanduo EHS Mono HT Quiet 12 0,00&nbsp;&euro; [&hellip;]","og_url":"https:\/\/baltsolar.lt\/en\/uzklausa-gauta\/","og_site_name":"BALTSOLAR","article_modified_time":"2023-03-24T15:00:26+00:00","twitter_card":"summary_large_image","twitter_misc":{"Est. reading time":"1 minute"},"schema":{"@context":"https:\/\/schema.org","@graph":[{"@type":"WebPage","@id":"https:\/\/baltsolar.lt\/uzklausa-gauta\/","url":"https:\/\/baltsolar.lt\/uzklausa-gauta\/","name":"U\u017eklausa gauta - BALTSOLAR","isPartOf":{"@id":"https:\/\/baltsolar.lt\/#website"},"primaryImageOfPage":{"@id":"https:\/\/baltsolar.lt\/uzklausa-gauta\/#primaryimage"},"image":{"@id":"https:\/\/baltsolar.lt\/uzklausa-gauta\/#primaryimage"},"thumbnailUrl":"https:\/\/baltsolar.lt\/wp-content\/uploads\/2023\/03\/check-mark.svg","datePublished":"2023-03-07T16:19:00+00:00","dateModified":"2023-03-24T15:00:26+00:00","breadcrumb":{"@id":"https:\/\/baltsolar.lt\/uzklausa-gauta\/#breadcrumb"},"inLanguage":"en-US","potentialAction":[{"@type":"ReadAction","target":["https:\/\/baltsolar.lt\/uzklausa-gauta\/"]}]},{"@type":"ImageObject","inLanguage":"en-US","@id":"https:\/\/baltsolar.lt\/uzklausa-gauta\/#primaryimage","url":"https:\/\/baltsolar.lt\/wp-content\/uploads\/2023\/03\/check-mark.svg","contentUrl":"https:\/\/baltsolar.lt\/wp-content\/uploads\/2023\/03\/check-mark.svg"},{"@type":"BreadcrumbList","@id":"https:\/\/baltsolar.lt\/uzklausa-gauta\/#breadcrumb","itemListElement":[{"@type":"ListItem","position":1,"name":"Home","item":"https:\/\/baltsolar.lt\/"},{"@type":"ListItem","position":2,"name":"U\u017eklausa gauta"}]},{"@type":"WebSite","@id":"https:\/\/baltsolar.lt\/#website","url":"https:\/\/baltsolar.lt\/","name":"BALTSOLAR","description":"","publisher":{"@id":"https:\/\/baltsolar.lt\/#organization"},"potentialAction":[{"@type":"SearchAction","target":{"@type":"EntryPoint","urlTemplate":"https:\/\/baltsolar.lt\/?s={search_term_string}"},"query-input":{"@type":"PropertyValueSpecification","valueRequired":true,"valueName":"search_term_string"}}],"inLanguage":"en-US"},{"@type":"Organization","@id":"https:\/\/baltsolar.lt\/#organization","name":"BALTSOLAR","url":"https:\/\/baltsolar.lt\/","logo":{"@type":"ImageObject","inLanguage":"en-US","@id":"https:\/\/baltsolar.lt\/#\/schema\/logo\/image\/","url":"https:\/\/baltsolar.lt\/wp-content\/uploads\/2023\/03\/BALTSOLAR_LOGO.svg","contentUrl":"https:\/\/baltsolar.lt\/wp-content\/uploads\/2023\/03\/BALTSOLAR_LOGO.svg","width":447,"height":139,"caption":"BALTSOLAR"},"image":{"@id":"https:\/\/baltsolar.lt\/#\/schema\/logo\/image\/"}}]}},"_links":{"self":[{"href":"https:\/\/baltsolar.lt\/en\/wp-json\/wp\/v2\/pages\/730","targetHints":{"allow":["GET"]}}],"collection":[{"href":"https:\/\/baltsolar.lt\/en\/wp-json\/wp\/v2\/pages"}],"about":[{"href":"https:\/\/baltsolar.lt\/en\/wp-json\/wp\/v2\/types\/page"}],"author":[{"embeddable":true,"href":"https:\/\/baltsolar.lt\/en\/wp-json\/wp\/v2\/users\/1"}],"replies":[{"embeddable":true,"href":"https:\/\/baltsolar.lt\/en\/wp-json\/wp\/v2\/comments?post=730"}],"version-history":[{"count":0,"href":"https:\/\/baltsolar.lt\/en\/wp-json\/wp\/v2\/pages\/730\/revisions"}],"wp:attachment":[{"href":"https:\/\/baltsolar.lt\/en\/wp-json\/wp\/v2\/media?parent=730"}],"curies":[{"name":"wp","href":"https:\/\/api.w.org\/{rel}","templated":true}]}}