{"id":84,"date":"2023-03-03T09:44:54","date_gmt":"2023-03-03T09:44:54","guid":{"rendered":"https:\/\/baltsolar.lt\/cart\/"},"modified":"2024-10-02T18:11:05","modified_gmt":"2024-10-02T15:11:05","slug":"krepselis","status":"publish","type":"page","link":"https:\/\/baltsolar.lt\/en\/krepselis\/","title":{"rendered":"Cart"},"content":{"rendered":"<div data-elementor-type=\"wp-page\" data-elementor-id=\"84\" class=\"elementor elementor-84\" data-elementor-post-type=\"page\">\n\t\t\t\t<div class=\"elementor-element elementor-element-baa4747 e-flex e-con-boxed e-con e-parent\" data-id=\"baa4747\" data-element_type=\"container\" data-settings=\"{&quot;background_background&quot;:&quot;classic&quot;}\">\n\t\t\t\t\t<div class=\"e-con-inner\">\n\t\t<div class=\"elementor-element elementor-element-96a3604 e-con-full e-flex e-con e-child\" data-id=\"96a3604\" data-element_type=\"container\">\n\t\t\t\t<div class=\"elementor-element elementor-element-2093c40 elementor-widget elementor-widget-heading\" data-id=\"2093c40\" data-element_type=\"widget\" data-widget_type=\"heading.default\">\n\t\t\t\t<div class=\"elementor-widget-container\">\n\t\t\t\t\t<h1 class=\"elementor-heading-title elementor-size-default\">Cart<\/h1>\t\t\t\t<\/div>\n\t\t\t\t<\/div>\n\t\t\t\t<\/div>\n\t\t\t\t\t<\/div>\n\t\t\t\t<\/div>\n\t\t<div class=\"elementor-element elementor-element-a9d3568 e-flex e-con-boxed e-con e-parent\" data-id=\"a9d3568\" data-element_type=\"container\">\n\t\t\t\t\t<div class=\"e-con-inner\">\n\t\t<div class=\"elementor-element elementor-element-82deb7d e-con-full e-flex e-con e-child\" data-id=\"82deb7d\" data-element_type=\"container\">\n\t\t\t\t<\/div>\n\t\t\t\t\t<\/div>\n\t\t\t\t<\/div>\n\t\t\t\t<\/div>","protected":false},"excerpt":{"rendered":"<p>Krep\u0161elis Remove item Thumbnail image Product Price Quantity Subtotal &times; Jolywood NIWA Pro JW-HD108N (420 W, N-type, Bifacial, Black Frame) 48,00&nbsp;&euro; Jolywood NIWA Pro JW-HD108N (420 W, N-type, Bifacial, Black Frame) quantity 48,00&nbsp;&euro; Atnaujinti krep\u0161el\u012f Krep\u0161elio skai\u010diavimas Subtotal 48,00&nbsp;&euro; Shipping Nemokamas pristatymas Shipping options will be updated during checkout. Calculate shipping Country \/ region: Select [&hellip;]<\/p>","protected":false},"author":1,"featured_media":87,"parent":0,"menu_order":0,"comment_status":"closed","ping_status":"closed","template":"","meta":{"inline_featured_image":false,"footnotes":""},"class_list":["post-84","page","type-page","status-publish","has-post-thumbnail","hentry"],"yoast_head":"<!-- This site is optimized with the Yoast SEO plugin v24.8 - https:\/\/yoast.com\/wordpress\/plugins\/seo\/ -->\n<title>Krep\u0161elis - BALTSOLAR<\/title>\n<meta name=\"robots\" content=\"index, follow, max-snippet:-1, max-image-preview:large, max-video-preview:-1\" \/>\n<link rel=\"canonical\" href=\"https:\/\/baltsolar.lt\/en\/krepselis\/\" \/>\n<meta property=\"og:locale\" content=\"en_US\" \/>\n<meta property=\"og:type\" content=\"article\" \/>\n<meta property=\"og:title\" content=\"Krep\u0161elis - BALTSOLAR\" \/>\n<meta property=\"og:description\" content=\"Krep\u0161elis Remove item Thumbnail image Product Price Quantity Subtotal &times; Jolywood NIWA Pro JW-HD108N (420 W, N-type, Bifacial, Black Frame) 48,00&nbsp;&euro; Jolywood NIWA Pro JW-HD108N (420 W, N-type, Bifacial, Black Frame) quantity 48,00&nbsp;&euro; Atnaujinti krep\u0161el\u012f Krep\u0161elio skai\u010diavimas Subtotal 48,00&nbsp;&euro; Shipping Nemokamas pristatymas Shipping options will be updated during checkout. Calculate shipping Country \/ region: Select [&hellip;]\" \/>\n<meta property=\"og:url\" content=\"https:\/\/baltsolar.lt\/en\/krepselis\/\" \/>\n<meta property=\"og:site_name\" content=\"BALTSOLAR\" \/>\n<meta property=\"article:modified_time\" content=\"2024-10-02T15:11:05+00:00\" \/>\n<meta property=\"og:image\" content=\"https:\/\/baltsolar.lt\/wp-content\/uploads\/2023\/03\/Cart-01082022.jpg\" \/>\n\t<meta property=\"og:image:width\" content=\"400\" \/>\n\t<meta property=\"og:image:height\" content=\"380\" \/>\n\t<meta property=\"og:image:type\" content=\"image\/jpeg\" \/>\n<meta name=\"twitter:card\" content=\"summary_large_image\" \/>\n<meta name=\"twitter:label1\" content=\"Est. reading time\" \/>\n\t<meta name=\"twitter:data1\" content=\"1 minute\" \/>\n<script type=\"application\/ld+json\" class=\"yoast-schema-graph\">{\"@context\":\"https:\/\/schema.org\",\"@graph\":[{\"@type\":\"WebPage\",\"@id\":\"https:\/\/baltsolar.lt\/krepselis\/\",\"url\":\"https:\/\/baltsolar.lt\/krepselis\/\",\"name\":\"Krep\u0161elis - BALTSOLAR\",\"isPartOf\":{\"@id\":\"https:\/\/baltsolar.lt\/#website\"},\"primaryImageOfPage\":{\"@id\":\"https:\/\/baltsolar.lt\/krepselis\/#primaryimage\"},\"image\":{\"@id\":\"https:\/\/baltsolar.lt\/krepselis\/#primaryimage\"},\"thumbnailUrl\":\"https:\/\/baltsolar.lt\/wp-content\/uploads\/2023\/03\/Cart-01082022.jpg\",\"datePublished\":\"2023-03-03T09:44:54+00:00\",\"dateModified\":\"2024-10-02T15:11:05+00:00\",\"breadcrumb\":{\"@id\":\"https:\/\/baltsolar.lt\/krepselis\/#breadcrumb\"},\"inLanguage\":\"en-US\",\"potentialAction\":[{\"@type\":\"ReadAction\",\"target\":[\"https:\/\/baltsolar.lt\/krepselis\/\"]}]},{\"@type\":\"ImageObject\",\"inLanguage\":\"en-US\",\"@id\":\"https:\/\/baltsolar.lt\/krepselis\/#primaryimage\",\"url\":\"https:\/\/baltsolar.lt\/wp-content\/uploads\/2023\/03\/Cart-01082022.jpg\",\"contentUrl\":\"https:\/\/baltsolar.lt\/wp-content\/uploads\/2023\/03\/Cart-01082022.jpg\",\"width\":400,\"height\":380},{\"@type\":\"BreadcrumbList\",\"@id\":\"https:\/\/baltsolar.lt\/krepselis\/#breadcrumb\",\"itemListElement\":[{\"@type\":\"ListItem\",\"position\":1,\"name\":\"Home\",\"item\":\"https:\/\/baltsolar.lt\/\"},{\"@type\":\"ListItem\",\"position\":2,\"name\":\"Krep\u0161elis\"}]},{\"@type\":\"WebSite\",\"@id\":\"https:\/\/baltsolar.lt\/#website\",\"url\":\"https:\/\/baltsolar.lt\/\",\"name\":\"BALTSOLAR\",\"description\":\"\",\"publisher\":{\"@id\":\"https:\/\/baltsolar.lt\/#organization\"},\"potentialAction\":[{\"@type\":\"SearchAction\",\"target\":{\"@type\":\"EntryPoint\",\"urlTemplate\":\"https:\/\/baltsolar.lt\/?s={search_term_string}\"},\"query-input\":{\"@type\":\"PropertyValueSpecification\",\"valueRequired\":true,\"valueName\":\"search_term_string\"}}],\"inLanguage\":\"en-US\"},{\"@type\":\"Organization\",\"@id\":\"https:\/\/baltsolar.lt\/#organization\",\"name\":\"BALTSOLAR\",\"url\":\"https:\/\/baltsolar.lt\/\",\"logo\":{\"@type\":\"ImageObject\",\"inLanguage\":\"en-US\",\"@id\":\"https:\/\/baltsolar.lt\/#\/schema\/logo\/image\/\",\"url\":\"https:\/\/baltsolar.lt\/wp-content\/uploads\/2023\/03\/BALTSOLAR_LOGO.svg\",\"contentUrl\":\"https:\/\/baltsolar.lt\/wp-content\/uploads\/2023\/03\/BALTSOLAR_LOGO.svg\",\"width\":447,\"height\":139,\"caption\":\"BALTSOLAR\"},\"image\":{\"@id\":\"https:\/\/baltsolar.lt\/#\/schema\/logo\/image\/\"}}]}<\/script>\n<!-- \/ Yoast SEO plugin. -->","yoast_head_json":{"title":"Krep\u0161elis - BALTSOLAR","robots":{"index":"index","follow":"follow","max-snippet":"max-snippet:-1","max-image-preview":"max-image-preview:large","max-video-preview":"max-video-preview:-1"},"canonical":"https:\/\/baltsolar.lt\/en\/krepselis\/","og_locale":"en_US","og_type":"article","og_title":"Krep\u0161elis - BALTSOLAR","og_description":"Krep\u0161elis Remove item Thumbnail image Product Price Quantity Subtotal &times; Jolywood NIWA Pro JW-HD108N (420 W, N-type, Bifacial, Black Frame) 48,00&nbsp;&euro; Jolywood NIWA Pro JW-HD108N (420 W, N-type, Bifacial, Black Frame) quantity 48,00&nbsp;&euro; Atnaujinti krep\u0161el\u012f Krep\u0161elio skai\u010diavimas Subtotal 48,00&nbsp;&euro; Shipping Nemokamas pristatymas Shipping options will be updated during checkout. Calculate shipping Country \/ region: Select [&hellip;]","og_url":"https:\/\/baltsolar.lt\/en\/krepselis\/","og_site_name":"BALTSOLAR","article_modified_time":"2024-10-02T15:11:05+00:00","og_image":[{"width":400,"height":380,"url":"https:\/\/baltsolar.lt\/wp-content\/uploads\/2023\/03\/Cart-01082022.jpg","type":"image\/jpeg"}],"twitter_card":"summary_large_image","twitter_misc":{"Est. reading time":"1 minute"},"schema":{"@context":"https:\/\/schema.org","@graph":[{"@type":"WebPage","@id":"https:\/\/baltsolar.lt\/krepselis\/","url":"https:\/\/baltsolar.lt\/krepselis\/","name":"Krep\u0161elis - BALTSOLAR","isPartOf":{"@id":"https:\/\/baltsolar.lt\/#website"},"primaryImageOfPage":{"@id":"https:\/\/baltsolar.lt\/krepselis\/#primaryimage"},"image":{"@id":"https:\/\/baltsolar.lt\/krepselis\/#primaryimage"},"thumbnailUrl":"https:\/\/baltsolar.lt\/wp-content\/uploads\/2023\/03\/Cart-01082022.jpg","datePublished":"2023-03-03T09:44:54+00:00","dateModified":"2024-10-02T15:11:05+00:00","breadcrumb":{"@id":"https:\/\/baltsolar.lt\/krepselis\/#breadcrumb"},"inLanguage":"en-US","potentialAction":[{"@type":"ReadAction","target":["https:\/\/baltsolar.lt\/krepselis\/"]}]},{"@type":"ImageObject","inLanguage":"en-US","@id":"https:\/\/baltsolar.lt\/krepselis\/#primaryimage","url":"https:\/\/baltsolar.lt\/wp-content\/uploads\/2023\/03\/Cart-01082022.jpg","contentUrl":"https:\/\/baltsolar.lt\/wp-content\/uploads\/2023\/03\/Cart-01082022.jpg","width":400,"height":380},{"@type":"BreadcrumbList","@id":"https:\/\/baltsolar.lt\/krepselis\/#breadcrumb","itemListElement":[{"@type":"ListItem","position":1,"name":"Home","item":"https:\/\/baltsolar.lt\/"},{"@type":"ListItem","position":2,"name":"Krep\u0161elis"}]},{"@type":"WebSite","@id":"https:\/\/baltsolar.lt\/#website","url":"https:\/\/baltsolar.lt\/","name":"BALTSOLAR","description":"","publisher":{"@id":"https:\/\/baltsolar.lt\/#organization"},"potentialAction":[{"@type":"SearchAction","target":{"@type":"EntryPoint","urlTemplate":"https:\/\/baltsolar.lt\/?s={search_term_string}"},"query-input":{"@type":"PropertyValueSpecification","valueRequired":true,"valueName":"search_term_string"}}],"inLanguage":"en-US"},{"@type":"Organization","@id":"https:\/\/baltsolar.lt\/#organization","name":"BALTSOLAR","url":"https:\/\/baltsolar.lt\/","logo":{"@type":"ImageObject","inLanguage":"en-US","@id":"https:\/\/baltsolar.lt\/#\/schema\/logo\/image\/","url":"https:\/\/baltsolar.lt\/wp-content\/uploads\/2023\/03\/BALTSOLAR_LOGO.svg","contentUrl":"https:\/\/baltsolar.lt\/wp-content\/uploads\/2023\/03\/BALTSOLAR_LOGO.svg","width":447,"height":139,"caption":"BALTSOLAR"},"image":{"@id":"https:\/\/baltsolar.lt\/#\/schema\/logo\/image\/"}}]}},"_links":{"self":[{"href":"https:\/\/baltsolar.lt\/en\/wp-json\/wp\/v2\/pages\/84","targetHints":{"allow":["GET"]}}],"collection":[{"href":"https:\/\/baltsolar.lt\/en\/wp-json\/wp\/v2\/pages"}],"about":[{"href":"https:\/\/baltsolar.lt\/en\/wp-json\/wp\/v2\/types\/page"}],"author":[{"embeddable":true,"href":"https:\/\/baltsolar.lt\/en\/wp-json\/wp\/v2\/users\/1"}],"replies":[{"embeddable":true,"href":"https:\/\/baltsolar.lt\/en\/wp-json\/wp\/v2\/comments?post=84"}],"version-history":[{"count":0,"href":"https:\/\/baltsolar.lt\/en\/wp-json\/wp\/v2\/pages\/84\/revisions"}],"wp:featuredmedia":[{"embeddable":true,"href":"https:\/\/baltsolar.lt\/en\/wp-json\/wp\/v2\/media\/87"}],"wp:attachment":[{"href":"https:\/\/baltsolar.lt\/en\/wp-json\/wp\/v2\/media?parent=84"}],"curies":[{"name":"wp","href":"https:\/\/api.w.org\/{rel}","templated":true}]}}