{"id":1223,"date":"2023-03-14T12:45:51","date_gmt":"2023-03-14T10:45:51","guid":{"rendered":"https:\/\/baltsolar.lt\/?post_type=product&#038;p=1223"},"modified":"2023-03-14T13:20:39","modified_gmt":"2023-03-14T11:20:39","slug":"samsung-silumos-siurblys-oras-vanduo-ehs-mono-ht-quiet-12","status":"publish","type":"product","link":"https:\/\/baltsolar.lt\/en\/product\/samsung-silumos-siurblys-oras-vanduo-ehs-mono-ht-quiet-12\/","title":{"rendered":"Samsung Heating Pump EHS Mono HT Quiet 12"},"content":{"rendered":"<p>SAMSUNG introduces its EHS Mono HT Quiet to serve the growing home renovation market and expand offerings for new projects. This premium heating solution seamlessly integrates, adding style and elegance to various facades, from renovated buildings to luxury homes. In addition, it provides an added sense of ease and comfort to consumers and homeowners as it meets all household heating needs while operating quietly in the background.<\/p>\n<p>EHS Mono HT Quiet is a heat pump system that ensures efficient energy consumption for heating (SCOP* A+++) and hot water for your home. 75% of the energy used by the heat pump is renewable, making it a very sustainable energy solution.<\/p>","protected":false},"excerpt":{"rendered":"<ul>\n<li>Power: 12kW<\/li>\n<li>Warranty: 5y<\/li>\n<li>Little noise<\/li>\n<li>Aesthetic design<\/li>\n<\/ul>","protected":false},"featured_media":1240,"template":"","meta":{"inline_featured_image":false},"product_brand":[],"product_cat":[60,31,58],"product_tag":[],"berocket_brand":[74],"class_list":{"0":"post-1223","1":"product","2":"type-product","3":"status-publish","4":"has-post-thumbnail","6":"product_cat-oras-vanduo-sistemos","7":"product_cat-sildymo-sistemos","8":"product_cat-silumos-siurbliai","9":"pa_elektros-ivadas-trifazis","10":"pa_galingumas-12kw","11":"berocket_brand-samsung","13":"first","14":"onbackorder","15":"taxable","16":"shipping-taxable","17":"purchasable","18":"product-type-simple"},"yoast_head":"<!-- This site is optimized with the Yoast SEO plugin v24.8 - https:\/\/yoast.com\/wordpress\/plugins\/seo\/ -->\n<title>Samsung \u0161ilumos siurblys oras-vanduo EHS Mono HT Quiet 12 - BALTSOLAR<\/title>\n<meta name=\"robots\" content=\"index, follow, max-snippet:-1, max-image-preview:large, max-video-preview:-1\" \/>\n<link rel=\"canonical\" href=\"https:\/\/baltsolar.lt\/en\/product\/samsung-silumos-siurblys-oras-vanduo-ehs-mono-ht-quiet-12\/\" \/>\n<meta property=\"og:locale\" content=\"en_US\" \/>\n<meta property=\"og:type\" content=\"article\" \/>\n<meta property=\"og:title\" content=\"Samsung \u0161ilumos siurblys oras-vanduo EHS Mono HT Quiet 12 - BALTSOLAR\" \/>\n<meta property=\"og:description\" content=\"Galingumas: 12kW  Garantija: 5m  Ma\u017eas triuk\u0161mas  Esteti\u0161kas dizainas\" \/>\n<meta property=\"og:url\" content=\"https:\/\/baltsolar.lt\/en\/product\/samsung-silumos-siurblys-oras-vanduo-ehs-mono-ht-quiet-12\/\" \/>\n<meta property=\"og:site_name\" content=\"BALTSOLAR\" \/>\n<meta property=\"article:modified_time\" content=\"2023-03-14T11:20:39+00:00\" \/>\n<meta property=\"og:image\" content=\"https:\/\/baltsolar.lt\/wp-content\/uploads\/2023\/03\/EHS-Mono-HTLN-silumos-siurblys-oras-vanduo-BaltSolar.jpg\" \/>\n\t<meta property=\"og:image:width\" content=\"800\" \/>\n\t<meta property=\"og:image:height\" content=\"1000\" \/>\n\t<meta property=\"og:image:type\" content=\"image\/jpeg\" \/>\n<meta name=\"twitter:card\" content=\"summary_large_image\" \/>\n<meta name=\"twitter:label1\" content=\"Est. reading time\" \/>\n\t<meta name=\"twitter:data1\" content=\"1 minute\" \/>\n<script type=\"application\/ld+json\" class=\"yoast-schema-graph\">{\"@context\":\"https:\/\/schema.org\",\"@graph\":[{\"@type\":\"WebPage\",\"@id\":\"https:\/\/baltsolar.lt\/produktas\/samsung-silumos-siurblys-oras-vanduo-ehs-mono-ht-quiet-12\/\",\"url\":\"https:\/\/baltsolar.lt\/produktas\/samsung-silumos-siurblys-oras-vanduo-ehs-mono-ht-quiet-12\/\",\"name\":\"Samsung \u0161ilumos siurblys oras-vanduo EHS Mono HT Quiet 12 - BALTSOLAR\",\"isPartOf\":{\"@id\":\"https:\/\/baltsolar.lt\/#website\"},\"primaryImageOfPage\":{\"@id\":\"https:\/\/baltsolar.lt\/produktas\/samsung-silumos-siurblys-oras-vanduo-ehs-mono-ht-quiet-12\/#primaryimage\"},\"image\":{\"@id\":\"https:\/\/baltsolar.lt\/produktas\/samsung-silumos-siurblys-oras-vanduo-ehs-mono-ht-quiet-12\/#primaryimage\"},\"thumbnailUrl\":\"https:\/\/baltsolar.lt\/wp-content\/uploads\/2023\/03\/EHS-Mono-HTLN-silumos-siurblys-oras-vanduo-BaltSolar.jpg\",\"datePublished\":\"2023-03-14T10:45:51+00:00\",\"dateModified\":\"2023-03-14T11:20:39+00:00\",\"breadcrumb\":{\"@id\":\"https:\/\/baltsolar.lt\/produktas\/samsung-silumos-siurblys-oras-vanduo-ehs-mono-ht-quiet-12\/#breadcrumb\"},\"inLanguage\":\"en-US\",\"potentialAction\":[{\"@type\":\"ReadAction\",\"target\":[\"https:\/\/baltsolar.lt\/produktas\/samsung-silumos-siurblys-oras-vanduo-ehs-mono-ht-quiet-12\/\"]}]},{\"@type\":\"ImageObject\",\"inLanguage\":\"en-US\",\"@id\":\"https:\/\/baltsolar.lt\/produktas\/samsung-silumos-siurblys-oras-vanduo-ehs-mono-ht-quiet-12\/#primaryimage\",\"url\":\"https:\/\/baltsolar.lt\/wp-content\/uploads\/2023\/03\/EHS-Mono-HTLN-silumos-siurblys-oras-vanduo-BaltSolar.jpg\",\"contentUrl\":\"https:\/\/baltsolar.lt\/wp-content\/uploads\/2023\/03\/EHS-Mono-HTLN-silumos-siurblys-oras-vanduo-BaltSolar.jpg\",\"width\":800,\"height\":1000},{\"@type\":\"BreadcrumbList\",\"@id\":\"https:\/\/baltsolar.lt\/produktas\/samsung-silumos-siurblys-oras-vanduo-ehs-mono-ht-quiet-12\/#breadcrumb\",\"itemListElement\":[{\"@type\":\"ListItem\",\"position\":1,\"name\":\"Home\",\"item\":\"https:\/\/baltsolar.lt\/\"},{\"@type\":\"ListItem\",\"position\":2,\"name\":\"Produkt\u0173 katalogas\",\"item\":\"https:\/\/baltsolar.lt\/katalogas\/\"},{\"@type\":\"ListItem\",\"position\":3,\"name\":\"Samsung \u0161ilumos siurblys oras-vanduo EHS Mono HT Quiet 12\"}]},{\"@type\":\"WebSite\",\"@id\":\"https:\/\/baltsolar.lt\/#website\",\"url\":\"https:\/\/baltsolar.lt\/\",\"name\":\"BALTSOLAR\",\"description\":\"\",\"publisher\":{\"@id\":\"https:\/\/baltsolar.lt\/#organization\"},\"potentialAction\":[{\"@type\":\"SearchAction\",\"target\":{\"@type\":\"EntryPoint\",\"urlTemplate\":\"https:\/\/baltsolar.lt\/?s={search_term_string}\"},\"query-input\":{\"@type\":\"PropertyValueSpecification\",\"valueRequired\":true,\"valueName\":\"search_term_string\"}}],\"inLanguage\":\"en-US\"},{\"@type\":\"Organization\",\"@id\":\"https:\/\/baltsolar.lt\/#organization\",\"name\":\"BALTSOLAR\",\"url\":\"https:\/\/baltsolar.lt\/\",\"logo\":{\"@type\":\"ImageObject\",\"inLanguage\":\"en-US\",\"@id\":\"https:\/\/baltsolar.lt\/#\/schema\/logo\/image\/\",\"url\":\"https:\/\/baltsolar.lt\/wp-content\/uploads\/2023\/03\/BALTSOLAR_LOGO.svg\",\"contentUrl\":\"https:\/\/baltsolar.lt\/wp-content\/uploads\/2023\/03\/BALTSOLAR_LOGO.svg\",\"width\":447,\"height\":139,\"caption\":\"BALTSOLAR\"},\"image\":{\"@id\":\"https:\/\/baltsolar.lt\/#\/schema\/logo\/image\/\"}}]}<\/script>\n<!-- \/ Yoast SEO plugin. -->","yoast_head_json":{"title":"Samsung \u0161ilumos siurblys oras-vanduo EHS Mono HT Quiet 12 - BALTSOLAR","robots":{"index":"index","follow":"follow","max-snippet":"max-snippet:-1","max-image-preview":"max-image-preview:large","max-video-preview":"max-video-preview:-1"},"canonical":"https:\/\/baltsolar.lt\/en\/product\/samsung-silumos-siurblys-oras-vanduo-ehs-mono-ht-quiet-12\/","og_locale":"en_US","og_type":"article","og_title":"Samsung \u0161ilumos siurblys oras-vanduo EHS Mono HT Quiet 12 - BALTSOLAR","og_description":"Galingumas: 12kW  Garantija: 5m  Ma\u017eas triuk\u0161mas  Esteti\u0161kas dizainas","og_url":"https:\/\/baltsolar.lt\/en\/product\/samsung-silumos-siurblys-oras-vanduo-ehs-mono-ht-quiet-12\/","og_site_name":"BALTSOLAR","article_modified_time":"2023-03-14T11:20:39+00:00","og_image":[{"width":800,"height":1000,"url":"https:\/\/baltsolar.lt\/wp-content\/uploads\/2023\/03\/EHS-Mono-HTLN-silumos-siurblys-oras-vanduo-BaltSolar.jpg","type":"image\/jpeg"}],"twitter_card":"summary_large_image","twitter_misc":{"Est. reading time":"1 minute"},"schema":{"@context":"https:\/\/schema.org","@graph":[{"@type":"WebPage","@id":"https:\/\/baltsolar.lt\/produktas\/samsung-silumos-siurblys-oras-vanduo-ehs-mono-ht-quiet-12\/","url":"https:\/\/baltsolar.lt\/produktas\/samsung-silumos-siurblys-oras-vanduo-ehs-mono-ht-quiet-12\/","name":"Samsung \u0161ilumos siurblys oras-vanduo EHS Mono HT Quiet 12 - BALTSOLAR","isPartOf":{"@id":"https:\/\/baltsolar.lt\/#website"},"primaryImageOfPage":{"@id":"https:\/\/baltsolar.lt\/produktas\/samsung-silumos-siurblys-oras-vanduo-ehs-mono-ht-quiet-12\/#primaryimage"},"image":{"@id":"https:\/\/baltsolar.lt\/produktas\/samsung-silumos-siurblys-oras-vanduo-ehs-mono-ht-quiet-12\/#primaryimage"},"thumbnailUrl":"https:\/\/baltsolar.lt\/wp-content\/uploads\/2023\/03\/EHS-Mono-HTLN-silumos-siurblys-oras-vanduo-BaltSolar.jpg","datePublished":"2023-03-14T10:45:51+00:00","dateModified":"2023-03-14T11:20:39+00:00","breadcrumb":{"@id":"https:\/\/baltsolar.lt\/produktas\/samsung-silumos-siurblys-oras-vanduo-ehs-mono-ht-quiet-12\/#breadcrumb"},"inLanguage":"en-US","potentialAction":[{"@type":"ReadAction","target":["https:\/\/baltsolar.lt\/produktas\/samsung-silumos-siurblys-oras-vanduo-ehs-mono-ht-quiet-12\/"]}]},{"@type":"ImageObject","inLanguage":"en-US","@id":"https:\/\/baltsolar.lt\/produktas\/samsung-silumos-siurblys-oras-vanduo-ehs-mono-ht-quiet-12\/#primaryimage","url":"https:\/\/baltsolar.lt\/wp-content\/uploads\/2023\/03\/EHS-Mono-HTLN-silumos-siurblys-oras-vanduo-BaltSolar.jpg","contentUrl":"https:\/\/baltsolar.lt\/wp-content\/uploads\/2023\/03\/EHS-Mono-HTLN-silumos-siurblys-oras-vanduo-BaltSolar.jpg","width":800,"height":1000},{"@type":"BreadcrumbList","@id":"https:\/\/baltsolar.lt\/produktas\/samsung-silumos-siurblys-oras-vanduo-ehs-mono-ht-quiet-12\/#breadcrumb","itemListElement":[{"@type":"ListItem","position":1,"name":"Home","item":"https:\/\/baltsolar.lt\/"},{"@type":"ListItem","position":2,"name":"Produkt\u0173 katalogas","item":"https:\/\/baltsolar.lt\/katalogas\/"},{"@type":"ListItem","position":3,"name":"Samsung \u0161ilumos siurblys oras-vanduo EHS Mono HT Quiet 12"}]},{"@type":"WebSite","@id":"https:\/\/baltsolar.lt\/#website","url":"https:\/\/baltsolar.lt\/","name":"BALTSOLAR","description":"","publisher":{"@id":"https:\/\/baltsolar.lt\/#organization"},"potentialAction":[{"@type":"SearchAction","target":{"@type":"EntryPoint","urlTemplate":"https:\/\/baltsolar.lt\/?s={search_term_string}"},"query-input":{"@type":"PropertyValueSpecification","valueRequired":true,"valueName":"search_term_string"}}],"inLanguage":"en-US"},{"@type":"Organization","@id":"https:\/\/baltsolar.lt\/#organization","name":"BALTSOLAR","url":"https:\/\/baltsolar.lt\/","logo":{"@type":"ImageObject","inLanguage":"en-US","@id":"https:\/\/baltsolar.lt\/#\/schema\/logo\/image\/","url":"https:\/\/baltsolar.lt\/wp-content\/uploads\/2023\/03\/BALTSOLAR_LOGO.svg","contentUrl":"https:\/\/baltsolar.lt\/wp-content\/uploads\/2023\/03\/BALTSOLAR_LOGO.svg","width":447,"height":139,"caption":"BALTSOLAR"},"image":{"@id":"https:\/\/baltsolar.lt\/#\/schema\/logo\/image\/"}}]}},"_links":{"self":[{"href":"https:\/\/baltsolar.lt\/en\/wp-json\/wp\/v2\/product\/1223","targetHints":{"allow":["GET"]}}],"collection":[{"href":"https:\/\/baltsolar.lt\/en\/wp-json\/wp\/v2\/product"}],"about":[{"href":"https:\/\/baltsolar.lt\/en\/wp-json\/wp\/v2\/types\/product"}],"wp:featuredmedia":[{"embeddable":true,"href":"https:\/\/baltsolar.lt\/en\/wp-json\/wp\/v2\/media\/1240"}],"wp:attachment":[{"href":"https:\/\/baltsolar.lt\/en\/wp-json\/wp\/v2\/media?parent=1223"}],"wp:term":[{"taxonomy":"product_brand","embeddable":true,"href":"https:\/\/baltsolar.lt\/en\/wp-json\/wp\/v2\/product_brand?post=1223"},{"taxonomy":"product_cat","embeddable":true,"href":"https:\/\/baltsolar.lt\/en\/wp-json\/wp\/v2\/product_cat?post=1223"},{"taxonomy":"product_tag","embeddable":true,"href":"https:\/\/baltsolar.lt\/en\/wp-json\/wp\/v2\/product_tag?post=1223"},{"taxonomy":"berocket_brand","embeddable":true,"href":"https:\/\/baltsolar.lt\/en\/wp-json\/wp\/v2\/berocket_brand?post=1223"}],"curies":[{"name":"wp","href":"https:\/\/api.w.org\/{rel}","templated":true}]}}