{"id":135,"date":"2023-03-03T09:45:34","date_gmt":"2023-03-03T07:45:34","guid":{"rendered":"http:\/\/doron"},"modified":"2023-04-07T12:12:58","modified_gmt":"2023-04-07T09:12:58","slug":"kabelis-h1z2z2-k-1x4-dca-juodas","status":"publish","type":"product","link":"https:\/\/baltsolar.lt\/en\/product\/kabelis-h1z2z2-k-1x4-dca-juodas\/","title":{"rendered":"Kabelis H1Z2Z2-K 1&#215;4 Dca juodas"},"content":{"rendered":"","protected":false},"excerpt":{"rendered":"<ul>\n<li>Cable for PV panels mounting H1Z2Z2-K 1x4, Black<\/li>\n<li>Conductor material: Copper<\/li>\n<\/ul>","protected":false},"featured_media":430,"template":"","meta":{"inline_featured_image":false},"product_brand":[],"product_cat":[30,54],"product_tag":[110],"berocket_brand":[],"class_list":{"0":"post-135","1":"product","2":"type-product","3":"status-publish","4":"has-post-thumbnail","6":"product_cat-saules-elektrines","7":"product_cat-instaliacines-medziagos","8":"product_tag-yra-sandelyje","10":"first","11":"instock","12":"taxable","13":"shipping-taxable","14":"purchasable","15":"product-type-simple"},"yoast_head":"<!-- This site is optimized with the Yoast SEO plugin v24.8 - https:\/\/yoast.com\/wordpress\/plugins\/seo\/ -->\n<title>Kabelis H1Z2Z2-K 1x4 Dca juodas - BALTSOLAR<\/title>\n<meta name=\"robots\" content=\"index, follow, max-snippet:-1, max-image-preview:large, max-video-preview:-1\" \/>\n<link rel=\"canonical\" href=\"https:\/\/baltsolar.lt\/en\/product\/kabelis-h1z2z2-k-1x4-dca-juodas\/\" \/>\n<meta property=\"og:locale\" content=\"en_US\" \/>\n<meta property=\"og:type\" content=\"article\" \/>\n<meta property=\"og:title\" content=\"Kabelis H1Z2Z2-K 1x4 Dca juodas - BALTSOLAR\" \/>\n<meta property=\"og:description\" content=\"Kabelis saul\u0117s elektrin\u0117ms H1Z2Z2-K 1x4, Juodas.  Laidininko med\u017eiaga: Varinis\" \/>\n<meta property=\"og:url\" content=\"https:\/\/baltsolar.lt\/en\/product\/kabelis-h1z2z2-k-1x4-dca-juodas\/\" \/>\n<meta property=\"og:site_name\" content=\"BALTSOLAR\" \/>\n<meta property=\"article:modified_time\" content=\"2023-04-07T09:12:58+00:00\" \/>\n<meta property=\"og:image\" content=\"https:\/\/baltsolar.lt\/wp-content\/uploads\/2023\/03\/Kabelis-H1Z2Z2-K-1x4-Dca-juodas-BaltSolar.jpg\" \/>\n\t<meta property=\"og:image:width\" content=\"650\" \/>\n\t<meta property=\"og:image:height\" content=\"835\" \/>\n\t<meta property=\"og:image:type\" content=\"image\/jpeg\" \/>\n<meta name=\"twitter:card\" content=\"summary_large_image\" \/>\n<script type=\"application\/ld+json\" class=\"yoast-schema-graph\">{\"@context\":\"https:\/\/schema.org\",\"@graph\":[{\"@type\":\"WebPage\",\"@id\":\"https:\/\/baltsolar.lt\/produktas\/kabelis-h1z2z2-k-1x4-dca-juodas\/\",\"url\":\"https:\/\/baltsolar.lt\/produktas\/kabelis-h1z2z2-k-1x4-dca-juodas\/\",\"name\":\"Kabelis H1Z2Z2-K 1x4 Dca juodas - BALTSOLAR\",\"isPartOf\":{\"@id\":\"https:\/\/baltsolar.lt\/#website\"},\"primaryImageOfPage\":{\"@id\":\"https:\/\/baltsolar.lt\/produktas\/kabelis-h1z2z2-k-1x4-dca-juodas\/#primaryimage\"},\"image\":{\"@id\":\"https:\/\/baltsolar.lt\/produktas\/kabelis-h1z2z2-k-1x4-dca-juodas\/#primaryimage\"},\"thumbnailUrl\":\"https:\/\/baltsolar.lt\/wp-content\/uploads\/2023\/03\/Kabelis-H1Z2Z2-K-1x4-Dca-juodas-BaltSolar.jpg\",\"datePublished\":\"2023-03-03T07:45:34+00:00\",\"dateModified\":\"2023-04-07T09:12:58+00:00\",\"breadcrumb\":{\"@id\":\"https:\/\/baltsolar.lt\/produktas\/kabelis-h1z2z2-k-1x4-dca-juodas\/#breadcrumb\"},\"inLanguage\":\"en-US\",\"potentialAction\":[{\"@type\":\"ReadAction\",\"target\":[\"https:\/\/baltsolar.lt\/produktas\/kabelis-h1z2z2-k-1x4-dca-juodas\/\"]}]},{\"@type\":\"ImageObject\",\"inLanguage\":\"en-US\",\"@id\":\"https:\/\/baltsolar.lt\/produktas\/kabelis-h1z2z2-k-1x4-dca-juodas\/#primaryimage\",\"url\":\"https:\/\/baltsolar.lt\/wp-content\/uploads\/2023\/03\/Kabelis-H1Z2Z2-K-1x4-Dca-juodas-BaltSolar.jpg\",\"contentUrl\":\"https:\/\/baltsolar.lt\/wp-content\/uploads\/2023\/03\/Kabelis-H1Z2Z2-K-1x4-Dca-juodas-BaltSolar.jpg\",\"width\":650,\"height\":835},{\"@type\":\"BreadcrumbList\",\"@id\":\"https:\/\/baltsolar.lt\/produktas\/kabelis-h1z2z2-k-1x4-dca-juodas\/#breadcrumb\",\"itemListElement\":[{\"@type\":\"ListItem\",\"position\":1,\"name\":\"Home\",\"item\":\"https:\/\/baltsolar.lt\/\"},{\"@type\":\"ListItem\",\"position\":2,\"name\":\"Produkt\u0173 katalogas\",\"item\":\"https:\/\/baltsolar.lt\/katalogas\/\"},{\"@type\":\"ListItem\",\"position\":3,\"name\":\"Kabelis H1Z2Z2-K 1&#215;4 Dca juodas\"}]},{\"@type\":\"WebSite\",\"@id\":\"https:\/\/baltsolar.lt\/#website\",\"url\":\"https:\/\/baltsolar.lt\/\",\"name\":\"BALTSOLAR\",\"description\":\"\",\"publisher\":{\"@id\":\"https:\/\/baltsolar.lt\/#organization\"},\"potentialAction\":[{\"@type\":\"SearchAction\",\"target\":{\"@type\":\"EntryPoint\",\"urlTemplate\":\"https:\/\/baltsolar.lt\/?s={search_term_string}\"},\"query-input\":{\"@type\":\"PropertyValueSpecification\",\"valueRequired\":true,\"valueName\":\"search_term_string\"}}],\"inLanguage\":\"en-US\"},{\"@type\":\"Organization\",\"@id\":\"https:\/\/baltsolar.lt\/#organization\",\"name\":\"BALTSOLAR\",\"url\":\"https:\/\/baltsolar.lt\/\",\"logo\":{\"@type\":\"ImageObject\",\"inLanguage\":\"en-US\",\"@id\":\"https:\/\/baltsolar.lt\/#\/schema\/logo\/image\/\",\"url\":\"https:\/\/baltsolar.lt\/wp-content\/uploads\/2023\/03\/BALTSOLAR_LOGO.svg\",\"contentUrl\":\"https:\/\/baltsolar.lt\/wp-content\/uploads\/2023\/03\/BALTSOLAR_LOGO.svg\",\"width\":447,\"height\":139,\"caption\":\"BALTSOLAR\"},\"image\":{\"@id\":\"https:\/\/baltsolar.lt\/#\/schema\/logo\/image\/\"}}]}<\/script>\n<!-- \/ Yoast SEO plugin. -->","yoast_head_json":{"title":"Kabelis H1Z2Z2-K 1x4 Dca juodas - BALTSOLAR","robots":{"index":"index","follow":"follow","max-snippet":"max-snippet:-1","max-image-preview":"max-image-preview:large","max-video-preview":"max-video-preview:-1"},"canonical":"https:\/\/baltsolar.lt\/en\/product\/kabelis-h1z2z2-k-1x4-dca-juodas\/","og_locale":"en_US","og_type":"article","og_title":"Kabelis H1Z2Z2-K 1x4 Dca juodas - BALTSOLAR","og_description":"Kabelis saul\u0117s elektrin\u0117ms H1Z2Z2-K 1x4, Juodas.  Laidininko med\u017eiaga: Varinis","og_url":"https:\/\/baltsolar.lt\/en\/product\/kabelis-h1z2z2-k-1x4-dca-juodas\/","og_site_name":"BALTSOLAR","article_modified_time":"2023-04-07T09:12:58+00:00","og_image":[{"width":650,"height":835,"url":"https:\/\/baltsolar.lt\/wp-content\/uploads\/2023\/03\/Kabelis-H1Z2Z2-K-1x4-Dca-juodas-BaltSolar.jpg","type":"image\/jpeg"}],"twitter_card":"summary_large_image","schema":{"@context":"https:\/\/schema.org","@graph":[{"@type":"WebPage","@id":"https:\/\/baltsolar.lt\/produktas\/kabelis-h1z2z2-k-1x4-dca-juodas\/","url":"https:\/\/baltsolar.lt\/produktas\/kabelis-h1z2z2-k-1x4-dca-juodas\/","name":"Kabelis H1Z2Z2-K 1x4 Dca juodas - BALTSOLAR","isPartOf":{"@id":"https:\/\/baltsolar.lt\/#website"},"primaryImageOfPage":{"@id":"https:\/\/baltsolar.lt\/produktas\/kabelis-h1z2z2-k-1x4-dca-juodas\/#primaryimage"},"image":{"@id":"https:\/\/baltsolar.lt\/produktas\/kabelis-h1z2z2-k-1x4-dca-juodas\/#primaryimage"},"thumbnailUrl":"https:\/\/baltsolar.lt\/wp-content\/uploads\/2023\/03\/Kabelis-H1Z2Z2-K-1x4-Dca-juodas-BaltSolar.jpg","datePublished":"2023-03-03T07:45:34+00:00","dateModified":"2023-04-07T09:12:58+00:00","breadcrumb":{"@id":"https:\/\/baltsolar.lt\/produktas\/kabelis-h1z2z2-k-1x4-dca-juodas\/#breadcrumb"},"inLanguage":"en-US","potentialAction":[{"@type":"ReadAction","target":["https:\/\/baltsolar.lt\/produktas\/kabelis-h1z2z2-k-1x4-dca-juodas\/"]}]},{"@type":"ImageObject","inLanguage":"en-US","@id":"https:\/\/baltsolar.lt\/produktas\/kabelis-h1z2z2-k-1x4-dca-juodas\/#primaryimage","url":"https:\/\/baltsolar.lt\/wp-content\/uploads\/2023\/03\/Kabelis-H1Z2Z2-K-1x4-Dca-juodas-BaltSolar.jpg","contentUrl":"https:\/\/baltsolar.lt\/wp-content\/uploads\/2023\/03\/Kabelis-H1Z2Z2-K-1x4-Dca-juodas-BaltSolar.jpg","width":650,"height":835},{"@type":"BreadcrumbList","@id":"https:\/\/baltsolar.lt\/produktas\/kabelis-h1z2z2-k-1x4-dca-juodas\/#breadcrumb","itemListElement":[{"@type":"ListItem","position":1,"name":"Home","item":"https:\/\/baltsolar.lt\/"},{"@type":"ListItem","position":2,"name":"Produkt\u0173 katalogas","item":"https:\/\/baltsolar.lt\/katalogas\/"},{"@type":"ListItem","position":3,"name":"Kabelis H1Z2Z2-K 1&#215;4 Dca juodas"}]},{"@type":"WebSite","@id":"https:\/\/baltsolar.lt\/#website","url":"https:\/\/baltsolar.lt\/","name":"BALTSOLAR","description":"","publisher":{"@id":"https:\/\/baltsolar.lt\/#organization"},"potentialAction":[{"@type":"SearchAction","target":{"@type":"EntryPoint","urlTemplate":"https:\/\/baltsolar.lt\/?s={search_term_string}"},"query-input":{"@type":"PropertyValueSpecification","valueRequired":true,"valueName":"search_term_string"}}],"inLanguage":"en-US"},{"@type":"Organization","@id":"https:\/\/baltsolar.lt\/#organization","name":"BALTSOLAR","url":"https:\/\/baltsolar.lt\/","logo":{"@type":"ImageObject","inLanguage":"en-US","@id":"https:\/\/baltsolar.lt\/#\/schema\/logo\/image\/","url":"https:\/\/baltsolar.lt\/wp-content\/uploads\/2023\/03\/BALTSOLAR_LOGO.svg","contentUrl":"https:\/\/baltsolar.lt\/wp-content\/uploads\/2023\/03\/BALTSOLAR_LOGO.svg","width":447,"height":139,"caption":"BALTSOLAR"},"image":{"@id":"https:\/\/baltsolar.lt\/#\/schema\/logo\/image\/"}}]}},"_links":{"self":[{"href":"https:\/\/baltsolar.lt\/en\/wp-json\/wp\/v2\/product\/135","targetHints":{"allow":["GET"]}}],"collection":[{"href":"https:\/\/baltsolar.lt\/en\/wp-json\/wp\/v2\/product"}],"about":[{"href":"https:\/\/baltsolar.lt\/en\/wp-json\/wp\/v2\/types\/product"}],"wp:featuredmedia":[{"embeddable":true,"href":"https:\/\/baltsolar.lt\/en\/wp-json\/wp\/v2\/media\/430"}],"wp:attachment":[{"href":"https:\/\/baltsolar.lt\/en\/wp-json\/wp\/v2\/media?parent=135"}],"wp:term":[{"taxonomy":"product_brand","embeddable":true,"href":"https:\/\/baltsolar.lt\/en\/wp-json\/wp\/v2\/product_brand?post=135"},{"taxonomy":"product_cat","embeddable":true,"href":"https:\/\/baltsolar.lt\/en\/wp-json\/wp\/v2\/product_cat?post=135"},{"taxonomy":"product_tag","embeddable":true,"href":"https:\/\/baltsolar.lt\/en\/wp-json\/wp\/v2\/product_tag?post=135"},{"taxonomy":"berocket_brand","embeddable":true,"href":"https:\/\/baltsolar.lt\/en\/wp-json\/wp\/v2\/berocket_brand?post=135"}],"curies":[{"name":"wp","href":"https:\/\/api.w.org\/{rel}","templated":true}]}}