{"id":137,"date":"2023-03-03T09:45:34","date_gmt":"2023-03-03T07:45:34","guid":{"rendered":"http:\/\/doron"},"modified":"2023-04-07T12:12:54","modified_gmt":"2023-04-07T09:12:54","slug":"sl-efficient-priekine-koja-plokscio-stogo-konstrukcijai","status":"publish","type":"product","link":"https:\/\/baltsolar.lt\/en\/product\/sl-efficient-priekine-koja-plokscio-stogo-konstrukcijai\/","title":{"rendered":"SL Efficient front leg for flat roof construction"},"content":{"rendered":"","protected":false},"excerpt":{"rendered":"<p><span class=\"author-d-1gg9uz65z1iz85zgdz68zmqkz84zo2qowz80ziz66zhsz89zjz70zb3z79zz75z0m6i2z87zyz81z22x38z79zoz87z1tz65z\">Mounting angle: 15 degrees<\/span><\/p>\n<p>Made of aluminum, it is light, assembled without intervention in the roof covering, ensures high performance of installation work, convenient transportation. The complete system consists of front, middle and rear legs. Stainless steel nuts are pressed into the components. The bottom of the components is covered with a layer of felt. As a result, after the structure is installed, all the components tie together, ensuring the stability of the solar power plant.<\/p>","protected":false},"featured_media":428,"template":"","meta":{"inline_featured_image":false},"product_brand":[],"product_cat":[53,30,69],"product_tag":[110],"berocket_brand":[],"class_list":{"0":"post-137","1":"product","2":"type-product","3":"status-publish","4":"has-post-thumbnail","6":"product_cat-konstrukcines-medziagos","7":"product_cat-saules-elektrines","8":"product_cat-sl-efficient-montavimo-sistema-ploksciam-stogui","9":"product_tag-yra-sandelyje","11":"first","12":"instock","13":"taxable","14":"shipping-taxable","15":"purchasable","16":"product-type-simple"},"yoast_head":"<!-- This site is optimized with the Yoast SEO plugin v24.8 - https:\/\/yoast.com\/wordpress\/plugins\/seo\/ -->\n<title>SL Efficient priekin\u0117 koja plok\u0161\u010dio stogo konstrukcijai - BALTSOLAR<\/title>\n<meta name=\"robots\" content=\"index, follow, max-snippet:-1, max-image-preview:large, max-video-preview:-1\" \/>\n<link rel=\"canonical\" href=\"https:\/\/baltsolar.lt\/en\/product\/sl-efficient-priekine-koja-plokscio-stogo-konstrukcijai\/\" \/>\n<meta property=\"og:locale\" content=\"en_US\" \/>\n<meta property=\"og:type\" content=\"article\" \/>\n<meta property=\"og:title\" content=\"SL Efficient priekin\u0117 koja plok\u0161\u010dio stogo konstrukcijai - BALTSOLAR\" \/>\n<meta property=\"og:description\" content=\"Montavimo kampas: 15 laipsni\u0173  Pagaminta i\u0161 aliuminio, yra lengva, surenkama be intervencijos \u012f stogo dang\u0105, u\u017etikrina auk\u0161t\u0105 montavimo darb\u0173 na\u0161um\u0105, patog\u0173 transportavim\u0105. Piln\u0105 konstrukcij\u0105 sudaro priekin\u0117, vidurin\u0117, galin\u0117s kojos. Komponentuose \u012fpresuotos ner\u016bdyjan\u010dio plieno ver\u017el\u0117s. Komponent\u0173 apa\u010dia padengta veltinio sluoksniu. Sumontavus konstrukcij\u0105 rezultate visi komonentai \u201esusiri\u0161a\u201c tarpusavyje, u\u017etikrindami saul\u0117s j\u0117gain\u0117s stabilum\u0105.\" \/>\n<meta property=\"og:url\" content=\"https:\/\/baltsolar.lt\/en\/product\/sl-efficient-priekine-koja-plokscio-stogo-konstrukcijai\/\" \/>\n<meta property=\"og:site_name\" content=\"BALTSOLAR\" \/>\n<meta property=\"article:modified_time\" content=\"2023-04-07T09:12:54+00:00\" \/>\n<meta property=\"og:image\" content=\"https:\/\/baltsolar.lt\/wp-content\/uploads\/2023\/03\/SL-Efficient-priekine-koja-plokscio-stogo-konstrukcijai-BaltSolar.jpg\" \/>\n\t<meta property=\"og:image:width\" content=\"954\" \/>\n\t<meta property=\"og:image:height\" content=\"1098\" \/>\n\t<meta property=\"og:image:type\" content=\"image\/jpeg\" \/>\n<meta name=\"twitter:card\" content=\"summary_large_image\" \/>\n<script type=\"application\/ld+json\" class=\"yoast-schema-graph\">{\"@context\":\"https:\/\/schema.org\",\"@graph\":[{\"@type\":\"WebPage\",\"@id\":\"https:\/\/baltsolar.lt\/produktas\/sl-efficient-priekine-koja-plokscio-stogo-konstrukcijai\/\",\"url\":\"https:\/\/baltsolar.lt\/produktas\/sl-efficient-priekine-koja-plokscio-stogo-konstrukcijai\/\",\"name\":\"SL Efficient priekin\u0117 koja plok\u0161\u010dio stogo konstrukcijai - BALTSOLAR\",\"isPartOf\":{\"@id\":\"https:\/\/baltsolar.lt\/#website\"},\"primaryImageOfPage\":{\"@id\":\"https:\/\/baltsolar.lt\/produktas\/sl-efficient-priekine-koja-plokscio-stogo-konstrukcijai\/#primaryimage\"},\"image\":{\"@id\":\"https:\/\/baltsolar.lt\/produktas\/sl-efficient-priekine-koja-plokscio-stogo-konstrukcijai\/#primaryimage\"},\"thumbnailUrl\":\"https:\/\/baltsolar.lt\/wp-content\/uploads\/2023\/03\/SL-Efficient-priekine-koja-plokscio-stogo-konstrukcijai-BaltSolar.jpg\",\"datePublished\":\"2023-03-03T07:45:34+00:00\",\"dateModified\":\"2023-04-07T09:12:54+00:00\",\"breadcrumb\":{\"@id\":\"https:\/\/baltsolar.lt\/produktas\/sl-efficient-priekine-koja-plokscio-stogo-konstrukcijai\/#breadcrumb\"},\"inLanguage\":\"en-US\",\"potentialAction\":[{\"@type\":\"ReadAction\",\"target\":[\"https:\/\/baltsolar.lt\/produktas\/sl-efficient-priekine-koja-plokscio-stogo-konstrukcijai\/\"]}]},{\"@type\":\"ImageObject\",\"inLanguage\":\"en-US\",\"@id\":\"https:\/\/baltsolar.lt\/produktas\/sl-efficient-priekine-koja-plokscio-stogo-konstrukcijai\/#primaryimage\",\"url\":\"https:\/\/baltsolar.lt\/wp-content\/uploads\/2023\/03\/SL-Efficient-priekine-koja-plokscio-stogo-konstrukcijai-BaltSolar.jpg\",\"contentUrl\":\"https:\/\/baltsolar.lt\/wp-content\/uploads\/2023\/03\/SL-Efficient-priekine-koja-plokscio-stogo-konstrukcijai-BaltSolar.jpg\",\"width\":954,\"height\":1098},{\"@type\":\"BreadcrumbList\",\"@id\":\"https:\/\/baltsolar.lt\/produktas\/sl-efficient-priekine-koja-plokscio-stogo-konstrukcijai\/#breadcrumb\",\"itemListElement\":[{\"@type\":\"ListItem\",\"position\":1,\"name\":\"Home\",\"item\":\"https:\/\/baltsolar.lt\/\"},{\"@type\":\"ListItem\",\"position\":2,\"name\":\"Produkt\u0173 katalogas\",\"item\":\"https:\/\/baltsolar.lt\/katalogas\/\"},{\"@type\":\"ListItem\",\"position\":3,\"name\":\"SL Efficient priekin\u0117 koja plok\u0161\u010dio stogo konstrukcijai\"}]},{\"@type\":\"WebSite\",\"@id\":\"https:\/\/baltsolar.lt\/#website\",\"url\":\"https:\/\/baltsolar.lt\/\",\"name\":\"BALTSOLAR\",\"description\":\"\",\"publisher\":{\"@id\":\"https:\/\/baltsolar.lt\/#organization\"},\"potentialAction\":[{\"@type\":\"SearchAction\",\"target\":{\"@type\":\"EntryPoint\",\"urlTemplate\":\"https:\/\/baltsolar.lt\/?s={search_term_string}\"},\"query-input\":{\"@type\":\"PropertyValueSpecification\",\"valueRequired\":true,\"valueName\":\"search_term_string\"}}],\"inLanguage\":\"en-US\"},{\"@type\":\"Organization\",\"@id\":\"https:\/\/baltsolar.lt\/#organization\",\"name\":\"BALTSOLAR\",\"url\":\"https:\/\/baltsolar.lt\/\",\"logo\":{\"@type\":\"ImageObject\",\"inLanguage\":\"en-US\",\"@id\":\"https:\/\/baltsolar.lt\/#\/schema\/logo\/image\/\",\"url\":\"https:\/\/baltsolar.lt\/wp-content\/uploads\/2023\/03\/BALTSOLAR_LOGO.svg\",\"contentUrl\":\"https:\/\/baltsolar.lt\/wp-content\/uploads\/2023\/03\/BALTSOLAR_LOGO.svg\",\"width\":447,\"height\":139,\"caption\":\"BALTSOLAR\"},\"image\":{\"@id\":\"https:\/\/baltsolar.lt\/#\/schema\/logo\/image\/\"}}]}<\/script>\n<!-- \/ Yoast SEO plugin. -->","yoast_head_json":{"title":"SL Efficient priekin\u0117 koja plok\u0161\u010dio stogo konstrukcijai - BALTSOLAR","robots":{"index":"index","follow":"follow","max-snippet":"max-snippet:-1","max-image-preview":"max-image-preview:large","max-video-preview":"max-video-preview:-1"},"canonical":"https:\/\/baltsolar.lt\/en\/product\/sl-efficient-priekine-koja-plokscio-stogo-konstrukcijai\/","og_locale":"en_US","og_type":"article","og_title":"SL Efficient priekin\u0117 koja plok\u0161\u010dio stogo konstrukcijai - BALTSOLAR","og_description":"Montavimo kampas: 15 laipsni\u0173  Pagaminta i\u0161 aliuminio, yra lengva, surenkama be intervencijos \u012f stogo dang\u0105, u\u017etikrina auk\u0161t\u0105 montavimo darb\u0173 na\u0161um\u0105, patog\u0173 transportavim\u0105. Piln\u0105 konstrukcij\u0105 sudaro priekin\u0117, vidurin\u0117, galin\u0117s kojos. Komponentuose \u012fpresuotos ner\u016bdyjan\u010dio plieno ver\u017el\u0117s. Komponent\u0173 apa\u010dia padengta veltinio sluoksniu. Sumontavus konstrukcij\u0105 rezultate visi komonentai \u201esusiri\u0161a\u201c tarpusavyje, u\u017etikrindami saul\u0117s j\u0117gain\u0117s stabilum\u0105.","og_url":"https:\/\/baltsolar.lt\/en\/product\/sl-efficient-priekine-koja-plokscio-stogo-konstrukcijai\/","og_site_name":"BALTSOLAR","article_modified_time":"2023-04-07T09:12:54+00:00","og_image":[{"width":954,"height":1098,"url":"https:\/\/baltsolar.lt\/wp-content\/uploads\/2023\/03\/SL-Efficient-priekine-koja-plokscio-stogo-konstrukcijai-BaltSolar.jpg","type":"image\/jpeg"}],"twitter_card":"summary_large_image","schema":{"@context":"https:\/\/schema.org","@graph":[{"@type":"WebPage","@id":"https:\/\/baltsolar.lt\/produktas\/sl-efficient-priekine-koja-plokscio-stogo-konstrukcijai\/","url":"https:\/\/baltsolar.lt\/produktas\/sl-efficient-priekine-koja-plokscio-stogo-konstrukcijai\/","name":"SL Efficient priekin\u0117 koja plok\u0161\u010dio stogo konstrukcijai - BALTSOLAR","isPartOf":{"@id":"https:\/\/baltsolar.lt\/#website"},"primaryImageOfPage":{"@id":"https:\/\/baltsolar.lt\/produktas\/sl-efficient-priekine-koja-plokscio-stogo-konstrukcijai\/#primaryimage"},"image":{"@id":"https:\/\/baltsolar.lt\/produktas\/sl-efficient-priekine-koja-plokscio-stogo-konstrukcijai\/#primaryimage"},"thumbnailUrl":"https:\/\/baltsolar.lt\/wp-content\/uploads\/2023\/03\/SL-Efficient-priekine-koja-plokscio-stogo-konstrukcijai-BaltSolar.jpg","datePublished":"2023-03-03T07:45:34+00:00","dateModified":"2023-04-07T09:12:54+00:00","breadcrumb":{"@id":"https:\/\/baltsolar.lt\/produktas\/sl-efficient-priekine-koja-plokscio-stogo-konstrukcijai\/#breadcrumb"},"inLanguage":"en-US","potentialAction":[{"@type":"ReadAction","target":["https:\/\/baltsolar.lt\/produktas\/sl-efficient-priekine-koja-plokscio-stogo-konstrukcijai\/"]}]},{"@type":"ImageObject","inLanguage":"en-US","@id":"https:\/\/baltsolar.lt\/produktas\/sl-efficient-priekine-koja-plokscio-stogo-konstrukcijai\/#primaryimage","url":"https:\/\/baltsolar.lt\/wp-content\/uploads\/2023\/03\/SL-Efficient-priekine-koja-plokscio-stogo-konstrukcijai-BaltSolar.jpg","contentUrl":"https:\/\/baltsolar.lt\/wp-content\/uploads\/2023\/03\/SL-Efficient-priekine-koja-plokscio-stogo-konstrukcijai-BaltSolar.jpg","width":954,"height":1098},{"@type":"BreadcrumbList","@id":"https:\/\/baltsolar.lt\/produktas\/sl-efficient-priekine-koja-plokscio-stogo-konstrukcijai\/#breadcrumb","itemListElement":[{"@type":"ListItem","position":1,"name":"Home","item":"https:\/\/baltsolar.lt\/"},{"@type":"ListItem","position":2,"name":"Produkt\u0173 katalogas","item":"https:\/\/baltsolar.lt\/katalogas\/"},{"@type":"ListItem","position":3,"name":"SL Efficient priekin\u0117 koja plok\u0161\u010dio stogo konstrukcijai"}]},{"@type":"WebSite","@id":"https:\/\/baltsolar.lt\/#website","url":"https:\/\/baltsolar.lt\/","name":"BALTSOLAR","description":"","publisher":{"@id":"https:\/\/baltsolar.lt\/#organization"},"potentialAction":[{"@type":"SearchAction","target":{"@type":"EntryPoint","urlTemplate":"https:\/\/baltsolar.lt\/?s={search_term_string}"},"query-input":{"@type":"PropertyValueSpecification","valueRequired":true,"valueName":"search_term_string"}}],"inLanguage":"en-US"},{"@type":"Organization","@id":"https:\/\/baltsolar.lt\/#organization","name":"BALTSOLAR","url":"https:\/\/baltsolar.lt\/","logo":{"@type":"ImageObject","inLanguage":"en-US","@id":"https:\/\/baltsolar.lt\/#\/schema\/logo\/image\/","url":"https:\/\/baltsolar.lt\/wp-content\/uploads\/2023\/03\/BALTSOLAR_LOGO.svg","contentUrl":"https:\/\/baltsolar.lt\/wp-content\/uploads\/2023\/03\/BALTSOLAR_LOGO.svg","width":447,"height":139,"caption":"BALTSOLAR"},"image":{"@id":"https:\/\/baltsolar.lt\/#\/schema\/logo\/image\/"}}]}},"_links":{"self":[{"href":"https:\/\/baltsolar.lt\/en\/wp-json\/wp\/v2\/product\/137","targetHints":{"allow":["GET"]}}],"collection":[{"href":"https:\/\/baltsolar.lt\/en\/wp-json\/wp\/v2\/product"}],"about":[{"href":"https:\/\/baltsolar.lt\/en\/wp-json\/wp\/v2\/types\/product"}],"wp:featuredmedia":[{"embeddable":true,"href":"https:\/\/baltsolar.lt\/en\/wp-json\/wp\/v2\/media\/428"}],"wp:attachment":[{"href":"https:\/\/baltsolar.lt\/en\/wp-json\/wp\/v2\/media?parent=137"}],"wp:term":[{"taxonomy":"product_brand","embeddable":true,"href":"https:\/\/baltsolar.lt\/en\/wp-json\/wp\/v2\/product_brand?post=137"},{"taxonomy":"product_cat","embeddable":true,"href":"https:\/\/baltsolar.lt\/en\/wp-json\/wp\/v2\/product_cat?post=137"},{"taxonomy":"product_tag","embeddable":true,"href":"https:\/\/baltsolar.lt\/en\/wp-json\/wp\/v2\/product_tag?post=137"},{"taxonomy":"berocket_brand","embeddable":true,"href":"https:\/\/baltsolar.lt\/en\/wp-json\/wp\/v2\/berocket_brand?post=137"}],"curies":[{"name":"wp","href":"https:\/\/api.w.org\/{rel}","templated":true}]}}