{"id":139,"date":"2023-03-03T09:45:35","date_gmt":"2023-03-03T07:45:35","guid":{"rendered":"http:\/\/doron"},"modified":"2023-04-07T12:12:49","modified_gmt":"2023-04-07T09:12:49","slug":"galinis-moduliu-laikiklis-30mm-juodas","status":"publish","type":"product","link":"https:\/\/baltsolar.lt\/en\/product\/galinis-moduliu-laikiklis-30mm-juodas\/","title":{"rendered":"Module end clamp, 30mm, black"},"content":{"rendered":"","protected":false},"excerpt":{"rendered":"<p>Black End-Clamp bracket for 30mm high modules.<\/p>\n<ul>\n<li>Height: 30mm<\/li>\n<li>Color: Black<\/li>\n<\/ul>","protected":false},"featured_media":426,"template":"","meta":{"inline_featured_image":false},"product_brand":[],"product_cat":[68,67,53,65,30,69,63,64,66],"product_tag":[110],"berocket_brand":[],"class_list":{"0":"post-139","1":"product","2":"type-product","3":"status-publish","4":"has-post-thumbnail","6":"product_cat-cerpes-profilio-skardos-stogui","7":"product_cat-lygiai-valcuotos-skardos-stogui","8":"product_cat-konstrukcines-medziagos","9":"product_cat-banguoto-laksto-stogui","10":"product_cat-saules-elektrines","11":"product_cat-sl-efficient-montavimo-sistema-ploksciam-stogui","12":"product_cat-slaitiniam-bitumines-dangos-stogui","13":"product_cat-slaitiniam-cerpiu-stogui","14":"product_cat-trapecines-skardos-stogui","15":"product_tag-yra-sandelyje","17":"first","18":"instock","19":"taxable","20":"shipping-taxable","21":"purchasable","22":"product-type-simple"},"yoast_head":"<!-- This site is optimized with the Yoast SEO plugin v24.8 - https:\/\/yoast.com\/wordpress\/plugins\/seo\/ -->\n<title>Galinis moduli\u0173 laikiklis 30mm, juodas - BALTSOLAR<\/title>\n<meta name=\"robots\" content=\"index, follow, max-snippet:-1, max-image-preview:large, max-video-preview:-1\" \/>\n<link rel=\"canonical\" href=\"https:\/\/baltsolar.lt\/en\/product\/galinis-moduliu-laikiklis-30mm-juodas\/\" \/>\n<meta property=\"og:locale\" content=\"en_US\" \/>\n<meta property=\"og:type\" content=\"article\" \/>\n<meta property=\"og:title\" content=\"Galinis moduli\u0173 laikiklis 30mm, juodas - BALTSOLAR\" \/>\n<meta property=\"og:description\" content=\"Juodas galinis laikiklis 30mm auk\u0161\u010dio moduliams.   Auk\u0161tis: 30mm  Spalva: Juodas\" \/>\n<meta property=\"og:url\" content=\"https:\/\/baltsolar.lt\/en\/product\/galinis-moduliu-laikiklis-30mm-juodas\/\" \/>\n<meta property=\"og:site_name\" content=\"BALTSOLAR\" \/>\n<meta property=\"article:modified_time\" content=\"2023-04-07T09:12:49+00:00\" \/>\n<meta property=\"og:image\" content=\"https:\/\/baltsolar.lt\/wp-content\/uploads\/2023\/03\/Galinis-moduliu-laikiklis-30mm-juodas-BaltSolar.jpg\" \/>\n\t<meta property=\"og:image:width\" content=\"465\" \/>\n\t<meta property=\"og:image:height\" content=\"541\" \/>\n\t<meta property=\"og:image:type\" content=\"image\/jpeg\" \/>\n<meta name=\"twitter:card\" content=\"summary_large_image\" \/>\n<script type=\"application\/ld+json\" class=\"yoast-schema-graph\">{\"@context\":\"https:\/\/schema.org\",\"@graph\":[{\"@type\":\"WebPage\",\"@id\":\"https:\/\/baltsolar.lt\/produktas\/galinis-moduliu-laikiklis-30mm-juodas\/\",\"url\":\"https:\/\/baltsolar.lt\/produktas\/galinis-moduliu-laikiklis-30mm-juodas\/\",\"name\":\"Galinis moduli\u0173 laikiklis 30mm, juodas - BALTSOLAR\",\"isPartOf\":{\"@id\":\"https:\/\/baltsolar.lt\/#website\"},\"primaryImageOfPage\":{\"@id\":\"https:\/\/baltsolar.lt\/produktas\/galinis-moduliu-laikiklis-30mm-juodas\/#primaryimage\"},\"image\":{\"@id\":\"https:\/\/baltsolar.lt\/produktas\/galinis-moduliu-laikiklis-30mm-juodas\/#primaryimage\"},\"thumbnailUrl\":\"https:\/\/baltsolar.lt\/wp-content\/uploads\/2023\/03\/Galinis-moduliu-laikiklis-30mm-juodas-BaltSolar.jpg\",\"datePublished\":\"2023-03-03T07:45:35+00:00\",\"dateModified\":\"2023-04-07T09:12:49+00:00\",\"breadcrumb\":{\"@id\":\"https:\/\/baltsolar.lt\/produktas\/galinis-moduliu-laikiklis-30mm-juodas\/#breadcrumb\"},\"inLanguage\":\"en-US\",\"potentialAction\":[{\"@type\":\"ReadAction\",\"target\":[\"https:\/\/baltsolar.lt\/produktas\/galinis-moduliu-laikiklis-30mm-juodas\/\"]}]},{\"@type\":\"ImageObject\",\"inLanguage\":\"en-US\",\"@id\":\"https:\/\/baltsolar.lt\/produktas\/galinis-moduliu-laikiklis-30mm-juodas\/#primaryimage\",\"url\":\"https:\/\/baltsolar.lt\/wp-content\/uploads\/2023\/03\/Galinis-moduliu-laikiklis-30mm-juodas-BaltSolar.jpg\",\"contentUrl\":\"https:\/\/baltsolar.lt\/wp-content\/uploads\/2023\/03\/Galinis-moduliu-laikiklis-30mm-juodas-BaltSolar.jpg\",\"width\":465,\"height\":541},{\"@type\":\"BreadcrumbList\",\"@id\":\"https:\/\/baltsolar.lt\/produktas\/galinis-moduliu-laikiklis-30mm-juodas\/#breadcrumb\",\"itemListElement\":[{\"@type\":\"ListItem\",\"position\":1,\"name\":\"Home\",\"item\":\"https:\/\/baltsolar.lt\/\"},{\"@type\":\"ListItem\",\"position\":2,\"name\":\"Produkt\u0173 katalogas\",\"item\":\"https:\/\/baltsolar.lt\/katalogas\/\"},{\"@type\":\"ListItem\",\"position\":3,\"name\":\"Galinis moduli\u0173 laikiklis 30mm, juodas\"}]},{\"@type\":\"WebSite\",\"@id\":\"https:\/\/baltsolar.lt\/#website\",\"url\":\"https:\/\/baltsolar.lt\/\",\"name\":\"BALTSOLAR\",\"description\":\"\",\"publisher\":{\"@id\":\"https:\/\/baltsolar.lt\/#organization\"},\"potentialAction\":[{\"@type\":\"SearchAction\",\"target\":{\"@type\":\"EntryPoint\",\"urlTemplate\":\"https:\/\/baltsolar.lt\/?s={search_term_string}\"},\"query-input\":{\"@type\":\"PropertyValueSpecification\",\"valueRequired\":true,\"valueName\":\"search_term_string\"}}],\"inLanguage\":\"en-US\"},{\"@type\":\"Organization\",\"@id\":\"https:\/\/baltsolar.lt\/#organization\",\"name\":\"BALTSOLAR\",\"url\":\"https:\/\/baltsolar.lt\/\",\"logo\":{\"@type\":\"ImageObject\",\"inLanguage\":\"en-US\",\"@id\":\"https:\/\/baltsolar.lt\/#\/schema\/logo\/image\/\",\"url\":\"https:\/\/baltsolar.lt\/wp-content\/uploads\/2023\/03\/BALTSOLAR_LOGO.svg\",\"contentUrl\":\"https:\/\/baltsolar.lt\/wp-content\/uploads\/2023\/03\/BALTSOLAR_LOGO.svg\",\"width\":447,\"height\":139,\"caption\":\"BALTSOLAR\"},\"image\":{\"@id\":\"https:\/\/baltsolar.lt\/#\/schema\/logo\/image\/\"}}]}<\/script>\n<!-- \/ Yoast SEO plugin. -->","yoast_head_json":{"title":"Galinis moduli\u0173 laikiklis 30mm, juodas - BALTSOLAR","robots":{"index":"index","follow":"follow","max-snippet":"max-snippet:-1","max-image-preview":"max-image-preview:large","max-video-preview":"max-video-preview:-1"},"canonical":"https:\/\/baltsolar.lt\/en\/product\/galinis-moduliu-laikiklis-30mm-juodas\/","og_locale":"en_US","og_type":"article","og_title":"Galinis moduli\u0173 laikiklis 30mm, juodas - BALTSOLAR","og_description":"Juodas galinis laikiklis 30mm auk\u0161\u010dio moduliams.   Auk\u0161tis: 30mm  Spalva: Juodas","og_url":"https:\/\/baltsolar.lt\/en\/product\/galinis-moduliu-laikiklis-30mm-juodas\/","og_site_name":"BALTSOLAR","article_modified_time":"2023-04-07T09:12:49+00:00","og_image":[{"width":465,"height":541,"url":"https:\/\/baltsolar.lt\/wp-content\/uploads\/2023\/03\/Galinis-moduliu-laikiklis-30mm-juodas-BaltSolar.jpg","type":"image\/jpeg"}],"twitter_card":"summary_large_image","schema":{"@context":"https:\/\/schema.org","@graph":[{"@type":"WebPage","@id":"https:\/\/baltsolar.lt\/produktas\/galinis-moduliu-laikiklis-30mm-juodas\/","url":"https:\/\/baltsolar.lt\/produktas\/galinis-moduliu-laikiklis-30mm-juodas\/","name":"Galinis moduli\u0173 laikiklis 30mm, juodas - BALTSOLAR","isPartOf":{"@id":"https:\/\/baltsolar.lt\/#website"},"primaryImageOfPage":{"@id":"https:\/\/baltsolar.lt\/produktas\/galinis-moduliu-laikiklis-30mm-juodas\/#primaryimage"},"image":{"@id":"https:\/\/baltsolar.lt\/produktas\/galinis-moduliu-laikiklis-30mm-juodas\/#primaryimage"},"thumbnailUrl":"https:\/\/baltsolar.lt\/wp-content\/uploads\/2023\/03\/Galinis-moduliu-laikiklis-30mm-juodas-BaltSolar.jpg","datePublished":"2023-03-03T07:45:35+00:00","dateModified":"2023-04-07T09:12:49+00:00","breadcrumb":{"@id":"https:\/\/baltsolar.lt\/produktas\/galinis-moduliu-laikiklis-30mm-juodas\/#breadcrumb"},"inLanguage":"en-US","potentialAction":[{"@type":"ReadAction","target":["https:\/\/baltsolar.lt\/produktas\/galinis-moduliu-laikiklis-30mm-juodas\/"]}]},{"@type":"ImageObject","inLanguage":"en-US","@id":"https:\/\/baltsolar.lt\/produktas\/galinis-moduliu-laikiklis-30mm-juodas\/#primaryimage","url":"https:\/\/baltsolar.lt\/wp-content\/uploads\/2023\/03\/Galinis-moduliu-laikiklis-30mm-juodas-BaltSolar.jpg","contentUrl":"https:\/\/baltsolar.lt\/wp-content\/uploads\/2023\/03\/Galinis-moduliu-laikiklis-30mm-juodas-BaltSolar.jpg","width":465,"height":541},{"@type":"BreadcrumbList","@id":"https:\/\/baltsolar.lt\/produktas\/galinis-moduliu-laikiklis-30mm-juodas\/#breadcrumb","itemListElement":[{"@type":"ListItem","position":1,"name":"Home","item":"https:\/\/baltsolar.lt\/"},{"@type":"ListItem","position":2,"name":"Produkt\u0173 katalogas","item":"https:\/\/baltsolar.lt\/katalogas\/"},{"@type":"ListItem","position":3,"name":"Galinis moduli\u0173 laikiklis 30mm, juodas"}]},{"@type":"WebSite","@id":"https:\/\/baltsolar.lt\/#website","url":"https:\/\/baltsolar.lt\/","name":"BALTSOLAR","description":"","publisher":{"@id":"https:\/\/baltsolar.lt\/#organization"},"potentialAction":[{"@type":"SearchAction","target":{"@type":"EntryPoint","urlTemplate":"https:\/\/baltsolar.lt\/?s={search_term_string}"},"query-input":{"@type":"PropertyValueSpecification","valueRequired":true,"valueName":"search_term_string"}}],"inLanguage":"en-US"},{"@type":"Organization","@id":"https:\/\/baltsolar.lt\/#organization","name":"BALTSOLAR","url":"https:\/\/baltsolar.lt\/","logo":{"@type":"ImageObject","inLanguage":"en-US","@id":"https:\/\/baltsolar.lt\/#\/schema\/logo\/image\/","url":"https:\/\/baltsolar.lt\/wp-content\/uploads\/2023\/03\/BALTSOLAR_LOGO.svg","contentUrl":"https:\/\/baltsolar.lt\/wp-content\/uploads\/2023\/03\/BALTSOLAR_LOGO.svg","width":447,"height":139,"caption":"BALTSOLAR"},"image":{"@id":"https:\/\/baltsolar.lt\/#\/schema\/logo\/image\/"}}]}},"_links":{"self":[{"href":"https:\/\/baltsolar.lt\/en\/wp-json\/wp\/v2\/product\/139","targetHints":{"allow":["GET"]}}],"collection":[{"href":"https:\/\/baltsolar.lt\/en\/wp-json\/wp\/v2\/product"}],"about":[{"href":"https:\/\/baltsolar.lt\/en\/wp-json\/wp\/v2\/types\/product"}],"wp:featuredmedia":[{"embeddable":true,"href":"https:\/\/baltsolar.lt\/en\/wp-json\/wp\/v2\/media\/426"}],"wp:attachment":[{"href":"https:\/\/baltsolar.lt\/en\/wp-json\/wp\/v2\/media?parent=139"}],"wp:term":[{"taxonomy":"product_brand","embeddable":true,"href":"https:\/\/baltsolar.lt\/en\/wp-json\/wp\/v2\/product_brand?post=139"},{"taxonomy":"product_cat","embeddable":true,"href":"https:\/\/baltsolar.lt\/en\/wp-json\/wp\/v2\/product_cat?post=139"},{"taxonomy":"product_tag","embeddable":true,"href":"https:\/\/baltsolar.lt\/en\/wp-json\/wp\/v2\/product_tag?post=139"},{"taxonomy":"berocket_brand","embeddable":true,"href":"https:\/\/baltsolar.lt\/en\/wp-json\/wp\/v2\/berocket_brand?post=139"}],"curies":[{"name":"wp","href":"https:\/\/api.w.org\/{rel}","templated":true}]}}