{"id":141,"date":"2023-03-03T09:45:36","date_gmt":"2023-03-03T07:45:36","guid":{"rendered":"http:\/\/doron"},"modified":"2025-01-23T07:57:05","modified_gmt":"2025-01-23T05:57:05","slug":"aliuminio-profilis-saules-moduliu-montavimui-40x40-63m","status":"publish","type":"product","link":"https:\/\/baltsolar.lt\/en\/product\/aliuminio-profilis-saules-moduliu-montavimui-40x40-63m\/","title":{"rendered":"Aliuminio profilis saul\u0117s moduli\u0173 montavimui, 40&#215;40, 6 m"},"content":{"rendered":"","protected":false},"excerpt":{"rendered":"<p><span class=\"author-d-1gg9uz65z1iz85zgdz68zmqkz84zo2qowz80ziz66zhsz89zjz70zb3z79zz75z0m6i2z87zyz81z22x38z79zoz87z1tz65z\">Aluminum profile for mounting solar modules.<\/span><\/p>\n<ul>\n<li>Ilgis: 6 m<\/li>\n<li>Measurements: 40x40<\/li>\n<\/ul>","protected":false},"featured_media":424,"template":"","meta":{"inline_featured_image":false},"product_brand":[],"product_cat":[68,67,53,65,30,64],"product_tag":[110],"berocket_brand":[],"class_list":{"0":"post-141","1":"product","2":"type-product","3":"status-publish","4":"has-post-thumbnail","6":"product_cat-cerpes-profilio-skardos-stogui","7":"product_cat-lygiai-valcuotos-skardos-stogui","8":"product_cat-konstrukcines-medziagos","9":"product_cat-banguoto-laksto-stogui","10":"product_cat-saules-elektrines","11":"product_cat-slaitiniam-cerpiu-stogui","12":"product_tag-yra-sandelyje","14":"first","15":"instock","16":"taxable","17":"shipping-taxable","18":"purchasable","19":"product-type-simple"},"yoast_head":"<!-- This site is optimized with the Yoast SEO plugin v24.8 - https:\/\/yoast.com\/wordpress\/plugins\/seo\/ -->\n<title>Aliuminio profilis saul\u0117s moduli\u0173 montavimui, 40x40, 6 m - BALTSOLAR<\/title>\n<meta name=\"robots\" content=\"index, follow, max-snippet:-1, max-image-preview:large, max-video-preview:-1\" \/>\n<link rel=\"canonical\" href=\"https:\/\/baltsolar.lt\/en\/product\/aliuminio-profilis-saules-moduliu-montavimui-40x40-63m\/\" \/>\n<meta property=\"og:locale\" content=\"en_US\" \/>\n<meta property=\"og:type\" content=\"article\" \/>\n<meta property=\"og:title\" content=\"Aliuminio profilis saul\u0117s moduli\u0173 montavimui, 40x40, 6 m - BALTSOLAR\" \/>\n<meta property=\"og:description\" content=\"Aliuminio profilis saul\u0117s moduli\u0173 montavimui.   Ilgis: 6 m  I\u0161matavimai: 40x40\" \/>\n<meta property=\"og:url\" content=\"https:\/\/baltsolar.lt\/en\/product\/aliuminio-profilis-saules-moduliu-montavimui-40x40-63m\/\" \/>\n<meta property=\"og:site_name\" content=\"BALTSOLAR\" \/>\n<meta property=\"article:modified_time\" content=\"2025-01-23T05:57:05+00:00\" \/>\n<meta property=\"og:image\" content=\"https:\/\/baltsolar.lt\/wp-content\/uploads\/2023\/03\/Aliuminio-profilis-saules-moduliu-montavimui-40x40-6.3m-Balt-solar.jpg\" \/>\n\t<meta property=\"og:image:width\" content=\"667\" \/>\n\t<meta property=\"og:image:height\" content=\"738\" \/>\n\t<meta property=\"og:image:type\" content=\"image\/jpeg\" \/>\n<meta name=\"twitter:card\" content=\"summary_large_image\" \/>\n<script type=\"application\/ld+json\" class=\"yoast-schema-graph\">{\"@context\":\"https:\/\/schema.org\",\"@graph\":[{\"@type\":\"WebPage\",\"@id\":\"https:\/\/baltsolar.lt\/produktas\/aliuminio-profilis-saules-moduliu-montavimui-40x40-63m\/\",\"url\":\"https:\/\/baltsolar.lt\/produktas\/aliuminio-profilis-saules-moduliu-montavimui-40x40-63m\/\",\"name\":\"Aliuminio profilis saul\u0117s moduli\u0173 montavimui, 40x40, 6 m - BALTSOLAR\",\"isPartOf\":{\"@id\":\"https:\/\/baltsolar.lt\/#website\"},\"primaryImageOfPage\":{\"@id\":\"https:\/\/baltsolar.lt\/produktas\/aliuminio-profilis-saules-moduliu-montavimui-40x40-63m\/#primaryimage\"},\"image\":{\"@id\":\"https:\/\/baltsolar.lt\/produktas\/aliuminio-profilis-saules-moduliu-montavimui-40x40-63m\/#primaryimage\"},\"thumbnailUrl\":\"https:\/\/baltsolar.lt\/wp-content\/uploads\/2023\/03\/Aliuminio-profilis-saules-moduliu-montavimui-40x40-6.3m-Balt-solar.jpg\",\"datePublished\":\"2023-03-03T07:45:36+00:00\",\"dateModified\":\"2025-01-23T05:57:05+00:00\",\"breadcrumb\":{\"@id\":\"https:\/\/baltsolar.lt\/produktas\/aliuminio-profilis-saules-moduliu-montavimui-40x40-63m\/#breadcrumb\"},\"inLanguage\":\"en-US\",\"potentialAction\":[{\"@type\":\"ReadAction\",\"target\":[\"https:\/\/baltsolar.lt\/produktas\/aliuminio-profilis-saules-moduliu-montavimui-40x40-63m\/\"]}]},{\"@type\":\"ImageObject\",\"inLanguage\":\"en-US\",\"@id\":\"https:\/\/baltsolar.lt\/produktas\/aliuminio-profilis-saules-moduliu-montavimui-40x40-63m\/#primaryimage\",\"url\":\"https:\/\/baltsolar.lt\/wp-content\/uploads\/2023\/03\/Aliuminio-profilis-saules-moduliu-montavimui-40x40-6.3m-Balt-solar.jpg\",\"contentUrl\":\"https:\/\/baltsolar.lt\/wp-content\/uploads\/2023\/03\/Aliuminio-profilis-saules-moduliu-montavimui-40x40-6.3m-Balt-solar.jpg\",\"width\":667,\"height\":738},{\"@type\":\"BreadcrumbList\",\"@id\":\"https:\/\/baltsolar.lt\/produktas\/aliuminio-profilis-saules-moduliu-montavimui-40x40-63m\/#breadcrumb\",\"itemListElement\":[{\"@type\":\"ListItem\",\"position\":1,\"name\":\"Home\",\"item\":\"https:\/\/baltsolar.lt\/\"},{\"@type\":\"ListItem\",\"position\":2,\"name\":\"Produkt\u0173 katalogas\",\"item\":\"https:\/\/baltsolar.lt\/katalogas\/\"},{\"@type\":\"ListItem\",\"position\":3,\"name\":\"Aliuminio profilis saul\u0117s moduli\u0173 montavimui, 40&#215;40, 6 m\"}]},{\"@type\":\"WebSite\",\"@id\":\"https:\/\/baltsolar.lt\/#website\",\"url\":\"https:\/\/baltsolar.lt\/\",\"name\":\"BALTSOLAR\",\"description\":\"\",\"publisher\":{\"@id\":\"https:\/\/baltsolar.lt\/#organization\"},\"potentialAction\":[{\"@type\":\"SearchAction\",\"target\":{\"@type\":\"EntryPoint\",\"urlTemplate\":\"https:\/\/baltsolar.lt\/?s={search_term_string}\"},\"query-input\":{\"@type\":\"PropertyValueSpecification\",\"valueRequired\":true,\"valueName\":\"search_term_string\"}}],\"inLanguage\":\"en-US\"},{\"@type\":\"Organization\",\"@id\":\"https:\/\/baltsolar.lt\/#organization\",\"name\":\"BALTSOLAR\",\"url\":\"https:\/\/baltsolar.lt\/\",\"logo\":{\"@type\":\"ImageObject\",\"inLanguage\":\"en-US\",\"@id\":\"https:\/\/baltsolar.lt\/#\/schema\/logo\/image\/\",\"url\":\"https:\/\/baltsolar.lt\/wp-content\/uploads\/2023\/03\/BALTSOLAR_LOGO.svg\",\"contentUrl\":\"https:\/\/baltsolar.lt\/wp-content\/uploads\/2023\/03\/BALTSOLAR_LOGO.svg\",\"width\":447,\"height\":139,\"caption\":\"BALTSOLAR\"},\"image\":{\"@id\":\"https:\/\/baltsolar.lt\/#\/schema\/logo\/image\/\"}}]}<\/script>\n<!-- \/ Yoast SEO plugin. -->","yoast_head_json":{"title":"Aliuminio profilis saul\u0117s moduli\u0173 montavimui, 40x40, 6 m - BALTSOLAR","robots":{"index":"index","follow":"follow","max-snippet":"max-snippet:-1","max-image-preview":"max-image-preview:large","max-video-preview":"max-video-preview:-1"},"canonical":"https:\/\/baltsolar.lt\/en\/product\/aliuminio-profilis-saules-moduliu-montavimui-40x40-63m\/","og_locale":"en_US","og_type":"article","og_title":"Aliuminio profilis saul\u0117s moduli\u0173 montavimui, 40x40, 6 m - BALTSOLAR","og_description":"Aliuminio profilis saul\u0117s moduli\u0173 montavimui.   Ilgis: 6 m  I\u0161matavimai: 40x40","og_url":"https:\/\/baltsolar.lt\/en\/product\/aliuminio-profilis-saules-moduliu-montavimui-40x40-63m\/","og_site_name":"BALTSOLAR","article_modified_time":"2025-01-23T05:57:05+00:00","og_image":[{"width":667,"height":738,"url":"https:\/\/baltsolar.lt\/wp-content\/uploads\/2023\/03\/Aliuminio-profilis-saules-moduliu-montavimui-40x40-6.3m-Balt-solar.jpg","type":"image\/jpeg"}],"twitter_card":"summary_large_image","schema":{"@context":"https:\/\/schema.org","@graph":[{"@type":"WebPage","@id":"https:\/\/baltsolar.lt\/produktas\/aliuminio-profilis-saules-moduliu-montavimui-40x40-63m\/","url":"https:\/\/baltsolar.lt\/produktas\/aliuminio-profilis-saules-moduliu-montavimui-40x40-63m\/","name":"Aliuminio profilis saul\u0117s moduli\u0173 montavimui, 40x40, 6 m - BALTSOLAR","isPartOf":{"@id":"https:\/\/baltsolar.lt\/#website"},"primaryImageOfPage":{"@id":"https:\/\/baltsolar.lt\/produktas\/aliuminio-profilis-saules-moduliu-montavimui-40x40-63m\/#primaryimage"},"image":{"@id":"https:\/\/baltsolar.lt\/produktas\/aliuminio-profilis-saules-moduliu-montavimui-40x40-63m\/#primaryimage"},"thumbnailUrl":"https:\/\/baltsolar.lt\/wp-content\/uploads\/2023\/03\/Aliuminio-profilis-saules-moduliu-montavimui-40x40-6.3m-Balt-solar.jpg","datePublished":"2023-03-03T07:45:36+00:00","dateModified":"2025-01-23T05:57:05+00:00","breadcrumb":{"@id":"https:\/\/baltsolar.lt\/produktas\/aliuminio-profilis-saules-moduliu-montavimui-40x40-63m\/#breadcrumb"},"inLanguage":"en-US","potentialAction":[{"@type":"ReadAction","target":["https:\/\/baltsolar.lt\/produktas\/aliuminio-profilis-saules-moduliu-montavimui-40x40-63m\/"]}]},{"@type":"ImageObject","inLanguage":"en-US","@id":"https:\/\/baltsolar.lt\/produktas\/aliuminio-profilis-saules-moduliu-montavimui-40x40-63m\/#primaryimage","url":"https:\/\/baltsolar.lt\/wp-content\/uploads\/2023\/03\/Aliuminio-profilis-saules-moduliu-montavimui-40x40-6.3m-Balt-solar.jpg","contentUrl":"https:\/\/baltsolar.lt\/wp-content\/uploads\/2023\/03\/Aliuminio-profilis-saules-moduliu-montavimui-40x40-6.3m-Balt-solar.jpg","width":667,"height":738},{"@type":"BreadcrumbList","@id":"https:\/\/baltsolar.lt\/produktas\/aliuminio-profilis-saules-moduliu-montavimui-40x40-63m\/#breadcrumb","itemListElement":[{"@type":"ListItem","position":1,"name":"Home","item":"https:\/\/baltsolar.lt\/"},{"@type":"ListItem","position":2,"name":"Produkt\u0173 katalogas","item":"https:\/\/baltsolar.lt\/katalogas\/"},{"@type":"ListItem","position":3,"name":"Aliuminio profilis saul\u0117s moduli\u0173 montavimui, 40&#215;40, 6 m"}]},{"@type":"WebSite","@id":"https:\/\/baltsolar.lt\/#website","url":"https:\/\/baltsolar.lt\/","name":"BALTSOLAR","description":"","publisher":{"@id":"https:\/\/baltsolar.lt\/#organization"},"potentialAction":[{"@type":"SearchAction","target":{"@type":"EntryPoint","urlTemplate":"https:\/\/baltsolar.lt\/?s={search_term_string}"},"query-input":{"@type":"PropertyValueSpecification","valueRequired":true,"valueName":"search_term_string"}}],"inLanguage":"en-US"},{"@type":"Organization","@id":"https:\/\/baltsolar.lt\/#organization","name":"BALTSOLAR","url":"https:\/\/baltsolar.lt\/","logo":{"@type":"ImageObject","inLanguage":"en-US","@id":"https:\/\/baltsolar.lt\/#\/schema\/logo\/image\/","url":"https:\/\/baltsolar.lt\/wp-content\/uploads\/2023\/03\/BALTSOLAR_LOGO.svg","contentUrl":"https:\/\/baltsolar.lt\/wp-content\/uploads\/2023\/03\/BALTSOLAR_LOGO.svg","width":447,"height":139,"caption":"BALTSOLAR"},"image":{"@id":"https:\/\/baltsolar.lt\/#\/schema\/logo\/image\/"}}]}},"_links":{"self":[{"href":"https:\/\/baltsolar.lt\/en\/wp-json\/wp\/v2\/product\/141","targetHints":{"allow":["GET"]}}],"collection":[{"href":"https:\/\/baltsolar.lt\/en\/wp-json\/wp\/v2\/product"}],"about":[{"href":"https:\/\/baltsolar.lt\/en\/wp-json\/wp\/v2\/types\/product"}],"wp:featuredmedia":[{"embeddable":true,"href":"https:\/\/baltsolar.lt\/en\/wp-json\/wp\/v2\/media\/424"}],"wp:attachment":[{"href":"https:\/\/baltsolar.lt\/en\/wp-json\/wp\/v2\/media?parent=141"}],"wp:term":[{"taxonomy":"product_brand","embeddable":true,"href":"https:\/\/baltsolar.lt\/en\/wp-json\/wp\/v2\/product_brand?post=141"},{"taxonomy":"product_cat","embeddable":true,"href":"https:\/\/baltsolar.lt\/en\/wp-json\/wp\/v2\/product_cat?post=141"},{"taxonomy":"product_tag","embeddable":true,"href":"https:\/\/baltsolar.lt\/en\/wp-json\/wp\/v2\/product_tag?post=141"},{"taxonomy":"berocket_brand","embeddable":true,"href":"https:\/\/baltsolar.lt\/en\/wp-json\/wp\/v2\/berocket_brand?post=141"}],"curies":[{"name":"wp","href":"https:\/\/api.w.org\/{rel}","templated":true}]}}