{"id":1951,"date":"2023-09-07T14:02:19","date_gmt":"2023-09-07T11:02:19","guid":{"rendered":"https:\/\/baltsolar.lt\/?post_type=product&#038;p=1951"},"modified":"2023-09-13T11:07:20","modified_gmt":"2023-09-13T08:07:20","slug":"galinis-moduliu-laikiklis-32mm-sidabrinis","status":"publish","type":"product","link":"https:\/\/baltsolar.lt\/en\/product\/galinis-moduliu-laikiklis-32mm-sidabrinis\/","title":{"rendered":"End Clamp 32mm, silver"},"content":{"rendered":"","protected":false},"excerpt":{"rendered":"<p>Sidabrinis galinis laikiklis 32mm auk\u0161\u010dio moduliams.<\/p>\n<ul>\n<li>Auk\u0161tis: 32mm<\/li>\n<li>Spalva: sidabrinis<\/li>\n<\/ul>","protected":false},"featured_media":1950,"template":"","meta":{"inline_featured_image":false},"product_brand":[],"product_cat":[68,67,53,65,30,69,63,64,66],"product_tag":[110],"berocket_brand":[],"class_list":{"0":"post-1951","1":"product","2":"type-product","3":"status-publish","4":"has-post-thumbnail","6":"product_cat-cerpes-profilio-skardos-stogui","7":"product_cat-lygiai-valcuotos-skardos-stogui","8":"product_cat-konstrukcines-medziagos","9":"product_cat-banguoto-laksto-stogui","10":"product_cat-saules-elektrines","11":"product_cat-sl-efficient-montavimo-sistema-ploksciam-stogui","12":"product_cat-slaitiniam-bitumines-dangos-stogui","13":"product_cat-slaitiniam-cerpiu-stogui","14":"product_cat-trapecines-skardos-stogui","15":"product_tag-yra-sandelyje","17":"first","18":"instock","19":"taxable","20":"shipping-taxable","21":"purchasable","22":"product-type-simple"},"yoast_head":"<!-- This site is optimized with the Yoast SEO plugin v24.8 - https:\/\/yoast.com\/wordpress\/plugins\/seo\/ -->\n<title>Galinis moduli\u0173 laikiklis 32mm, sidabrinis - BALTSOLAR<\/title>\n<meta name=\"robots\" content=\"index, follow, max-snippet:-1, max-image-preview:large, max-video-preview:-1\" \/>\n<link rel=\"canonical\" href=\"https:\/\/baltsolar.lt\/en\/product\/galinis-moduliu-laikiklis-32mm-sidabrinis\/\" \/>\n<meta property=\"og:locale\" content=\"en_US\" \/>\n<meta property=\"og:type\" content=\"article\" \/>\n<meta property=\"og:title\" content=\"Galinis moduli\u0173 laikiklis 32mm, sidabrinis - BALTSOLAR\" \/>\n<meta property=\"og:description\" content=\"Sidabrinis galinis laikiklis 32mm auk\u0161\u010dio moduliams.   Auk\u0161tis: 32mm  Spalva: sidabrinis\" \/>\n<meta property=\"og:url\" content=\"https:\/\/baltsolar.lt\/en\/product\/galinis-moduliu-laikiklis-32mm-sidabrinis\/\" \/>\n<meta property=\"og:site_name\" content=\"BALTSOLAR\" \/>\n<meta property=\"article:modified_time\" content=\"2023-09-13T08:07:20+00:00\" \/>\n<meta property=\"og:image\" content=\"https:\/\/baltsolar.lt\/wp-content\/uploads\/2023\/09\/galinis-moduliu-laikiklis-sidabrinis.jpg\" \/>\n\t<meta property=\"og:image:width\" content=\"800\" \/>\n\t<meta property=\"og:image:height\" content=\"800\" \/>\n\t<meta property=\"og:image:type\" content=\"image\/jpeg\" \/>\n<meta name=\"twitter:card\" content=\"summary_large_image\" \/>\n<script type=\"application\/ld+json\" class=\"yoast-schema-graph\">{\"@context\":\"https:\/\/schema.org\",\"@graph\":[{\"@type\":\"WebPage\",\"@id\":\"https:\/\/baltsolar.lt\/produktas\/galinis-moduliu-laikiklis-32mm-sidabrinis\/\",\"url\":\"https:\/\/baltsolar.lt\/produktas\/galinis-moduliu-laikiklis-32mm-sidabrinis\/\",\"name\":\"Galinis moduli\u0173 laikiklis 32mm, sidabrinis - BALTSOLAR\",\"isPartOf\":{\"@id\":\"https:\/\/baltsolar.lt\/#website\"},\"primaryImageOfPage\":{\"@id\":\"https:\/\/baltsolar.lt\/produktas\/galinis-moduliu-laikiklis-32mm-sidabrinis\/#primaryimage\"},\"image\":{\"@id\":\"https:\/\/baltsolar.lt\/produktas\/galinis-moduliu-laikiklis-32mm-sidabrinis\/#primaryimage\"},\"thumbnailUrl\":\"https:\/\/baltsolar.lt\/wp-content\/uploads\/2023\/09\/galinis-moduliu-laikiklis-sidabrinis.jpg\",\"datePublished\":\"2023-09-07T11:02:19+00:00\",\"dateModified\":\"2023-09-13T08:07:20+00:00\",\"breadcrumb\":{\"@id\":\"https:\/\/baltsolar.lt\/produktas\/galinis-moduliu-laikiklis-32mm-sidabrinis\/#breadcrumb\"},\"inLanguage\":\"en-US\",\"potentialAction\":[{\"@type\":\"ReadAction\",\"target\":[\"https:\/\/baltsolar.lt\/produktas\/galinis-moduliu-laikiklis-32mm-sidabrinis\/\"]}]},{\"@type\":\"ImageObject\",\"inLanguage\":\"en-US\",\"@id\":\"https:\/\/baltsolar.lt\/produktas\/galinis-moduliu-laikiklis-32mm-sidabrinis\/#primaryimage\",\"url\":\"https:\/\/baltsolar.lt\/wp-content\/uploads\/2023\/09\/galinis-moduliu-laikiklis-sidabrinis.jpg\",\"contentUrl\":\"https:\/\/baltsolar.lt\/wp-content\/uploads\/2023\/09\/galinis-moduliu-laikiklis-sidabrinis.jpg\",\"width\":800,\"height\":800,\"caption\":\"Galinis moduli\u0173 laikiklis 30mm, sidabrinis\"},{\"@type\":\"BreadcrumbList\",\"@id\":\"https:\/\/baltsolar.lt\/produktas\/galinis-moduliu-laikiklis-32mm-sidabrinis\/#breadcrumb\",\"itemListElement\":[{\"@type\":\"ListItem\",\"position\":1,\"name\":\"Home\",\"item\":\"https:\/\/baltsolar.lt\/\"},{\"@type\":\"ListItem\",\"position\":2,\"name\":\"Produkt\u0173 katalogas\",\"item\":\"https:\/\/baltsolar.lt\/katalogas\/\"},{\"@type\":\"ListItem\",\"position\":3,\"name\":\"Galinis moduli\u0173 laikiklis 32mm, sidabrinis\"}]},{\"@type\":\"WebSite\",\"@id\":\"https:\/\/baltsolar.lt\/#website\",\"url\":\"https:\/\/baltsolar.lt\/\",\"name\":\"BALTSOLAR\",\"description\":\"\",\"publisher\":{\"@id\":\"https:\/\/baltsolar.lt\/#organization\"},\"potentialAction\":[{\"@type\":\"SearchAction\",\"target\":{\"@type\":\"EntryPoint\",\"urlTemplate\":\"https:\/\/baltsolar.lt\/?s={search_term_string}\"},\"query-input\":{\"@type\":\"PropertyValueSpecification\",\"valueRequired\":true,\"valueName\":\"search_term_string\"}}],\"inLanguage\":\"en-US\"},{\"@type\":\"Organization\",\"@id\":\"https:\/\/baltsolar.lt\/#organization\",\"name\":\"BALTSOLAR\",\"url\":\"https:\/\/baltsolar.lt\/\",\"logo\":{\"@type\":\"ImageObject\",\"inLanguage\":\"en-US\",\"@id\":\"https:\/\/baltsolar.lt\/#\/schema\/logo\/image\/\",\"url\":\"https:\/\/baltsolar.lt\/wp-content\/uploads\/2023\/03\/BALTSOLAR_LOGO.svg\",\"contentUrl\":\"https:\/\/baltsolar.lt\/wp-content\/uploads\/2023\/03\/BALTSOLAR_LOGO.svg\",\"width\":447,\"height\":139,\"caption\":\"BALTSOLAR\"},\"image\":{\"@id\":\"https:\/\/baltsolar.lt\/#\/schema\/logo\/image\/\"}}]}<\/script>\n<!-- \/ Yoast SEO plugin. -->","yoast_head_json":{"title":"Galinis moduli\u0173 laikiklis 32mm, sidabrinis - BALTSOLAR","robots":{"index":"index","follow":"follow","max-snippet":"max-snippet:-1","max-image-preview":"max-image-preview:large","max-video-preview":"max-video-preview:-1"},"canonical":"https:\/\/baltsolar.lt\/en\/product\/galinis-moduliu-laikiklis-32mm-sidabrinis\/","og_locale":"en_US","og_type":"article","og_title":"Galinis moduli\u0173 laikiklis 32mm, sidabrinis - BALTSOLAR","og_description":"Sidabrinis galinis laikiklis 32mm auk\u0161\u010dio moduliams.   Auk\u0161tis: 32mm  Spalva: sidabrinis","og_url":"https:\/\/baltsolar.lt\/en\/product\/galinis-moduliu-laikiklis-32mm-sidabrinis\/","og_site_name":"BALTSOLAR","article_modified_time":"2023-09-13T08:07:20+00:00","og_image":[{"width":800,"height":800,"url":"https:\/\/baltsolar.lt\/wp-content\/uploads\/2023\/09\/galinis-moduliu-laikiklis-sidabrinis.jpg","type":"image\/jpeg"}],"twitter_card":"summary_large_image","schema":{"@context":"https:\/\/schema.org","@graph":[{"@type":"WebPage","@id":"https:\/\/baltsolar.lt\/produktas\/galinis-moduliu-laikiklis-32mm-sidabrinis\/","url":"https:\/\/baltsolar.lt\/produktas\/galinis-moduliu-laikiklis-32mm-sidabrinis\/","name":"Galinis moduli\u0173 laikiklis 32mm, sidabrinis - BALTSOLAR","isPartOf":{"@id":"https:\/\/baltsolar.lt\/#website"},"primaryImageOfPage":{"@id":"https:\/\/baltsolar.lt\/produktas\/galinis-moduliu-laikiklis-32mm-sidabrinis\/#primaryimage"},"image":{"@id":"https:\/\/baltsolar.lt\/produktas\/galinis-moduliu-laikiklis-32mm-sidabrinis\/#primaryimage"},"thumbnailUrl":"https:\/\/baltsolar.lt\/wp-content\/uploads\/2023\/09\/galinis-moduliu-laikiklis-sidabrinis.jpg","datePublished":"2023-09-07T11:02:19+00:00","dateModified":"2023-09-13T08:07:20+00:00","breadcrumb":{"@id":"https:\/\/baltsolar.lt\/produktas\/galinis-moduliu-laikiklis-32mm-sidabrinis\/#breadcrumb"},"inLanguage":"en-US","potentialAction":[{"@type":"ReadAction","target":["https:\/\/baltsolar.lt\/produktas\/galinis-moduliu-laikiklis-32mm-sidabrinis\/"]}]},{"@type":"ImageObject","inLanguage":"en-US","@id":"https:\/\/baltsolar.lt\/produktas\/galinis-moduliu-laikiklis-32mm-sidabrinis\/#primaryimage","url":"https:\/\/baltsolar.lt\/wp-content\/uploads\/2023\/09\/galinis-moduliu-laikiklis-sidabrinis.jpg","contentUrl":"https:\/\/baltsolar.lt\/wp-content\/uploads\/2023\/09\/galinis-moduliu-laikiklis-sidabrinis.jpg","width":800,"height":800,"caption":"Galinis moduli\u0173 laikiklis 30mm, sidabrinis"},{"@type":"BreadcrumbList","@id":"https:\/\/baltsolar.lt\/produktas\/galinis-moduliu-laikiklis-32mm-sidabrinis\/#breadcrumb","itemListElement":[{"@type":"ListItem","position":1,"name":"Home","item":"https:\/\/baltsolar.lt\/"},{"@type":"ListItem","position":2,"name":"Produkt\u0173 katalogas","item":"https:\/\/baltsolar.lt\/katalogas\/"},{"@type":"ListItem","position":3,"name":"Galinis moduli\u0173 laikiklis 32mm, sidabrinis"}]},{"@type":"WebSite","@id":"https:\/\/baltsolar.lt\/#website","url":"https:\/\/baltsolar.lt\/","name":"BALTSOLAR","description":"","publisher":{"@id":"https:\/\/baltsolar.lt\/#organization"},"potentialAction":[{"@type":"SearchAction","target":{"@type":"EntryPoint","urlTemplate":"https:\/\/baltsolar.lt\/?s={search_term_string}"},"query-input":{"@type":"PropertyValueSpecification","valueRequired":true,"valueName":"search_term_string"}}],"inLanguage":"en-US"},{"@type":"Organization","@id":"https:\/\/baltsolar.lt\/#organization","name":"BALTSOLAR","url":"https:\/\/baltsolar.lt\/","logo":{"@type":"ImageObject","inLanguage":"en-US","@id":"https:\/\/baltsolar.lt\/#\/schema\/logo\/image\/","url":"https:\/\/baltsolar.lt\/wp-content\/uploads\/2023\/03\/BALTSOLAR_LOGO.svg","contentUrl":"https:\/\/baltsolar.lt\/wp-content\/uploads\/2023\/03\/BALTSOLAR_LOGO.svg","width":447,"height":139,"caption":"BALTSOLAR"},"image":{"@id":"https:\/\/baltsolar.lt\/#\/schema\/logo\/image\/"}}]}},"_links":{"self":[{"href":"https:\/\/baltsolar.lt\/en\/wp-json\/wp\/v2\/product\/1951","targetHints":{"allow":["GET"]}}],"collection":[{"href":"https:\/\/baltsolar.lt\/en\/wp-json\/wp\/v2\/product"}],"about":[{"href":"https:\/\/baltsolar.lt\/en\/wp-json\/wp\/v2\/types\/product"}],"wp:featuredmedia":[{"embeddable":true,"href":"https:\/\/baltsolar.lt\/en\/wp-json\/wp\/v2\/media\/1950"}],"wp:attachment":[{"href":"https:\/\/baltsolar.lt\/en\/wp-json\/wp\/v2\/media?parent=1951"}],"wp:term":[{"taxonomy":"product_brand","embeddable":true,"href":"https:\/\/baltsolar.lt\/en\/wp-json\/wp\/v2\/product_brand?post=1951"},{"taxonomy":"product_cat","embeddable":true,"href":"https:\/\/baltsolar.lt\/en\/wp-json\/wp\/v2\/product_cat?post=1951"},{"taxonomy":"product_tag","embeddable":true,"href":"https:\/\/baltsolar.lt\/en\/wp-json\/wp\/v2\/product_tag?post=1951"},{"taxonomy":"berocket_brand","embeddable":true,"href":"https:\/\/baltsolar.lt\/en\/wp-json\/wp\/v2\/berocket_brand?post=1951"}],"curies":[{"name":"wp","href":"https:\/\/api.w.org\/{rel}","templated":true}]}}