{"id":2670,"date":"2025-01-24T11:57:12","date_gmt":"2025-01-24T09:57:12","guid":{"rendered":"https:\/\/baltsolar.lt\/?post_type=product&#038;p=2670"},"modified":"2025-01-24T12:04:44","modified_gmt":"2025-01-24T10:04:44","slug":"tigo-prieigos-taskas-tap","status":"publish","type":"product","link":"https:\/\/baltsolar.lt\/en\/product\/tigo-prieigos-taskas-tap\/","title":{"rendered":"Tigo prieigos ta\u0161kas (TAP)"},"content":{"rendered":"<p>\u201cTigo Energy\u201d pasaulin\u0117 \u012fmon\u0117, \u012fkurta 2007 metais Silicio sl\u0117nyje, su mintimi, kad PV moduli\u0173 darb\u0105 galima steb\u0117ti, optimizuoti. \u012emon\u0117 u\u017eima lyderiaujan\u010di\u0105 pozicij\u0105 PV steb\u0117jime, optimizavime, saugume ir dirba visame pasaulyje. \u012emon\u0117 naudoja bei kuria naujausias technologijas, kad padidinti energijos gamyb\u0105 ir suma\u017einti i\u0161laidas.<\/p>","protected":false},"excerpt":{"rendered":"<p>Tigo Prieigos Ta\u0161kas (TAP) u\u017etikrina ry\u0161\u012f su Tigo &#8222;Cloud&#8221; sistema ir TIGO optimizatoriais.<\/p>\n<ul>\n<li>Nereikalingi laidai. Bevieliu ry\u0161iu bendrauja su TIGO optimizatoriais.<\/li>\n<li>Ypatingai lengvai montuojamas ant modulio r\u0117mo.<\/li>\n<li>Turint Tigo SMART apps\u0105, galite steb\u0117ti kiekvieno modulio parametrus (reikalingas CCA kit).<\/li>\n<\/ul>","protected":false},"featured_media":2671,"template":"","meta":{"inline_featured_image":false},"product_brand":[],"product_cat":[54],"product_tag":[142],"berocket_brand":[145],"class_list":{"0":"post-2670","1":"product","2":"type-product","3":"status-publish","4":"has-post-thumbnail","6":"product_cat-instaliacines-medziagos","7":"product_tag-ispardavimas","8":"berocket_brand-tigo","10":"first","11":"instock","12":"sale","13":"taxable","14":"shipping-taxable","15":"purchasable","16":"product-type-simple"},"yoast_head":"<!-- This site is optimized with the Yoast SEO plugin v24.8 - https:\/\/yoast.com\/wordpress\/plugins\/seo\/ -->\n<title>Tigo prieigos ta\u0161kas (TAP) - BALTSOLAR<\/title>\n<meta name=\"robots\" content=\"index, follow, max-snippet:-1, max-image-preview:large, max-video-preview:-1\" \/>\n<link rel=\"canonical\" href=\"https:\/\/baltsolar.lt\/en\/product\/tigo-prieigos-taskas-tap\/\" \/>\n<meta property=\"og:locale\" content=\"en_US\" \/>\n<meta property=\"og:type\" content=\"article\" \/>\n<meta property=\"og:title\" content=\"Tigo prieigos ta\u0161kas (TAP) - BALTSOLAR\" \/>\n<meta property=\"og:description\" content=\"Tigo Prieigos Ta\u0161kas (TAP) u\u017etikrina ry\u0161\u012f su Tigo &quot;Cloud&quot; sistema ir TIGO optimizatoriais.   Nereikalingi laidai. Bevieliu ry\u0161iu bendrauja su TIGO optimizatoriais.  Ypatingai lengvai montuojamas ant modulio r\u0117mo.  Turint Tigo SMART apps\u0105, galite steb\u0117ti kiekvieno modulio parametrus (reikalingas CCA kit).\" \/>\n<meta property=\"og:url\" content=\"https:\/\/baltsolar.lt\/en\/product\/tigo-prieigos-taskas-tap\/\" \/>\n<meta property=\"og:site_name\" content=\"BALTSOLAR\" \/>\n<meta property=\"article:modified_time\" content=\"2025-01-24T10:04:44+00:00\" \/>\n<meta property=\"og:image\" content=\"https:\/\/baltsolar.lt\/wp-content\/uploads\/2025\/01\/TIGO-TAP.jpeg\" \/>\n\t<meta property=\"og:image:width\" content=\"225\" \/>\n\t<meta property=\"og:image:height\" content=\"225\" \/>\n\t<meta property=\"og:image:type\" content=\"image\/jpeg\" \/>\n<meta name=\"twitter:card\" content=\"summary_large_image\" \/>\n<script type=\"application\/ld+json\" class=\"yoast-schema-graph\">{\"@context\":\"https:\/\/schema.org\",\"@graph\":[{\"@type\":\"WebPage\",\"@id\":\"https:\/\/baltsolar.lt\/produktas\/tigo-prieigos-taskas-tap\/\",\"url\":\"https:\/\/baltsolar.lt\/produktas\/tigo-prieigos-taskas-tap\/\",\"name\":\"Tigo prieigos ta\u0161kas (TAP) - BALTSOLAR\",\"isPartOf\":{\"@id\":\"https:\/\/baltsolar.lt\/#website\"},\"primaryImageOfPage\":{\"@id\":\"https:\/\/baltsolar.lt\/produktas\/tigo-prieigos-taskas-tap\/#primaryimage\"},\"image\":{\"@id\":\"https:\/\/baltsolar.lt\/produktas\/tigo-prieigos-taskas-tap\/#primaryimage\"},\"thumbnailUrl\":\"https:\/\/baltsolar.lt\/wp-content\/uploads\/2025\/01\/TIGO-TAP.jpeg\",\"datePublished\":\"2025-01-24T09:57:12+00:00\",\"dateModified\":\"2025-01-24T10:04:44+00:00\",\"breadcrumb\":{\"@id\":\"https:\/\/baltsolar.lt\/produktas\/tigo-prieigos-taskas-tap\/#breadcrumb\"},\"inLanguage\":\"en-US\",\"potentialAction\":[{\"@type\":\"ReadAction\",\"target\":[\"https:\/\/baltsolar.lt\/produktas\/tigo-prieigos-taskas-tap\/\"]}]},{\"@type\":\"ImageObject\",\"inLanguage\":\"en-US\",\"@id\":\"https:\/\/baltsolar.lt\/produktas\/tigo-prieigos-taskas-tap\/#primaryimage\",\"url\":\"https:\/\/baltsolar.lt\/wp-content\/uploads\/2025\/01\/TIGO-TAP.jpeg\",\"contentUrl\":\"https:\/\/baltsolar.lt\/wp-content\/uploads\/2025\/01\/TIGO-TAP.jpeg\",\"width\":225,\"height\":225,\"caption\":\"TIGO TAP\"},{\"@type\":\"BreadcrumbList\",\"@id\":\"https:\/\/baltsolar.lt\/produktas\/tigo-prieigos-taskas-tap\/#breadcrumb\",\"itemListElement\":[{\"@type\":\"ListItem\",\"position\":1,\"name\":\"Home\",\"item\":\"https:\/\/baltsolar.lt\/\"},{\"@type\":\"ListItem\",\"position\":2,\"name\":\"Produkt\u0173 katalogas\",\"item\":\"https:\/\/baltsolar.lt\/katalogas\/\"},{\"@type\":\"ListItem\",\"position\":3,\"name\":\"Tigo prieigos ta\u0161kas (TAP)\"}]},{\"@type\":\"WebSite\",\"@id\":\"https:\/\/baltsolar.lt\/#website\",\"url\":\"https:\/\/baltsolar.lt\/\",\"name\":\"BALTSOLAR\",\"description\":\"\",\"publisher\":{\"@id\":\"https:\/\/baltsolar.lt\/#organization\"},\"potentialAction\":[{\"@type\":\"SearchAction\",\"target\":{\"@type\":\"EntryPoint\",\"urlTemplate\":\"https:\/\/baltsolar.lt\/?s={search_term_string}\"},\"query-input\":{\"@type\":\"PropertyValueSpecification\",\"valueRequired\":true,\"valueName\":\"search_term_string\"}}],\"inLanguage\":\"en-US\"},{\"@type\":\"Organization\",\"@id\":\"https:\/\/baltsolar.lt\/#organization\",\"name\":\"BALTSOLAR\",\"url\":\"https:\/\/baltsolar.lt\/\",\"logo\":{\"@type\":\"ImageObject\",\"inLanguage\":\"en-US\",\"@id\":\"https:\/\/baltsolar.lt\/#\/schema\/logo\/image\/\",\"url\":\"https:\/\/baltsolar.lt\/wp-content\/uploads\/2023\/03\/BALTSOLAR_LOGO.svg\",\"contentUrl\":\"https:\/\/baltsolar.lt\/wp-content\/uploads\/2023\/03\/BALTSOLAR_LOGO.svg\",\"width\":447,\"height\":139,\"caption\":\"BALTSOLAR\"},\"image\":{\"@id\":\"https:\/\/baltsolar.lt\/#\/schema\/logo\/image\/\"}}]}<\/script>\n<!-- \/ Yoast SEO plugin. -->","yoast_head_json":{"title":"Tigo prieigos ta\u0161kas (TAP) - BALTSOLAR","robots":{"index":"index","follow":"follow","max-snippet":"max-snippet:-1","max-image-preview":"max-image-preview:large","max-video-preview":"max-video-preview:-1"},"canonical":"https:\/\/baltsolar.lt\/en\/product\/tigo-prieigos-taskas-tap\/","og_locale":"en_US","og_type":"article","og_title":"Tigo prieigos ta\u0161kas (TAP) - BALTSOLAR","og_description":"Tigo Prieigos Ta\u0161kas (TAP) u\u017etikrina ry\u0161\u012f su Tigo \"Cloud\" sistema ir TIGO optimizatoriais.   Nereikalingi laidai. Bevieliu ry\u0161iu bendrauja su TIGO optimizatoriais.  Ypatingai lengvai montuojamas ant modulio r\u0117mo.  Turint Tigo SMART apps\u0105, galite steb\u0117ti kiekvieno modulio parametrus (reikalingas CCA kit).","og_url":"https:\/\/baltsolar.lt\/en\/product\/tigo-prieigos-taskas-tap\/","og_site_name":"BALTSOLAR","article_modified_time":"2025-01-24T10:04:44+00:00","og_image":[{"width":225,"height":225,"url":"https:\/\/baltsolar.lt\/wp-content\/uploads\/2025\/01\/TIGO-TAP.jpeg","type":"image\/jpeg"}],"twitter_card":"summary_large_image","schema":{"@context":"https:\/\/schema.org","@graph":[{"@type":"WebPage","@id":"https:\/\/baltsolar.lt\/produktas\/tigo-prieigos-taskas-tap\/","url":"https:\/\/baltsolar.lt\/produktas\/tigo-prieigos-taskas-tap\/","name":"Tigo prieigos ta\u0161kas (TAP) - BALTSOLAR","isPartOf":{"@id":"https:\/\/baltsolar.lt\/#website"},"primaryImageOfPage":{"@id":"https:\/\/baltsolar.lt\/produktas\/tigo-prieigos-taskas-tap\/#primaryimage"},"image":{"@id":"https:\/\/baltsolar.lt\/produktas\/tigo-prieigos-taskas-tap\/#primaryimage"},"thumbnailUrl":"https:\/\/baltsolar.lt\/wp-content\/uploads\/2025\/01\/TIGO-TAP.jpeg","datePublished":"2025-01-24T09:57:12+00:00","dateModified":"2025-01-24T10:04:44+00:00","breadcrumb":{"@id":"https:\/\/baltsolar.lt\/produktas\/tigo-prieigos-taskas-tap\/#breadcrumb"},"inLanguage":"en-US","potentialAction":[{"@type":"ReadAction","target":["https:\/\/baltsolar.lt\/produktas\/tigo-prieigos-taskas-tap\/"]}]},{"@type":"ImageObject","inLanguage":"en-US","@id":"https:\/\/baltsolar.lt\/produktas\/tigo-prieigos-taskas-tap\/#primaryimage","url":"https:\/\/baltsolar.lt\/wp-content\/uploads\/2025\/01\/TIGO-TAP.jpeg","contentUrl":"https:\/\/baltsolar.lt\/wp-content\/uploads\/2025\/01\/TIGO-TAP.jpeg","width":225,"height":225,"caption":"TIGO TAP"},{"@type":"BreadcrumbList","@id":"https:\/\/baltsolar.lt\/produktas\/tigo-prieigos-taskas-tap\/#breadcrumb","itemListElement":[{"@type":"ListItem","position":1,"name":"Home","item":"https:\/\/baltsolar.lt\/"},{"@type":"ListItem","position":2,"name":"Produkt\u0173 katalogas","item":"https:\/\/baltsolar.lt\/katalogas\/"},{"@type":"ListItem","position":3,"name":"Tigo prieigos ta\u0161kas (TAP)"}]},{"@type":"WebSite","@id":"https:\/\/baltsolar.lt\/#website","url":"https:\/\/baltsolar.lt\/","name":"BALTSOLAR","description":"","publisher":{"@id":"https:\/\/baltsolar.lt\/#organization"},"potentialAction":[{"@type":"SearchAction","target":{"@type":"EntryPoint","urlTemplate":"https:\/\/baltsolar.lt\/?s={search_term_string}"},"query-input":{"@type":"PropertyValueSpecification","valueRequired":true,"valueName":"search_term_string"}}],"inLanguage":"en-US"},{"@type":"Organization","@id":"https:\/\/baltsolar.lt\/#organization","name":"BALTSOLAR","url":"https:\/\/baltsolar.lt\/","logo":{"@type":"ImageObject","inLanguage":"en-US","@id":"https:\/\/baltsolar.lt\/#\/schema\/logo\/image\/","url":"https:\/\/baltsolar.lt\/wp-content\/uploads\/2023\/03\/BALTSOLAR_LOGO.svg","contentUrl":"https:\/\/baltsolar.lt\/wp-content\/uploads\/2023\/03\/BALTSOLAR_LOGO.svg","width":447,"height":139,"caption":"BALTSOLAR"},"image":{"@id":"https:\/\/baltsolar.lt\/#\/schema\/logo\/image\/"}}]}},"_links":{"self":[{"href":"https:\/\/baltsolar.lt\/en\/wp-json\/wp\/v2\/product\/2670","targetHints":{"allow":["GET"]}}],"collection":[{"href":"https:\/\/baltsolar.lt\/en\/wp-json\/wp\/v2\/product"}],"about":[{"href":"https:\/\/baltsolar.lt\/en\/wp-json\/wp\/v2\/types\/product"}],"wp:featuredmedia":[{"embeddable":true,"href":"https:\/\/baltsolar.lt\/en\/wp-json\/wp\/v2\/media\/2671"}],"wp:attachment":[{"href":"https:\/\/baltsolar.lt\/en\/wp-json\/wp\/v2\/media?parent=2670"}],"wp:term":[{"taxonomy":"product_brand","embeddable":true,"href":"https:\/\/baltsolar.lt\/en\/wp-json\/wp\/v2\/product_brand?post=2670"},{"taxonomy":"product_cat","embeddable":true,"href":"https:\/\/baltsolar.lt\/en\/wp-json\/wp\/v2\/product_cat?post=2670"},{"taxonomy":"product_tag","embeddable":true,"href":"https:\/\/baltsolar.lt\/en\/wp-json\/wp\/v2\/product_tag?post=2670"},{"taxonomy":"berocket_brand","embeddable":true,"href":"https:\/\/baltsolar.lt\/en\/wp-json\/wp\/v2\/berocket_brand?post=2670"}],"curies":[{"name":"wp","href":"https:\/\/api.w.org\/{rel}","templated":true}]}}