{"id":2898,"date":"2025-11-24T12:50:23","date_gmt":"2025-11-24T10:50:23","guid":{"rendered":"https:\/\/baltsolar.lt\/?post_type=product&#038;p=2898"},"modified":"2025-11-26T07:50:17","modified_gmt":"2025-11-26T05:50:17","slug":"solax-x3-mic-10k-g2-wifi-lan","status":"publish","type":"product","link":"https:\/\/baltsolar.lt\/en\/product\/solax-x3-mic-10k-g2-wifi-lan\/","title":{"rendered":"Solax X3-MIC-10K-G2 (Wifi + LAN)"},"content":{"rendered":"<p><strong>SolaX MIC inverteriai yra modern\u016bs, patikimi ir efektyv\u016bs trifazis tinklo (on-grid) saul\u0117s keitiklis, skirti gyvenamosioms ir ma\u017eoms komercin\u0117ms saul\u0117s energijos sistemoms. Jis priklauso X3-MIC G2 serijai, pasi\u017eymin\u010diai auk\u0161tu efektyvumu ir lanks\u010diomis konfig\u016bracijos galimyb\u0117mis.<\/strong><\/p>\n<h3><\/h3>","protected":false},"excerpt":{"rendered":"<h3>Pagrindin\u0117s SolaX X3 Mic keitiklio specifikacijos<\/h3>\n<ul>\n<li style=\"list-style-type: none;\">\n<ul>\n<li>Three phase<\/li>\n<li>\u017dema startin\u0117 \u012ftampa<\/li>\n<li>Platus MPPT \u012ftampos diapazonas<\/li>\n<li>Programin\u0117s \u012frangos ir aparat\u016bros apsauga<\/li>\n<li>Efektyvumas iki 98.5 proc.<\/li>\n<li>Gamintojas suteikia 10 met\u0173 garantin\u012f laikotarp\u012f<\/li>\n<li>Maksimali \u012ftampa 1000 V<\/li>\n<li>Suderinamas su Solax elektromobilio \u012fkrovimo stotele<\/li>\n<\/ul>\n<\/li>\n<\/ul>","protected":false},"featured_media":2899,"template":"","meta":{"inline_featured_image":false},"product_brand":[],"product_cat":[44,30],"product_tag":[142,110],"berocket_brand":[135],"class_list":{"0":"post-2898","1":"product","2":"type-product","3":"status-publish","4":"has-post-thumbnail","6":"product_cat-inverteriai-itampos-keitikliai","7":"product_cat-saules-elektrines","8":"product_tag-ispardavimas","9":"product_tag-yra-sandelyje","10":"pa_elektros-ivadas-trifazis","11":"pa_galingumas-10kw","12":"berocket_brand-solax","14":"first","15":"instock","16":"sale","17":"taxable","18":"shipping-taxable","19":"purchasable","20":"product-type-simple"},"yoast_head":"<!-- This site is optimized with the Yoast SEO plugin v24.8 - https:\/\/yoast.com\/wordpress\/plugins\/seo\/ -->\n<title>Solax X3-MIC-10K-G2 (Wifi + LAN) - BALTSOLAR<\/title>\n<meta name=\"robots\" content=\"index, follow, max-snippet:-1, max-image-preview:large, max-video-preview:-1\" \/>\n<link rel=\"canonical\" href=\"https:\/\/baltsolar.lt\/en\/product\/solax-x3-mic-10k-g2-wifi-lan\/\" \/>\n<meta property=\"og:locale\" content=\"en_US\" \/>\n<meta property=\"og:type\" content=\"article\" \/>\n<meta property=\"og:title\" content=\"Solax X3-MIC-10K-G2 (Wifi + LAN) - BALTSOLAR\" \/>\n<meta property=\"og:description\" content=\"Pagrindin\u0117s SolaX X3 Mic keitiklio specifikacijos      Trifazis  \u017dema startin\u0117 \u012ftampa  Platus MPPT \u012ftampos diapazonas  Programin\u0117s \u012frangos ir aparat\u016bros apsauga  Efektyvumas iki 98.5 proc.  Gamintojas suteikia 10 met\u0173 garantin\u012f laikotarp\u012f  Maksimali \u012ftampa 1000 V  Suderinamas su Solax elektromobilio \u012fkrovimo stotele\" \/>\n<meta property=\"og:url\" content=\"https:\/\/baltsolar.lt\/en\/product\/solax-x3-mic-10k-g2-wifi-lan\/\" \/>\n<meta property=\"og:site_name\" content=\"BALTSOLAR\" \/>\n<meta property=\"article:modified_time\" content=\"2025-11-26T05:50:17+00:00\" \/>\n<meta property=\"og:image\" content=\"https:\/\/baltsolar.lt\/wp-content\/uploads\/2025\/11\/mic10.png\" \/>\n\t<meta property=\"og:image:width\" content=\"314\" \/>\n\t<meta property=\"og:image:height\" content=\"390\" \/>\n\t<meta property=\"og:image:type\" content=\"image\/png\" \/>\n<meta name=\"twitter:card\" content=\"summary_large_image\" \/>\n<meta name=\"twitter:label1\" content=\"Est. reading time\" \/>\n\t<meta name=\"twitter:data1\" content=\"1 minute\" \/>\n<script type=\"application\/ld+json\" class=\"yoast-schema-graph\">{\"@context\":\"https:\/\/schema.org\",\"@graph\":[{\"@type\":\"WebPage\",\"@id\":\"https:\/\/baltsolar.lt\/produktas\/solax-x3-mic-10k-g2-wifi-lan\/\",\"url\":\"https:\/\/baltsolar.lt\/produktas\/solax-x3-mic-10k-g2-wifi-lan\/\",\"name\":\"Solax X3-MIC-10K-G2 (Wifi + LAN) - BALTSOLAR\",\"isPartOf\":{\"@id\":\"https:\/\/baltsolar.lt\/#website\"},\"primaryImageOfPage\":{\"@id\":\"https:\/\/baltsolar.lt\/produktas\/solax-x3-mic-10k-g2-wifi-lan\/#primaryimage\"},\"image\":{\"@id\":\"https:\/\/baltsolar.lt\/produktas\/solax-x3-mic-10k-g2-wifi-lan\/#primaryimage\"},\"thumbnailUrl\":\"https:\/\/baltsolar.lt\/wp-content\/uploads\/2025\/11\/mic10.png\",\"datePublished\":\"2025-11-24T10:50:23+00:00\",\"dateModified\":\"2025-11-26T05:50:17+00:00\",\"breadcrumb\":{\"@id\":\"https:\/\/baltsolar.lt\/produktas\/solax-x3-mic-10k-g2-wifi-lan\/#breadcrumb\"},\"inLanguage\":\"en-US\",\"potentialAction\":[{\"@type\":\"ReadAction\",\"target\":[\"https:\/\/baltsolar.lt\/produktas\/solax-x3-mic-10k-g2-wifi-lan\/\"]}]},{\"@type\":\"ImageObject\",\"inLanguage\":\"en-US\",\"@id\":\"https:\/\/baltsolar.lt\/produktas\/solax-x3-mic-10k-g2-wifi-lan\/#primaryimage\",\"url\":\"https:\/\/baltsolar.lt\/wp-content\/uploads\/2025\/11\/mic10.png\",\"contentUrl\":\"https:\/\/baltsolar.lt\/wp-content\/uploads\/2025\/11\/mic10.png\",\"width\":314,\"height\":390},{\"@type\":\"BreadcrumbList\",\"@id\":\"https:\/\/baltsolar.lt\/produktas\/solax-x3-mic-10k-g2-wifi-lan\/#breadcrumb\",\"itemListElement\":[{\"@type\":\"ListItem\",\"position\":1,\"name\":\"Home\",\"item\":\"https:\/\/baltsolar.lt\/\"},{\"@type\":\"ListItem\",\"position\":2,\"name\":\"Produkt\u0173 katalogas\",\"item\":\"https:\/\/baltsolar.lt\/katalogas\/\"},{\"@type\":\"ListItem\",\"position\":3,\"name\":\"Solax X3-MIC-10K-G2 (Wifi + LAN)\"}]},{\"@type\":\"WebSite\",\"@id\":\"https:\/\/baltsolar.lt\/#website\",\"url\":\"https:\/\/baltsolar.lt\/\",\"name\":\"BALTSOLAR\",\"description\":\"\",\"publisher\":{\"@id\":\"https:\/\/baltsolar.lt\/#organization\"},\"potentialAction\":[{\"@type\":\"SearchAction\",\"target\":{\"@type\":\"EntryPoint\",\"urlTemplate\":\"https:\/\/baltsolar.lt\/?s={search_term_string}\"},\"query-input\":{\"@type\":\"PropertyValueSpecification\",\"valueRequired\":true,\"valueName\":\"search_term_string\"}}],\"inLanguage\":\"en-US\"},{\"@type\":\"Organization\",\"@id\":\"https:\/\/baltsolar.lt\/#organization\",\"name\":\"BALTSOLAR\",\"url\":\"https:\/\/baltsolar.lt\/\",\"logo\":{\"@type\":\"ImageObject\",\"inLanguage\":\"en-US\",\"@id\":\"https:\/\/baltsolar.lt\/#\/schema\/logo\/image\/\",\"url\":\"https:\/\/baltsolar.lt\/wp-content\/uploads\/2023\/03\/BALTSOLAR_LOGO.svg\",\"contentUrl\":\"https:\/\/baltsolar.lt\/wp-content\/uploads\/2023\/03\/BALTSOLAR_LOGO.svg\",\"width\":447,\"height\":139,\"caption\":\"BALTSOLAR\"},\"image\":{\"@id\":\"https:\/\/baltsolar.lt\/#\/schema\/logo\/image\/\"}}]}<\/script>\n<!-- \/ Yoast SEO plugin. -->","yoast_head_json":{"title":"Solax X3-MIC-10K-G2 (Wifi + LAN) - BALTSOLAR","robots":{"index":"index","follow":"follow","max-snippet":"max-snippet:-1","max-image-preview":"max-image-preview:large","max-video-preview":"max-video-preview:-1"},"canonical":"https:\/\/baltsolar.lt\/en\/product\/solax-x3-mic-10k-g2-wifi-lan\/","og_locale":"en_US","og_type":"article","og_title":"Solax X3-MIC-10K-G2 (Wifi + LAN) - BALTSOLAR","og_description":"Pagrindin\u0117s SolaX X3 Mic keitiklio specifikacijos      Trifazis  \u017dema startin\u0117 \u012ftampa  Platus MPPT \u012ftampos diapazonas  Programin\u0117s \u012frangos ir aparat\u016bros apsauga  Efektyvumas iki 98.5 proc.  Gamintojas suteikia 10 met\u0173 garantin\u012f laikotarp\u012f  Maksimali \u012ftampa 1000 V  Suderinamas su Solax elektromobilio \u012fkrovimo stotele","og_url":"https:\/\/baltsolar.lt\/en\/product\/solax-x3-mic-10k-g2-wifi-lan\/","og_site_name":"BALTSOLAR","article_modified_time":"2025-11-26T05:50:17+00:00","og_image":[{"width":314,"height":390,"url":"https:\/\/baltsolar.lt\/wp-content\/uploads\/2025\/11\/mic10.png","type":"image\/png"}],"twitter_card":"summary_large_image","twitter_misc":{"Est. reading time":"1 minute"},"schema":{"@context":"https:\/\/schema.org","@graph":[{"@type":"WebPage","@id":"https:\/\/baltsolar.lt\/produktas\/solax-x3-mic-10k-g2-wifi-lan\/","url":"https:\/\/baltsolar.lt\/produktas\/solax-x3-mic-10k-g2-wifi-lan\/","name":"Solax X3-MIC-10K-G2 (Wifi + LAN) - BALTSOLAR","isPartOf":{"@id":"https:\/\/baltsolar.lt\/#website"},"primaryImageOfPage":{"@id":"https:\/\/baltsolar.lt\/produktas\/solax-x3-mic-10k-g2-wifi-lan\/#primaryimage"},"image":{"@id":"https:\/\/baltsolar.lt\/produktas\/solax-x3-mic-10k-g2-wifi-lan\/#primaryimage"},"thumbnailUrl":"https:\/\/baltsolar.lt\/wp-content\/uploads\/2025\/11\/mic10.png","datePublished":"2025-11-24T10:50:23+00:00","dateModified":"2025-11-26T05:50:17+00:00","breadcrumb":{"@id":"https:\/\/baltsolar.lt\/produktas\/solax-x3-mic-10k-g2-wifi-lan\/#breadcrumb"},"inLanguage":"en-US","potentialAction":[{"@type":"ReadAction","target":["https:\/\/baltsolar.lt\/produktas\/solax-x3-mic-10k-g2-wifi-lan\/"]}]},{"@type":"ImageObject","inLanguage":"en-US","@id":"https:\/\/baltsolar.lt\/produktas\/solax-x3-mic-10k-g2-wifi-lan\/#primaryimage","url":"https:\/\/baltsolar.lt\/wp-content\/uploads\/2025\/11\/mic10.png","contentUrl":"https:\/\/baltsolar.lt\/wp-content\/uploads\/2025\/11\/mic10.png","width":314,"height":390},{"@type":"BreadcrumbList","@id":"https:\/\/baltsolar.lt\/produktas\/solax-x3-mic-10k-g2-wifi-lan\/#breadcrumb","itemListElement":[{"@type":"ListItem","position":1,"name":"Home","item":"https:\/\/baltsolar.lt\/"},{"@type":"ListItem","position":2,"name":"Produkt\u0173 katalogas","item":"https:\/\/baltsolar.lt\/katalogas\/"},{"@type":"ListItem","position":3,"name":"Solax X3-MIC-10K-G2 (Wifi + LAN)"}]},{"@type":"WebSite","@id":"https:\/\/baltsolar.lt\/#website","url":"https:\/\/baltsolar.lt\/","name":"BALTSOLAR","description":"","publisher":{"@id":"https:\/\/baltsolar.lt\/#organization"},"potentialAction":[{"@type":"SearchAction","target":{"@type":"EntryPoint","urlTemplate":"https:\/\/baltsolar.lt\/?s={search_term_string}"},"query-input":{"@type":"PropertyValueSpecification","valueRequired":true,"valueName":"search_term_string"}}],"inLanguage":"en-US"},{"@type":"Organization","@id":"https:\/\/baltsolar.lt\/#organization","name":"BALTSOLAR","url":"https:\/\/baltsolar.lt\/","logo":{"@type":"ImageObject","inLanguage":"en-US","@id":"https:\/\/baltsolar.lt\/#\/schema\/logo\/image\/","url":"https:\/\/baltsolar.lt\/wp-content\/uploads\/2023\/03\/BALTSOLAR_LOGO.svg","contentUrl":"https:\/\/baltsolar.lt\/wp-content\/uploads\/2023\/03\/BALTSOLAR_LOGO.svg","width":447,"height":139,"caption":"BALTSOLAR"},"image":{"@id":"https:\/\/baltsolar.lt\/#\/schema\/logo\/image\/"}}]}},"_links":{"self":[{"href":"https:\/\/baltsolar.lt\/en\/wp-json\/wp\/v2\/product\/2898","targetHints":{"allow":["GET"]}}],"collection":[{"href":"https:\/\/baltsolar.lt\/en\/wp-json\/wp\/v2\/product"}],"about":[{"href":"https:\/\/baltsolar.lt\/en\/wp-json\/wp\/v2\/types\/product"}],"wp:featuredmedia":[{"embeddable":true,"href":"https:\/\/baltsolar.lt\/en\/wp-json\/wp\/v2\/media\/2899"}],"wp:attachment":[{"href":"https:\/\/baltsolar.lt\/en\/wp-json\/wp\/v2\/media?parent=2898"}],"wp:term":[{"taxonomy":"product_brand","embeddable":true,"href":"https:\/\/baltsolar.lt\/en\/wp-json\/wp\/v2\/product_brand?post=2898"},{"taxonomy":"product_cat","embeddable":true,"href":"https:\/\/baltsolar.lt\/en\/wp-json\/wp\/v2\/product_cat?post=2898"},{"taxonomy":"product_tag","embeddable":true,"href":"https:\/\/baltsolar.lt\/en\/wp-json\/wp\/v2\/product_tag?post=2898"},{"taxonomy":"berocket_brand","embeddable":true,"href":"https:\/\/baltsolar.lt\/en\/wp-json\/wp\/v2\/berocket_brand?post=2898"}],"curies":[{"name":"wp","href":"https:\/\/api.w.org\/{rel}","templated":true}]}}