{"id":2968,"date":"2026-03-17T15:21:10","date_gmt":"2026-03-17T13:21:10","guid":{"rendered":"https:\/\/baltsolar.lt\/?post_type=product&#038;p=2968"},"modified":"2026-03-18T11:07:04","modified_gmt":"2026-03-18T09:07:04","slug":"automobiliu-krovimo-stotele-teltocharge-lizdas-11kw-ar-22-kw-16a-3-fazes","status":"publish","type":"product","link":"https:\/\/baltsolar.lt\/en\/product\/automobiliu-krovimo-stotele-teltocharge-lizdas-11kw-ar-22-kw-16a-3-fazes\/","title":{"rendered":"Automobili\u0173 krovimo stotel\u0117 TeltoCharge EVC1 (rozet\u0117, 11kW ar 22 kW, 16A, 3 faz\u0117s)"},"content":{"rendered":"<p>\u0160i \u012fkrovimo stotel\u0117 yra apr\u016bpinta pa\u017eangiomis funkcijomis, tokiomis kaip saul\u0117s energijos integracija, dinaminis apkrovos balansavimas ir realaus laiko steb\u0117jimas per mobili\u0105j\u0105 program\u0117l\u0119 (per Bluetooth). Naudotojai gali planuoti \u012fkrovimo sesijas, kad i\u0161naudot\u0173 ma\u017eesnes elektros kainas, ir steb\u0117ti savo vartojim\u0105 per i\u0161sami\u0105 program\u0117l\u0119.<\/p>\n<p>TeltoCharge yra sukurta veikti at\u0161iauriomis s\u0105lygomis, ji veikia efektyviai nuo -30\u00b0C iki +50\u00b0C temperat\u016broje ir yra \u012fvertinta IP55 ir IK10 d\u0117l atsparumo vandeniui ir sm\u016bgiams. Ji taip pat turi patikimas saugos funkcijas, tokias kaip temperat\u016bros ir \u012ftampos steb\u0117jimas, nuot\u0117kio srov\u0117s aptikimas ir \u012f\u017eeminimo klaidos aptikimas, u\u017etikrinan\u010dias saug\u0173 ir patikim\u0105 veikim\u0105<\/p>\n<p>&nbsp;<\/p>","protected":false},"excerpt":{"rendered":"<div class=\"elementor-element elementor-element-4d83390 elementor-widget elementor-widget-text-editor\" data-id=\"4d83390\" data-element_type=\"widget\" data-widget_type=\"text-editor.default\">\n<div class=\"elementor-widget-container\">\n<ul>\n<li>Tipas:<strong class=\"li-bold-part\"> Automobili\u0173 krovimo stotel\u0117 (parduodama be dangtelio).<\/strong><\/li>\n<li>Jungtis:<strong class=\"li-bold-part\">\u00a0Lizdas<\/strong><\/li>\n<li>Galia:<strong class=\"li-bold-part\"> 11 kW arba 22 kW<\/strong><\/li>\n<li>Srov\u0117:<strong class=\"li-bold-part\">\u00a016 A<\/strong><\/li>\n<li>Faz\u0117s:<strong class=\"li-bold-part\">\u00a03 faz\u0117s<\/strong><\/li>\n<li>Ry\u0161ys:<strong class=\"li-bold-part\">\u00a0Wi-Fi 2,4 GHz, LAN, Bluetooth<\/strong><\/li>\n<li>Valdymas:<strong class=\"li-bold-part\">\u00a0Program\u0117l\u0117 (App)<\/strong><\/li>\n<li>Autentifikacija:<strong class=\"li-bold-part\">\u00a0NFC<\/strong><\/li>\n<li>Protokolas:<strong class=\"li-bold-part\">\u00a0OCPP 1.6<\/strong><\/li>\n<li>Indikacija:<strong class=\"li-bold-part\">\u00a0LED<\/strong><\/li>\n<li>Apsaugos klas\u0117s:<strong class=\"li-bold-part\">\u00a0IP55, IK10, UL-94V-0<\/strong><\/li>\n<li>Darbin\u0117 temperat\u016bra:<strong class=\"li-bold-part\">\u00a0nuo \u221230 \u00b0C iki 50 \u00b0C<\/strong><\/li>\n<li><\/li>\n<\/ul>\n<\/div>\n<\/div>","protected":false},"featured_media":2979,"template":"","meta":{"inline_featured_image":false},"product_brand":[],"product_cat":[61],"product_tag":[110],"berocket_brand":[147],"class_list":{"0":"post-2968","1":"product","2":"type-product","3":"status-publish","4":"has-post-thumbnail","6":"product_cat-elektromobiliu-ikrovimo-sistemos","7":"product_tag-yra-sandelyje","8":"pa_elektros-ivadas-trifazis","9":"pa_galingumas-22kw","10":"berocket_brand-teltonika","12":"first","13":"instock","14":"taxable","15":"shipping-taxable","16":"purchasable","17":"product-type-simple"},"yoast_head":"<!-- This site is optimized with the Yoast SEO plugin v24.8 - https:\/\/yoast.com\/wordpress\/plugins\/seo\/ -->\n<title>Automobili\u0173 krovimo stotel\u0117 TeltoCharge EVC1 (rozet\u0117, 11kW ar 22 kW, 16A, 3 faz\u0117s) - BALTSOLAR<\/title>\n<meta name=\"robots\" content=\"index, follow, max-snippet:-1, max-image-preview:large, max-video-preview:-1\" \/>\n<link rel=\"canonical\" href=\"https:\/\/baltsolar.lt\/en\/product\/automobiliu-krovimo-stotele-teltocharge-lizdas-11kw-ar-22-kw-16a-3-fazes\/\" \/>\n<meta property=\"og:locale\" content=\"en_US\" \/>\n<meta property=\"og:type\" content=\"article\" \/>\n<meta property=\"og:title\" content=\"Automobili\u0173 krovimo stotel\u0117 TeltoCharge EVC1 (rozet\u0117, 11kW ar 22 kW, 16A, 3 faz\u0117s) - BALTSOLAR\" \/>\n<meta property=\"og:description\" content=\"Tipas: Automobili\u0173 krovimo stotel\u0117 (parduodama be dangtelio).  Jungtis:\u00a0Lizdas  Galia: 11 kW arba 22 kW  Srov\u0117:\u00a016 A  Faz\u0117s:\u00a03 faz\u0117s  Ry\u0161ys:\u00a0Wi-Fi 2,4 GHz, LAN, Bluetooth  Valdymas:\u00a0Program\u0117l\u0117 (App)  Autentifikacija:\u00a0NFC  Protokolas:\u00a0OCPP 1.6  Indikacija:\u00a0LED  Apsaugos klas\u0117s:\u00a0IP55, IK10, UL-94V-0  Darbin\u0117 temperat\u016bra:\u00a0nuo \u221230 \u00b0C iki 50 \u00b0C\" \/>\n<meta property=\"og:url\" content=\"https:\/\/baltsolar.lt\/en\/product\/automobiliu-krovimo-stotele-teltocharge-lizdas-11kw-ar-22-kw-16a-3-fazes\/\" \/>\n<meta property=\"og:site_name\" content=\"BALTSOLAR\" \/>\n<meta property=\"article:modified_time\" content=\"2026-03-18T09:07:04+00:00\" \/>\n<meta property=\"og:image\" content=\"https:\/\/baltsolar.lt\/wp-content\/uploads\/2026\/03\/telto-EVC1-su-roz.jpg\" \/>\n\t<meta property=\"og:image:width\" content=\"800\" \/>\n\t<meta property=\"og:image:height\" content=\"800\" \/>\n\t<meta property=\"og:image:type\" content=\"image\/jpeg\" \/>\n<meta name=\"twitter:card\" content=\"summary_large_image\" \/>\n<meta name=\"twitter:label1\" content=\"Est. reading time\" \/>\n\t<meta name=\"twitter:data1\" content=\"1 minute\" \/>\n<script type=\"application\/ld+json\" class=\"yoast-schema-graph\">{\"@context\":\"https:\/\/schema.org\",\"@graph\":[{\"@type\":\"WebPage\",\"@id\":\"https:\/\/baltsolar.lt\/produktas\/automobiliu-krovimo-stotele-teltocharge-lizdas-11kw-ar-22-kw-16a-3-fazes\/\",\"url\":\"https:\/\/baltsolar.lt\/produktas\/automobiliu-krovimo-stotele-teltocharge-lizdas-11kw-ar-22-kw-16a-3-fazes\/\",\"name\":\"Automobili\u0173 krovimo stotel\u0117 TeltoCharge EVC1 (rozet\u0117, 11kW ar 22 kW, 16A, 3 faz\u0117s) - BALTSOLAR\",\"isPartOf\":{\"@id\":\"https:\/\/baltsolar.lt\/#website\"},\"primaryImageOfPage\":{\"@id\":\"https:\/\/baltsolar.lt\/produktas\/automobiliu-krovimo-stotele-teltocharge-lizdas-11kw-ar-22-kw-16a-3-fazes\/#primaryimage\"},\"image\":{\"@id\":\"https:\/\/baltsolar.lt\/produktas\/automobiliu-krovimo-stotele-teltocharge-lizdas-11kw-ar-22-kw-16a-3-fazes\/#primaryimage\"},\"thumbnailUrl\":\"https:\/\/baltsolar.lt\/wp-content\/uploads\/2026\/03\/telto-EVC1-su-roz.jpg\",\"datePublished\":\"2026-03-17T13:21:10+00:00\",\"dateModified\":\"2026-03-18T09:07:04+00:00\",\"breadcrumb\":{\"@id\":\"https:\/\/baltsolar.lt\/produktas\/automobiliu-krovimo-stotele-teltocharge-lizdas-11kw-ar-22-kw-16a-3-fazes\/#breadcrumb\"},\"inLanguage\":\"en-US\",\"potentialAction\":[{\"@type\":\"ReadAction\",\"target\":[\"https:\/\/baltsolar.lt\/produktas\/automobiliu-krovimo-stotele-teltocharge-lizdas-11kw-ar-22-kw-16a-3-fazes\/\"]}]},{\"@type\":\"ImageObject\",\"inLanguage\":\"en-US\",\"@id\":\"https:\/\/baltsolar.lt\/produktas\/automobiliu-krovimo-stotele-teltocharge-lizdas-11kw-ar-22-kw-16a-3-fazes\/#primaryimage\",\"url\":\"https:\/\/baltsolar.lt\/wp-content\/uploads\/2026\/03\/telto-EVC1-su-roz.jpg\",\"contentUrl\":\"https:\/\/baltsolar.lt\/wp-content\/uploads\/2026\/03\/telto-EVC1-su-roz.jpg\",\"width\":800,\"height\":800},{\"@type\":\"BreadcrumbList\",\"@id\":\"https:\/\/baltsolar.lt\/produktas\/automobiliu-krovimo-stotele-teltocharge-lizdas-11kw-ar-22-kw-16a-3-fazes\/#breadcrumb\",\"itemListElement\":[{\"@type\":\"ListItem\",\"position\":1,\"name\":\"Home\",\"item\":\"https:\/\/baltsolar.lt\/\"},{\"@type\":\"ListItem\",\"position\":2,\"name\":\"Produkt\u0173 katalogas\",\"item\":\"https:\/\/baltsolar.lt\/katalogas\/\"},{\"@type\":\"ListItem\",\"position\":3,\"name\":\"Automobili\u0173 krovimo stotel\u0117 TeltoCharge EVC1 (rozet\u0117, 11kW ar 22 kW, 16A, 3 faz\u0117s)\"}]},{\"@type\":\"WebSite\",\"@id\":\"https:\/\/baltsolar.lt\/#website\",\"url\":\"https:\/\/baltsolar.lt\/\",\"name\":\"BALTSOLAR\",\"description\":\"\",\"publisher\":{\"@id\":\"https:\/\/baltsolar.lt\/#organization\"},\"potentialAction\":[{\"@type\":\"SearchAction\",\"target\":{\"@type\":\"EntryPoint\",\"urlTemplate\":\"https:\/\/baltsolar.lt\/?s={search_term_string}\"},\"query-input\":{\"@type\":\"PropertyValueSpecification\",\"valueRequired\":true,\"valueName\":\"search_term_string\"}}],\"inLanguage\":\"en-US\"},{\"@type\":\"Organization\",\"@id\":\"https:\/\/baltsolar.lt\/#organization\",\"name\":\"BALTSOLAR\",\"url\":\"https:\/\/baltsolar.lt\/\",\"logo\":{\"@type\":\"ImageObject\",\"inLanguage\":\"en-US\",\"@id\":\"https:\/\/baltsolar.lt\/#\/schema\/logo\/image\/\",\"url\":\"https:\/\/baltsolar.lt\/wp-content\/uploads\/2023\/03\/BALTSOLAR_LOGO.svg\",\"contentUrl\":\"https:\/\/baltsolar.lt\/wp-content\/uploads\/2023\/03\/BALTSOLAR_LOGO.svg\",\"width\":447,\"height\":139,\"caption\":\"BALTSOLAR\"},\"image\":{\"@id\":\"https:\/\/baltsolar.lt\/#\/schema\/logo\/image\/\"}}]}<\/script>\n<!-- \/ Yoast SEO plugin. -->","yoast_head_json":{"title":"Automobili\u0173 krovimo stotel\u0117 TeltoCharge EVC1 (rozet\u0117, 11kW ar 22 kW, 16A, 3 faz\u0117s) - BALTSOLAR","robots":{"index":"index","follow":"follow","max-snippet":"max-snippet:-1","max-image-preview":"max-image-preview:large","max-video-preview":"max-video-preview:-1"},"canonical":"https:\/\/baltsolar.lt\/en\/product\/automobiliu-krovimo-stotele-teltocharge-lizdas-11kw-ar-22-kw-16a-3-fazes\/","og_locale":"en_US","og_type":"article","og_title":"Automobili\u0173 krovimo stotel\u0117 TeltoCharge EVC1 (rozet\u0117, 11kW ar 22 kW, 16A, 3 faz\u0117s) - BALTSOLAR","og_description":"Tipas: Automobili\u0173 krovimo stotel\u0117 (parduodama be dangtelio).  Jungtis:\u00a0Lizdas  Galia: 11 kW arba 22 kW  Srov\u0117:\u00a016 A  Faz\u0117s:\u00a03 faz\u0117s  Ry\u0161ys:\u00a0Wi-Fi 2,4 GHz, LAN, Bluetooth  Valdymas:\u00a0Program\u0117l\u0117 (App)  Autentifikacija:\u00a0NFC  Protokolas:\u00a0OCPP 1.6  Indikacija:\u00a0LED  Apsaugos klas\u0117s:\u00a0IP55, IK10, UL-94V-0  Darbin\u0117 temperat\u016bra:\u00a0nuo \u221230 \u00b0C iki 50 \u00b0C","og_url":"https:\/\/baltsolar.lt\/en\/product\/automobiliu-krovimo-stotele-teltocharge-lizdas-11kw-ar-22-kw-16a-3-fazes\/","og_site_name":"BALTSOLAR","article_modified_time":"2026-03-18T09:07:04+00:00","og_image":[{"width":800,"height":800,"url":"https:\/\/baltsolar.lt\/wp-content\/uploads\/2026\/03\/telto-EVC1-su-roz.jpg","type":"image\/jpeg"}],"twitter_card":"summary_large_image","twitter_misc":{"Est. reading time":"1 minute"},"schema":{"@context":"https:\/\/schema.org","@graph":[{"@type":"WebPage","@id":"https:\/\/baltsolar.lt\/produktas\/automobiliu-krovimo-stotele-teltocharge-lizdas-11kw-ar-22-kw-16a-3-fazes\/","url":"https:\/\/baltsolar.lt\/produktas\/automobiliu-krovimo-stotele-teltocharge-lizdas-11kw-ar-22-kw-16a-3-fazes\/","name":"Automobili\u0173 krovimo stotel\u0117 TeltoCharge EVC1 (rozet\u0117, 11kW ar 22 kW, 16A, 3 faz\u0117s) - BALTSOLAR","isPartOf":{"@id":"https:\/\/baltsolar.lt\/#website"},"primaryImageOfPage":{"@id":"https:\/\/baltsolar.lt\/produktas\/automobiliu-krovimo-stotele-teltocharge-lizdas-11kw-ar-22-kw-16a-3-fazes\/#primaryimage"},"image":{"@id":"https:\/\/baltsolar.lt\/produktas\/automobiliu-krovimo-stotele-teltocharge-lizdas-11kw-ar-22-kw-16a-3-fazes\/#primaryimage"},"thumbnailUrl":"https:\/\/baltsolar.lt\/wp-content\/uploads\/2026\/03\/telto-EVC1-su-roz.jpg","datePublished":"2026-03-17T13:21:10+00:00","dateModified":"2026-03-18T09:07:04+00:00","breadcrumb":{"@id":"https:\/\/baltsolar.lt\/produktas\/automobiliu-krovimo-stotele-teltocharge-lizdas-11kw-ar-22-kw-16a-3-fazes\/#breadcrumb"},"inLanguage":"en-US","potentialAction":[{"@type":"ReadAction","target":["https:\/\/baltsolar.lt\/produktas\/automobiliu-krovimo-stotele-teltocharge-lizdas-11kw-ar-22-kw-16a-3-fazes\/"]}]},{"@type":"ImageObject","inLanguage":"en-US","@id":"https:\/\/baltsolar.lt\/produktas\/automobiliu-krovimo-stotele-teltocharge-lizdas-11kw-ar-22-kw-16a-3-fazes\/#primaryimage","url":"https:\/\/baltsolar.lt\/wp-content\/uploads\/2026\/03\/telto-EVC1-su-roz.jpg","contentUrl":"https:\/\/baltsolar.lt\/wp-content\/uploads\/2026\/03\/telto-EVC1-su-roz.jpg","width":800,"height":800},{"@type":"BreadcrumbList","@id":"https:\/\/baltsolar.lt\/produktas\/automobiliu-krovimo-stotele-teltocharge-lizdas-11kw-ar-22-kw-16a-3-fazes\/#breadcrumb","itemListElement":[{"@type":"ListItem","position":1,"name":"Home","item":"https:\/\/baltsolar.lt\/"},{"@type":"ListItem","position":2,"name":"Produkt\u0173 katalogas","item":"https:\/\/baltsolar.lt\/katalogas\/"},{"@type":"ListItem","position":3,"name":"Automobili\u0173 krovimo stotel\u0117 TeltoCharge EVC1 (rozet\u0117, 11kW ar 22 kW, 16A, 3 faz\u0117s)"}]},{"@type":"WebSite","@id":"https:\/\/baltsolar.lt\/#website","url":"https:\/\/baltsolar.lt\/","name":"BALTSOLAR","description":"","publisher":{"@id":"https:\/\/baltsolar.lt\/#organization"},"potentialAction":[{"@type":"SearchAction","target":{"@type":"EntryPoint","urlTemplate":"https:\/\/baltsolar.lt\/?s={search_term_string}"},"query-input":{"@type":"PropertyValueSpecification","valueRequired":true,"valueName":"search_term_string"}}],"inLanguage":"en-US"},{"@type":"Organization","@id":"https:\/\/baltsolar.lt\/#organization","name":"BALTSOLAR","url":"https:\/\/baltsolar.lt\/","logo":{"@type":"ImageObject","inLanguage":"en-US","@id":"https:\/\/baltsolar.lt\/#\/schema\/logo\/image\/","url":"https:\/\/baltsolar.lt\/wp-content\/uploads\/2023\/03\/BALTSOLAR_LOGO.svg","contentUrl":"https:\/\/baltsolar.lt\/wp-content\/uploads\/2023\/03\/BALTSOLAR_LOGO.svg","width":447,"height":139,"caption":"BALTSOLAR"},"image":{"@id":"https:\/\/baltsolar.lt\/#\/schema\/logo\/image\/"}}]}},"_links":{"self":[{"href":"https:\/\/baltsolar.lt\/en\/wp-json\/wp\/v2\/product\/2968","targetHints":{"allow":["GET"]}}],"collection":[{"href":"https:\/\/baltsolar.lt\/en\/wp-json\/wp\/v2\/product"}],"about":[{"href":"https:\/\/baltsolar.lt\/en\/wp-json\/wp\/v2\/types\/product"}],"wp:featuredmedia":[{"embeddable":true,"href":"https:\/\/baltsolar.lt\/en\/wp-json\/wp\/v2\/media\/2979"}],"wp:attachment":[{"href":"https:\/\/baltsolar.lt\/en\/wp-json\/wp\/v2\/media?parent=2968"}],"wp:term":[{"taxonomy":"product_brand","embeddable":true,"href":"https:\/\/baltsolar.lt\/en\/wp-json\/wp\/v2\/product_brand?post=2968"},{"taxonomy":"product_cat","embeddable":true,"href":"https:\/\/baltsolar.lt\/en\/wp-json\/wp\/v2\/product_cat?post=2968"},{"taxonomy":"product_tag","embeddable":true,"href":"https:\/\/baltsolar.lt\/en\/wp-json\/wp\/v2\/product_tag?post=2968"},{"taxonomy":"berocket_brand","embeddable":true,"href":"https:\/\/baltsolar.lt\/en\/wp-json\/wp\/v2\/berocket_brand?post=2968"}],"curies":[{"name":"wp","href":"https:\/\/api.w.org\/{rel}","templated":true}]}}