{"id":2972,"date":"2026-03-18T07:33:59","date_gmt":"2026-03-18T05:33:59","guid":{"rendered":"https:\/\/baltsolar.lt\/?post_type=product&#038;p=2972"},"modified":"2026-03-18T08:20:42","modified_gmt":"2026-03-18T06:20:42","slug":"automobiliu-krovimo-stoteles-teltonika-teltocharge-dangeliai","status":"publish","type":"product","link":"https:\/\/baltsolar.lt\/en\/product\/automobiliu-krovimo-stoteles-teltonika-teltocharge-dangeliai\/","title":{"rendered":"Automobili\u0173 krovimo stotel\u0117s Teltonika TeltoCharge dangeliai"},"content":{"rendered":"<p>Teltonika \u201eTeltoCharge\u201c dangtelius gamina i\u0161 auk\u0161\u010diausios kokyb\u0117s plastiko arba med\u017eio, lengvai pritaikomas ir lengvai naudojamas EV \u012fkrovimo sprendimas, si\u016blantis i\u0161skirtin\u012f gamin\u012f, kuriame derinamas funkcionalumas, auk\u0161\u010diausios kokyb\u0117s i\u0161vaizda, auk\u0161tos kokyb\u0117s konstrukcija ir i\u0161maniosios EV \u012fkrovimo funkcijos.<\/p>\n<p>Pagaminta Lietuvoje.<\/p>","protected":false},"excerpt":{"rendered":"<ul>\n<li>Dangtelis apsaugo nuo dulki\u0173, dr\u0117gm\u0117s ir kit\u0173 i\u0161orini\u0173 veiksni\u0173, u\u017etikrinant ilgalaik\u012f \u012frenginio patikimum\u0105.<\/li>\n<li>Atsparumas spinduliams ir temperat\u016bros poky\u010diams.<\/li>\n<li>Konstrukcija pritaikyta greitam ir paprastam montavimui, kad b\u016bt\u0173 patogu naudoti bet kokiomis s\u0105lygomis.<\/li>\n<li>Daug spalv\u0173, priderinamas prie \u012fvair\u0173 poreiki\u0173.<\/li>\n<\/ul>","protected":false},"featured_media":2974,"template":"","meta":{"inline_featured_image":false},"product_brand":[],"product_cat":[61],"product_tag":[110],"berocket_brand":[147],"class_list":{"0":"post-2972","1":"product","2":"type-product","3":"status-publish","4":"has-post-thumbnail","6":"product_cat-elektromobiliu-ikrovimo-sistemos","7":"product_tag-yra-sandelyje","8":"pa_elektros-ivadas-trifazis","9":"pa_galingumas-22kw","10":"berocket_brand-teltonika","12":"first","13":"instock","14":"taxable","15":"shipping-taxable","16":"purchasable","17":"product-type-simple"},"yoast_head":"<!-- This site is optimized with the Yoast SEO plugin v24.8 - https:\/\/yoast.com\/wordpress\/plugins\/seo\/ -->\n<title>Automobili\u0173 krovimo stotel\u0117s Teltonika TeltoCharge dangeliai - BALTSOLAR<\/title>\n<meta name=\"robots\" content=\"index, follow, max-snippet:-1, max-image-preview:large, max-video-preview:-1\" \/>\n<link rel=\"canonical\" href=\"https:\/\/baltsolar.lt\/en\/product\/automobiliu-krovimo-stoteles-teltonika-teltocharge-dangeliai\/\" \/>\n<meta property=\"og:locale\" content=\"en_US\" \/>\n<meta property=\"og:type\" content=\"article\" \/>\n<meta property=\"og:title\" content=\"Automobili\u0173 krovimo stotel\u0117s Teltonika TeltoCharge dangeliai - BALTSOLAR\" \/>\n<meta property=\"og:description\" content=\"Dangtelis apsaugo nuo dulki\u0173, dr\u0117gm\u0117s ir kit\u0173 i\u0161orini\u0173 veiksni\u0173, u\u017etikrinant ilgalaik\u012f \u012frenginio patikimum\u0105.  Atsparumas spinduliams ir temperat\u016bros poky\u010diams.  Konstrukcija pritaikyta greitam ir paprastam montavimui, kad b\u016bt\u0173 patogu naudoti bet kokiomis s\u0105lygomis.  Daug spalv\u0173, priderinamas prie \u012fvair\u0173 poreiki\u0173.\" \/>\n<meta property=\"og:url\" content=\"https:\/\/baltsolar.lt\/en\/product\/automobiliu-krovimo-stoteles-teltonika-teltocharge-dangeliai\/\" \/>\n<meta property=\"og:site_name\" content=\"BALTSOLAR\" \/>\n<meta property=\"article:modified_time\" content=\"2026-03-18T06:20:42+00:00\" \/>\n<meta property=\"og:image\" content=\"https:\/\/baltsolar.lt\/wp-content\/uploads\/2026\/03\/telto-dangt-su-hab.png\" \/>\n\t<meta property=\"og:image:width\" content=\"461\" \/>\n\t<meta property=\"og:image:height\" content=\"622\" \/>\n\t<meta property=\"og:image:type\" content=\"image\/png\" \/>\n<meta name=\"twitter:card\" content=\"summary_large_image\" \/>\n<meta name=\"twitter:label1\" content=\"Est. reading time\" \/>\n\t<meta name=\"twitter:data1\" content=\"1 minute\" \/>\n<script type=\"application\/ld+json\" class=\"yoast-schema-graph\">{\"@context\":\"https:\/\/schema.org\",\"@graph\":[{\"@type\":\"WebPage\",\"@id\":\"https:\/\/baltsolar.lt\/produktas\/automobiliu-krovimo-stoteles-teltonika-teltocharge-dangeliai\/\",\"url\":\"https:\/\/baltsolar.lt\/produktas\/automobiliu-krovimo-stoteles-teltonika-teltocharge-dangeliai\/\",\"name\":\"Automobili\u0173 krovimo stotel\u0117s Teltonika TeltoCharge dangeliai - BALTSOLAR\",\"isPartOf\":{\"@id\":\"https:\/\/baltsolar.lt\/#website\"},\"primaryImageOfPage\":{\"@id\":\"https:\/\/baltsolar.lt\/produktas\/automobiliu-krovimo-stoteles-teltonika-teltocharge-dangeliai\/#primaryimage\"},\"image\":{\"@id\":\"https:\/\/baltsolar.lt\/produktas\/automobiliu-krovimo-stoteles-teltonika-teltocharge-dangeliai\/#primaryimage\"},\"thumbnailUrl\":\"https:\/\/baltsolar.lt\/wp-content\/uploads\/2026\/03\/telto-dangt-su-hab.png\",\"datePublished\":\"2026-03-18T05:33:59+00:00\",\"dateModified\":\"2026-03-18T06:20:42+00:00\",\"breadcrumb\":{\"@id\":\"https:\/\/baltsolar.lt\/produktas\/automobiliu-krovimo-stoteles-teltonika-teltocharge-dangeliai\/#breadcrumb\"},\"inLanguage\":\"en-US\",\"potentialAction\":[{\"@type\":\"ReadAction\",\"target\":[\"https:\/\/baltsolar.lt\/produktas\/automobiliu-krovimo-stoteles-teltonika-teltocharge-dangeliai\/\"]}]},{\"@type\":\"ImageObject\",\"inLanguage\":\"en-US\",\"@id\":\"https:\/\/baltsolar.lt\/produktas\/automobiliu-krovimo-stoteles-teltonika-teltocharge-dangeliai\/#primaryimage\",\"url\":\"https:\/\/baltsolar.lt\/wp-content\/uploads\/2026\/03\/telto-dangt-su-hab.png\",\"contentUrl\":\"https:\/\/baltsolar.lt\/wp-content\/uploads\/2026\/03\/telto-dangt-su-hab.png\",\"width\":461,\"height\":622},{\"@type\":\"BreadcrumbList\",\"@id\":\"https:\/\/baltsolar.lt\/produktas\/automobiliu-krovimo-stoteles-teltonika-teltocharge-dangeliai\/#breadcrumb\",\"itemListElement\":[{\"@type\":\"ListItem\",\"position\":1,\"name\":\"Home\",\"item\":\"https:\/\/baltsolar.lt\/\"},{\"@type\":\"ListItem\",\"position\":2,\"name\":\"Produkt\u0173 katalogas\",\"item\":\"https:\/\/baltsolar.lt\/katalogas\/\"},{\"@type\":\"ListItem\",\"position\":3,\"name\":\"Automobili\u0173 krovimo stotel\u0117s Teltonika TeltoCharge dangeliai\"}]},{\"@type\":\"WebSite\",\"@id\":\"https:\/\/baltsolar.lt\/#website\",\"url\":\"https:\/\/baltsolar.lt\/\",\"name\":\"BALTSOLAR\",\"description\":\"\",\"publisher\":{\"@id\":\"https:\/\/baltsolar.lt\/#organization\"},\"potentialAction\":[{\"@type\":\"SearchAction\",\"target\":{\"@type\":\"EntryPoint\",\"urlTemplate\":\"https:\/\/baltsolar.lt\/?s={search_term_string}\"},\"query-input\":{\"@type\":\"PropertyValueSpecification\",\"valueRequired\":true,\"valueName\":\"search_term_string\"}}],\"inLanguage\":\"en-US\"},{\"@type\":\"Organization\",\"@id\":\"https:\/\/baltsolar.lt\/#organization\",\"name\":\"BALTSOLAR\",\"url\":\"https:\/\/baltsolar.lt\/\",\"logo\":{\"@type\":\"ImageObject\",\"inLanguage\":\"en-US\",\"@id\":\"https:\/\/baltsolar.lt\/#\/schema\/logo\/image\/\",\"url\":\"https:\/\/baltsolar.lt\/wp-content\/uploads\/2023\/03\/BALTSOLAR_LOGO.svg\",\"contentUrl\":\"https:\/\/baltsolar.lt\/wp-content\/uploads\/2023\/03\/BALTSOLAR_LOGO.svg\",\"width\":447,\"height\":139,\"caption\":\"BALTSOLAR\"},\"image\":{\"@id\":\"https:\/\/baltsolar.lt\/#\/schema\/logo\/image\/\"}}]}<\/script>\n<!-- \/ Yoast SEO plugin. -->","yoast_head_json":{"title":"Automobili\u0173 krovimo stotel\u0117s Teltonika TeltoCharge dangeliai - BALTSOLAR","robots":{"index":"index","follow":"follow","max-snippet":"max-snippet:-1","max-image-preview":"max-image-preview:large","max-video-preview":"max-video-preview:-1"},"canonical":"https:\/\/baltsolar.lt\/en\/product\/automobiliu-krovimo-stoteles-teltonika-teltocharge-dangeliai\/","og_locale":"en_US","og_type":"article","og_title":"Automobili\u0173 krovimo stotel\u0117s Teltonika TeltoCharge dangeliai - BALTSOLAR","og_description":"Dangtelis apsaugo nuo dulki\u0173, dr\u0117gm\u0117s ir kit\u0173 i\u0161orini\u0173 veiksni\u0173, u\u017etikrinant ilgalaik\u012f \u012frenginio patikimum\u0105.  Atsparumas spinduliams ir temperat\u016bros poky\u010diams.  Konstrukcija pritaikyta greitam ir paprastam montavimui, kad b\u016bt\u0173 patogu naudoti bet kokiomis s\u0105lygomis.  Daug spalv\u0173, priderinamas prie \u012fvair\u0173 poreiki\u0173.","og_url":"https:\/\/baltsolar.lt\/en\/product\/automobiliu-krovimo-stoteles-teltonika-teltocharge-dangeliai\/","og_site_name":"BALTSOLAR","article_modified_time":"2026-03-18T06:20:42+00:00","og_image":[{"width":461,"height":622,"url":"https:\/\/baltsolar.lt\/wp-content\/uploads\/2026\/03\/telto-dangt-su-hab.png","type":"image\/png"}],"twitter_card":"summary_large_image","twitter_misc":{"Est. reading time":"1 minute"},"schema":{"@context":"https:\/\/schema.org","@graph":[{"@type":"WebPage","@id":"https:\/\/baltsolar.lt\/produktas\/automobiliu-krovimo-stoteles-teltonika-teltocharge-dangeliai\/","url":"https:\/\/baltsolar.lt\/produktas\/automobiliu-krovimo-stoteles-teltonika-teltocharge-dangeliai\/","name":"Automobili\u0173 krovimo stotel\u0117s Teltonika TeltoCharge dangeliai - BALTSOLAR","isPartOf":{"@id":"https:\/\/baltsolar.lt\/#website"},"primaryImageOfPage":{"@id":"https:\/\/baltsolar.lt\/produktas\/automobiliu-krovimo-stoteles-teltonika-teltocharge-dangeliai\/#primaryimage"},"image":{"@id":"https:\/\/baltsolar.lt\/produktas\/automobiliu-krovimo-stoteles-teltonika-teltocharge-dangeliai\/#primaryimage"},"thumbnailUrl":"https:\/\/baltsolar.lt\/wp-content\/uploads\/2026\/03\/telto-dangt-su-hab.png","datePublished":"2026-03-18T05:33:59+00:00","dateModified":"2026-03-18T06:20:42+00:00","breadcrumb":{"@id":"https:\/\/baltsolar.lt\/produktas\/automobiliu-krovimo-stoteles-teltonika-teltocharge-dangeliai\/#breadcrumb"},"inLanguage":"en-US","potentialAction":[{"@type":"ReadAction","target":["https:\/\/baltsolar.lt\/produktas\/automobiliu-krovimo-stoteles-teltonika-teltocharge-dangeliai\/"]}]},{"@type":"ImageObject","inLanguage":"en-US","@id":"https:\/\/baltsolar.lt\/produktas\/automobiliu-krovimo-stoteles-teltonika-teltocharge-dangeliai\/#primaryimage","url":"https:\/\/baltsolar.lt\/wp-content\/uploads\/2026\/03\/telto-dangt-su-hab.png","contentUrl":"https:\/\/baltsolar.lt\/wp-content\/uploads\/2026\/03\/telto-dangt-su-hab.png","width":461,"height":622},{"@type":"BreadcrumbList","@id":"https:\/\/baltsolar.lt\/produktas\/automobiliu-krovimo-stoteles-teltonika-teltocharge-dangeliai\/#breadcrumb","itemListElement":[{"@type":"ListItem","position":1,"name":"Home","item":"https:\/\/baltsolar.lt\/"},{"@type":"ListItem","position":2,"name":"Produkt\u0173 katalogas","item":"https:\/\/baltsolar.lt\/katalogas\/"},{"@type":"ListItem","position":3,"name":"Automobili\u0173 krovimo stotel\u0117s Teltonika TeltoCharge dangeliai"}]},{"@type":"WebSite","@id":"https:\/\/baltsolar.lt\/#website","url":"https:\/\/baltsolar.lt\/","name":"BALTSOLAR","description":"","publisher":{"@id":"https:\/\/baltsolar.lt\/#organization"},"potentialAction":[{"@type":"SearchAction","target":{"@type":"EntryPoint","urlTemplate":"https:\/\/baltsolar.lt\/?s={search_term_string}"},"query-input":{"@type":"PropertyValueSpecification","valueRequired":true,"valueName":"search_term_string"}}],"inLanguage":"en-US"},{"@type":"Organization","@id":"https:\/\/baltsolar.lt\/#organization","name":"BALTSOLAR","url":"https:\/\/baltsolar.lt\/","logo":{"@type":"ImageObject","inLanguage":"en-US","@id":"https:\/\/baltsolar.lt\/#\/schema\/logo\/image\/","url":"https:\/\/baltsolar.lt\/wp-content\/uploads\/2023\/03\/BALTSOLAR_LOGO.svg","contentUrl":"https:\/\/baltsolar.lt\/wp-content\/uploads\/2023\/03\/BALTSOLAR_LOGO.svg","width":447,"height":139,"caption":"BALTSOLAR"},"image":{"@id":"https:\/\/baltsolar.lt\/#\/schema\/logo\/image\/"}}]}},"_links":{"self":[{"href":"https:\/\/baltsolar.lt\/en\/wp-json\/wp\/v2\/product\/2972","targetHints":{"allow":["GET"]}}],"collection":[{"href":"https:\/\/baltsolar.lt\/en\/wp-json\/wp\/v2\/product"}],"about":[{"href":"https:\/\/baltsolar.lt\/en\/wp-json\/wp\/v2\/types\/product"}],"wp:featuredmedia":[{"embeddable":true,"href":"https:\/\/baltsolar.lt\/en\/wp-json\/wp\/v2\/media\/2974"}],"wp:attachment":[{"href":"https:\/\/baltsolar.lt\/en\/wp-json\/wp\/v2\/media?parent=2972"}],"wp:term":[{"taxonomy":"product_brand","embeddable":true,"href":"https:\/\/baltsolar.lt\/en\/wp-json\/wp\/v2\/product_brand?post=2972"},{"taxonomy":"product_cat","embeddable":true,"href":"https:\/\/baltsolar.lt\/en\/wp-json\/wp\/v2\/product_cat?post=2972"},{"taxonomy":"product_tag","embeddable":true,"href":"https:\/\/baltsolar.lt\/en\/wp-json\/wp\/v2\/product_tag?post=2972"},{"taxonomy":"berocket_brand","embeddable":true,"href":"https:\/\/baltsolar.lt\/en\/wp-json\/wp\/v2\/berocket_brand?post=2972"}],"curies":[{"name":"wp","href":"https:\/\/api.w.org\/{rel}","templated":true}]}}