{"id":3036,"date":"2026-05-08T11:03:10","date_gmt":"2026-05-08T08:03:10","guid":{"rendered":"https:\/\/baltsolar.lt\/?post_type=product&#038;p=3036"},"modified":"2026-05-08T11:13:37","modified_gmt":"2026-05-08T08:13:37","slug":"suntech-stp445s-i54-nsfb-445-w-full-black-bifacial","status":"publish","type":"product","link":"https:\/\/baltsolar.lt\/en\/product\/suntech-stp445s-i54-nsfb-445-w-full-black-bifacial\/","title":{"rendered":"Suntech STP445S-I54-Nsfb+ (445 W) Full Black Bifacial"},"content":{"rendered":"<p data-path-to-node=\"0\">\u201eSuntech\u201c (pilnas pavadinimas \u2013 <b data-path-to-node=\"0\" data-index-in-node=\"32\">Suntech Power<\/b>) yra vieni i\u0161 fotovoltikos pramon\u0117s veteran\u0173, rinkoje veikiantys nuo 2001 met\u0173. Tai vienas \u017einomiausi\u0173 Kinijos gamintoj\u0173, kuris ilg\u0105 laik\u0105 diktavo saul\u0117s moduli\u0173 gamybos standartus pasaulyje.<\/p>\n<p data-path-to-node=\"1\">\u0160tai pagrindiniai akcentai apie j\u0173 produkcij\u0105:<\/p>\n<h3 data-path-to-node=\"2\">Pagrindin\u0117s savyb\u0117s<\/h3>\n<ul data-path-to-node=\"3\">\n<li>\n<p data-path-to-node=\"3,0,0\"><b data-path-to-node=\"3,0,0\" data-index-in-node=\"0\">\u201eTier 1\u201c statusas:<\/b> \u201eSuntech\u201c stabiliai patenka \u012f \u201eBloombergNEF Tier 1\u201c s\u0105ra\u0161\u0105. Tai rei\u0161kia, kad \u012fmon\u0117 yra finansi\u0161kai patikima, o j\u0173 produkcija vertinama bank\u0173 bei did\u017ei\u0173j\u0173 investuotoj\u0173.<\/p>\n<\/li>\n<li>\n<p data-path-to-node=\"3,1,0\"><b data-path-to-node=\"3,1,0\" data-index-in-node=\"0\">Platus technologij\u0173 pasirinkimas:<\/b> Gamintojas naudoja modernias technologijas, tokias kaip <b data-path-to-node=\"3,1,0\" data-index-in-node=\"90\">N-type TOPCon<\/b>, <b data-path-to-node=\"3,1,0\" data-index-in-node=\"105\">Half-cut<\/b> celi\u0173 strukt\u016br\u0105 bei <b data-path-to-node=\"3,1,0\" data-index-in-node=\"134\">Bifacial<\/b> (dvipusius) modulius, kurie leid\u017eia pasiekti auk\u0161t\u0105 efektyvum\u0105 (da\u017enai vir\u0161ijant\u012f 22%).<\/p>\n<\/li>\n<li>\n<p data-path-to-node=\"3,2,0\"><b data-path-to-node=\"3,2,0\" data-index-in-node=\"0\">Atsparumas aplinkai:<\/b> Moduliai yra grie\u017etai testuojami d\u0117l atsparumo druskos r\u016bkui, amoniakui bei sm\u0117lio audroms, tod\u0117l puikiai tinka tiek paj\u016brio regionams, tiek pramonin\u0117ms zonoms.<\/p>\n<\/li>\n<\/ul>","protected":false},"excerpt":{"rendered":"<ul>\n<li><strong>Manufacturer country<\/strong>: China<\/li>\n<li><strong>Power<\/strong>: 445W<\/li>\n<li><strong>Warranty<\/strong>: 25y<\/li>\n<\/ul>","protected":false},"featured_media":3037,"template":"","meta":{"inline_featured_image":false},"product_brand":[],"product_cat":[30,32],"product_tag":[142,110],"berocket_brand":[148],"class_list":{"0":"post-3036","1":"product","2":"type-product","3":"status-publish","4":"has-post-thumbnail","6":"product_cat-saules-elektrines","7":"product_cat-fotovoltiniai-moduliai","8":"product_tag-ispardavimas","9":"product_tag-yra-sandelyje","10":"pa_galingumas-420w","11":"berocket_brand-suntech","13":"first","14":"instock","15":"sale","16":"taxable","17":"shipping-taxable","18":"purchasable","19":"product-type-simple"},"yoast_head":"<!-- This site is optimized with the Yoast SEO plugin v24.8 - https:\/\/yoast.com\/wordpress\/plugins\/seo\/ -->\n<title>Suntech STP445S-I54-Nsfb+ (445 W) Full Black Bifacial - BALTSOLAR<\/title>\n<meta name=\"robots\" content=\"index, follow, max-snippet:-1, max-image-preview:large, max-video-preview:-1\" \/>\n<link rel=\"canonical\" href=\"https:\/\/baltsolar.lt\/en\/product\/suntech-stp445s-i54-nsfb-445-w-full-black-bifacial\/\" \/>\n<meta property=\"og:locale\" content=\"en_US\" \/>\n<meta property=\"og:type\" content=\"article\" \/>\n<meta property=\"og:title\" content=\"Suntech STP445S-I54-Nsfb+ (445 W) Full Black Bifacial - BALTSOLAR\" \/>\n<meta property=\"og:description\" content=\"Manufacturer country: China  Power: 445W  Warranty: 25y\" \/>\n<meta property=\"og:url\" content=\"https:\/\/baltsolar.lt\/en\/product\/suntech-stp445s-i54-nsfb-445-w-full-black-bifacial\/\" \/>\n<meta property=\"og:site_name\" content=\"BALTSOLAR\" \/>\n<meta property=\"article:modified_time\" content=\"2026-05-08T08:13:37+00:00\" \/>\n<meta property=\"og:image\" content=\"https:\/\/baltsolar.lt\/wp-content\/uploads\/2026\/05\/Suntech-STP445S-I54-Nsfb-445-W-Full-Black-Bifacial.png\" \/>\n\t<meta property=\"og:image:width\" content=\"500\" \/>\n\t<meta property=\"og:image:height\" content=\"500\" \/>\n\t<meta property=\"og:image:type\" content=\"image\/png\" \/>\n<meta name=\"twitter:card\" content=\"summary_large_image\" \/>\n<meta name=\"twitter:label1\" content=\"Est. reading time\" \/>\n\t<meta name=\"twitter:data1\" content=\"1 minute\" \/>\n<script type=\"application\/ld+json\" class=\"yoast-schema-graph\">{\"@context\":\"https:\/\/schema.org\",\"@graph\":[{\"@type\":\"WebPage\",\"@id\":\"https:\/\/baltsolar.lt\/produktas\/suntech-stp445s-i54-nsfb-445-w-full-black-bifacial\/\",\"url\":\"https:\/\/baltsolar.lt\/produktas\/suntech-stp445s-i54-nsfb-445-w-full-black-bifacial\/\",\"name\":\"Suntech STP445S-I54-Nsfb+ (445 W) Full Black Bifacial - BALTSOLAR\",\"isPartOf\":{\"@id\":\"https:\/\/baltsolar.lt\/#website\"},\"primaryImageOfPage\":{\"@id\":\"https:\/\/baltsolar.lt\/produktas\/suntech-stp445s-i54-nsfb-445-w-full-black-bifacial\/#primaryimage\"},\"image\":{\"@id\":\"https:\/\/baltsolar.lt\/produktas\/suntech-stp445s-i54-nsfb-445-w-full-black-bifacial\/#primaryimage\"},\"thumbnailUrl\":\"https:\/\/baltsolar.lt\/wp-content\/uploads\/2026\/05\/Suntech-STP445S-I54-Nsfb-445-W-Full-Black-Bifacial.png\",\"datePublished\":\"2026-05-08T08:03:10+00:00\",\"dateModified\":\"2026-05-08T08:13:37+00:00\",\"breadcrumb\":{\"@id\":\"https:\/\/baltsolar.lt\/produktas\/suntech-stp445s-i54-nsfb-445-w-full-black-bifacial\/#breadcrumb\"},\"inLanguage\":\"en-US\",\"potentialAction\":[{\"@type\":\"ReadAction\",\"target\":[\"https:\/\/baltsolar.lt\/produktas\/suntech-stp445s-i54-nsfb-445-w-full-black-bifacial\/\"]}]},{\"@type\":\"ImageObject\",\"inLanguage\":\"en-US\",\"@id\":\"https:\/\/baltsolar.lt\/produktas\/suntech-stp445s-i54-nsfb-445-w-full-black-bifacial\/#primaryimage\",\"url\":\"https:\/\/baltsolar.lt\/wp-content\/uploads\/2026\/05\/Suntech-STP445S-I54-Nsfb-445-W-Full-Black-Bifacial.png\",\"contentUrl\":\"https:\/\/baltsolar.lt\/wp-content\/uploads\/2026\/05\/Suntech-STP445S-I54-Nsfb-445-W-Full-Black-Bifacial.png\",\"width\":500,\"height\":500,\"caption\":\"Suntech STP445S-I54-Nsfb+ (445 W) Full Black Bifacial\"},{\"@type\":\"BreadcrumbList\",\"@id\":\"https:\/\/baltsolar.lt\/produktas\/suntech-stp445s-i54-nsfb-445-w-full-black-bifacial\/#breadcrumb\",\"itemListElement\":[{\"@type\":\"ListItem\",\"position\":1,\"name\":\"Home\",\"item\":\"https:\/\/baltsolar.lt\/\"},{\"@type\":\"ListItem\",\"position\":2,\"name\":\"Produkt\u0173 katalogas\",\"item\":\"https:\/\/baltsolar.lt\/katalogas\/\"},{\"@type\":\"ListItem\",\"position\":3,\"name\":\"Suntech STP445S-I54-Nsfb+ (445 W) Full Black Bifacial\"}]},{\"@type\":\"WebSite\",\"@id\":\"https:\/\/baltsolar.lt\/#website\",\"url\":\"https:\/\/baltsolar.lt\/\",\"name\":\"BALTSOLAR\",\"description\":\"\",\"publisher\":{\"@id\":\"https:\/\/baltsolar.lt\/#organization\"},\"potentialAction\":[{\"@type\":\"SearchAction\",\"target\":{\"@type\":\"EntryPoint\",\"urlTemplate\":\"https:\/\/baltsolar.lt\/?s={search_term_string}\"},\"query-input\":{\"@type\":\"PropertyValueSpecification\",\"valueRequired\":true,\"valueName\":\"search_term_string\"}}],\"inLanguage\":\"en-US\"},{\"@type\":\"Organization\",\"@id\":\"https:\/\/baltsolar.lt\/#organization\",\"name\":\"BALTSOLAR\",\"url\":\"https:\/\/baltsolar.lt\/\",\"logo\":{\"@type\":\"ImageObject\",\"inLanguage\":\"en-US\",\"@id\":\"https:\/\/baltsolar.lt\/#\/schema\/logo\/image\/\",\"url\":\"https:\/\/baltsolar.lt\/wp-content\/uploads\/2023\/03\/BALTSOLAR_LOGO.svg\",\"contentUrl\":\"https:\/\/baltsolar.lt\/wp-content\/uploads\/2023\/03\/BALTSOLAR_LOGO.svg\",\"width\":447,\"height\":139,\"caption\":\"BALTSOLAR\"},\"image\":{\"@id\":\"https:\/\/baltsolar.lt\/#\/schema\/logo\/image\/\"}}]}<\/script>\n<!-- \/ Yoast SEO plugin. -->","yoast_head_json":{"title":"Suntech STP445S-I54-Nsfb+ (445 W) Full Black Bifacial - BALTSOLAR","robots":{"index":"index","follow":"follow","max-snippet":"max-snippet:-1","max-image-preview":"max-image-preview:large","max-video-preview":"max-video-preview:-1"},"canonical":"https:\/\/baltsolar.lt\/en\/product\/suntech-stp445s-i54-nsfb-445-w-full-black-bifacial\/","og_locale":"en_US","og_type":"article","og_title":"Suntech STP445S-I54-Nsfb+ (445 W) Full Black Bifacial - BALTSOLAR","og_description":"Manufacturer country: China  Power: 445W  Warranty: 25y","og_url":"https:\/\/baltsolar.lt\/en\/product\/suntech-stp445s-i54-nsfb-445-w-full-black-bifacial\/","og_site_name":"BALTSOLAR","article_modified_time":"2026-05-08T08:13:37+00:00","og_image":[{"width":500,"height":500,"url":"https:\/\/baltsolar.lt\/wp-content\/uploads\/2026\/05\/Suntech-STP445S-I54-Nsfb-445-W-Full-Black-Bifacial.png","type":"image\/png"}],"twitter_card":"summary_large_image","twitter_misc":{"Est. reading time":"1 minute"},"schema":{"@context":"https:\/\/schema.org","@graph":[{"@type":"WebPage","@id":"https:\/\/baltsolar.lt\/produktas\/suntech-stp445s-i54-nsfb-445-w-full-black-bifacial\/","url":"https:\/\/baltsolar.lt\/produktas\/suntech-stp445s-i54-nsfb-445-w-full-black-bifacial\/","name":"Suntech STP445S-I54-Nsfb+ (445 W) Full Black Bifacial - BALTSOLAR","isPartOf":{"@id":"https:\/\/baltsolar.lt\/#website"},"primaryImageOfPage":{"@id":"https:\/\/baltsolar.lt\/produktas\/suntech-stp445s-i54-nsfb-445-w-full-black-bifacial\/#primaryimage"},"image":{"@id":"https:\/\/baltsolar.lt\/produktas\/suntech-stp445s-i54-nsfb-445-w-full-black-bifacial\/#primaryimage"},"thumbnailUrl":"https:\/\/baltsolar.lt\/wp-content\/uploads\/2026\/05\/Suntech-STP445S-I54-Nsfb-445-W-Full-Black-Bifacial.png","datePublished":"2026-05-08T08:03:10+00:00","dateModified":"2026-05-08T08:13:37+00:00","breadcrumb":{"@id":"https:\/\/baltsolar.lt\/produktas\/suntech-stp445s-i54-nsfb-445-w-full-black-bifacial\/#breadcrumb"},"inLanguage":"en-US","potentialAction":[{"@type":"ReadAction","target":["https:\/\/baltsolar.lt\/produktas\/suntech-stp445s-i54-nsfb-445-w-full-black-bifacial\/"]}]},{"@type":"ImageObject","inLanguage":"en-US","@id":"https:\/\/baltsolar.lt\/produktas\/suntech-stp445s-i54-nsfb-445-w-full-black-bifacial\/#primaryimage","url":"https:\/\/baltsolar.lt\/wp-content\/uploads\/2026\/05\/Suntech-STP445S-I54-Nsfb-445-W-Full-Black-Bifacial.png","contentUrl":"https:\/\/baltsolar.lt\/wp-content\/uploads\/2026\/05\/Suntech-STP445S-I54-Nsfb-445-W-Full-Black-Bifacial.png","width":500,"height":500,"caption":"Suntech STP445S-I54-Nsfb+ (445 W) Full Black Bifacial"},{"@type":"BreadcrumbList","@id":"https:\/\/baltsolar.lt\/produktas\/suntech-stp445s-i54-nsfb-445-w-full-black-bifacial\/#breadcrumb","itemListElement":[{"@type":"ListItem","position":1,"name":"Home","item":"https:\/\/baltsolar.lt\/"},{"@type":"ListItem","position":2,"name":"Produkt\u0173 katalogas","item":"https:\/\/baltsolar.lt\/katalogas\/"},{"@type":"ListItem","position":3,"name":"Suntech STP445S-I54-Nsfb+ (445 W) Full Black Bifacial"}]},{"@type":"WebSite","@id":"https:\/\/baltsolar.lt\/#website","url":"https:\/\/baltsolar.lt\/","name":"BALTSOLAR","description":"","publisher":{"@id":"https:\/\/baltsolar.lt\/#organization"},"potentialAction":[{"@type":"SearchAction","target":{"@type":"EntryPoint","urlTemplate":"https:\/\/baltsolar.lt\/?s={search_term_string}"},"query-input":{"@type":"PropertyValueSpecification","valueRequired":true,"valueName":"search_term_string"}}],"inLanguage":"en-US"},{"@type":"Organization","@id":"https:\/\/baltsolar.lt\/#organization","name":"BALTSOLAR","url":"https:\/\/baltsolar.lt\/","logo":{"@type":"ImageObject","inLanguage":"en-US","@id":"https:\/\/baltsolar.lt\/#\/schema\/logo\/image\/","url":"https:\/\/baltsolar.lt\/wp-content\/uploads\/2023\/03\/BALTSOLAR_LOGO.svg","contentUrl":"https:\/\/baltsolar.lt\/wp-content\/uploads\/2023\/03\/BALTSOLAR_LOGO.svg","width":447,"height":139,"caption":"BALTSOLAR"},"image":{"@id":"https:\/\/baltsolar.lt\/#\/schema\/logo\/image\/"}}]}},"_links":{"self":[{"href":"https:\/\/baltsolar.lt\/en\/wp-json\/wp\/v2\/product\/3036","targetHints":{"allow":["GET"]}}],"collection":[{"href":"https:\/\/baltsolar.lt\/en\/wp-json\/wp\/v2\/product"}],"about":[{"href":"https:\/\/baltsolar.lt\/en\/wp-json\/wp\/v2\/types\/product"}],"wp:featuredmedia":[{"embeddable":true,"href":"https:\/\/baltsolar.lt\/en\/wp-json\/wp\/v2\/media\/3037"}],"wp:attachment":[{"href":"https:\/\/baltsolar.lt\/en\/wp-json\/wp\/v2\/media?parent=3036"}],"wp:term":[{"taxonomy":"product_brand","embeddable":true,"href":"https:\/\/baltsolar.lt\/en\/wp-json\/wp\/v2\/product_brand?post=3036"},{"taxonomy":"product_cat","embeddable":true,"href":"https:\/\/baltsolar.lt\/en\/wp-json\/wp\/v2\/product_cat?post=3036"},{"taxonomy":"product_tag","embeddable":true,"href":"https:\/\/baltsolar.lt\/en\/wp-json\/wp\/v2\/product_tag?post=3036"},{"taxonomy":"berocket_brand","embeddable":true,"href":"https:\/\/baltsolar.lt\/en\/wp-json\/wp\/v2\/berocket_brand?post=3036"}],"curies":[{"name":"wp","href":"https:\/\/api.w.org\/{rel}","templated":true}]}}