{"id":433,"date":"2023-03-02T12:48:35","date_gmt":"2023-03-02T10:48:35","guid":{"rendered":"https:\/\/baltsolar.lt\/?post_type=product&#038;p=433"},"modified":"2023-04-07T12:13:06","modified_gmt":"2023-04-07T09:13:06","slug":"ismanus-daugiafunkcinis-skaitiklis-eastron-sdm630","status":"publish","type":"product","link":"https:\/\/baltsolar.lt\/en\/product\/ismanus-daugiafunkcinis-skaitiklis-eastron-sdm630\/","title":{"rendered":"Smart meter Eastron SDM630"},"content":{"rendered":"","protected":false},"excerpt":{"rendered":"<ul>\n<li>Three-phase 100A input<\/li>\n<li>The backlit screen is perfectly visible from all angles.<\/li>\n<li>Simple menu navigation.<\/li>\n<\/ul>\n<p>The SDM630 series are three-phase, multi-function, 100A direct connection, DIN-rail mounted electric meters. These meters are characterized by convenient menu navigation, a clearly visible LCD screen. The SDM630 requires a mains voltage input (on and off, neutral input and output) to operate. The meters are self-powered, so no external auxiliary power is required.<\/p>","protected":false},"featured_media":434,"template":"","meta":{"inline_featured_image":false},"product_brand":[],"product_cat":[30,54],"product_tag":[110],"berocket_brand":[],"class_list":{"0":"post-433","1":"product","2":"type-product","3":"status-publish","4":"has-post-thumbnail","6":"product_cat-saules-elektrines","7":"product_cat-instaliacines-medziagos","8":"product_tag-yra-sandelyje","10":"first","11":"instock","12":"taxable","13":"shipping-taxable","14":"purchasable","15":"product-type-simple"},"yoast_head":"<!-- This site is optimized with the Yoast SEO plugin v24.8 - https:\/\/yoast.com\/wordpress\/plugins\/seo\/ -->\n<title>I\u0161manus daugiafunkcinis skaitiklis Eastron SDM630 - BALTSOLAR<\/title>\n<meta name=\"robots\" content=\"index, follow, max-snippet:-1, max-image-preview:large, max-video-preview:-1\" \/>\n<link rel=\"canonical\" href=\"https:\/\/baltsolar.lt\/en\/product\/ismanus-daugiafunkcinis-skaitiklis-eastron-sdm630\/\" \/>\n<meta property=\"og:locale\" content=\"en_US\" \/>\n<meta property=\"og:type\" content=\"article\" \/>\n<meta property=\"og:title\" content=\"I\u0161manus daugiafunkcinis skaitiklis Eastron SDM630 - BALTSOLAR\" \/>\n<meta property=\"og:description\" content=\"Trij\u0173 fazi\u0173 100A \u012f\u0117jimas  Puikiai i\u0161 vis\u0173 kamp\u0173 matomas ekranas su ap\u0161vietimu.  Paprasta meniu navigacija.  SDM630 serija - tai trifaziai, daugiafunkciniai, 100A tiesioginio jungimo, tvirtinami ant DIN b\u0117gelio elektros skaitikliai. \u0160ie skaitikliai pasi\u017eymi patogiu meniu nar\u0161ymu, gerai matomu LCD ekranu. SDM630 reikalinga tinklo \u012ftampos \u012fvestis (\u012fjungta ir i\u0161jungta, neutrali \u012fvestis ir i\u0161vestis), kad veikt\u0173. Skaitikliai yra savaranki\u0161ko maitinimo, tod\u0117l nereikia i\u0161orinio pagalbinio maitinimo.\" \/>\n<meta property=\"og:url\" content=\"https:\/\/baltsolar.lt\/en\/product\/ismanus-daugiafunkcinis-skaitiklis-eastron-sdm630\/\" \/>\n<meta property=\"og:site_name\" content=\"BALTSOLAR\" \/>\n<meta property=\"article:modified_time\" content=\"2023-04-07T09:13:06+00:00\" \/>\n<meta property=\"og:image\" content=\"https:\/\/baltsolar.lt\/wp-content\/uploads\/2023\/03\/Ismanus-daugiafunkcinis-skaitiklis-Eastron-SDM630-BaltSolar.jpg\" \/>\n\t<meta property=\"og:image:width\" content=\"938\" \/>\n\t<meta property=\"og:image:height\" content=\"1062\" \/>\n\t<meta property=\"og:image:type\" content=\"image\/jpeg\" \/>\n<meta name=\"twitter:card\" content=\"summary_large_image\" \/>\n<script type=\"application\/ld+json\" class=\"yoast-schema-graph\">{\"@context\":\"https:\/\/schema.org\",\"@graph\":[{\"@type\":\"WebPage\",\"@id\":\"https:\/\/baltsolar.lt\/produktas\/ismanus-daugiafunkcinis-skaitiklis-eastron-sdm630\/\",\"url\":\"https:\/\/baltsolar.lt\/produktas\/ismanus-daugiafunkcinis-skaitiklis-eastron-sdm630\/\",\"name\":\"I\u0161manus daugiafunkcinis skaitiklis Eastron SDM630 - BALTSOLAR\",\"isPartOf\":{\"@id\":\"https:\/\/baltsolar.lt\/#website\"},\"primaryImageOfPage\":{\"@id\":\"https:\/\/baltsolar.lt\/produktas\/ismanus-daugiafunkcinis-skaitiklis-eastron-sdm630\/#primaryimage\"},\"image\":{\"@id\":\"https:\/\/baltsolar.lt\/produktas\/ismanus-daugiafunkcinis-skaitiklis-eastron-sdm630\/#primaryimage\"},\"thumbnailUrl\":\"https:\/\/baltsolar.lt\/wp-content\/uploads\/2023\/03\/Ismanus-daugiafunkcinis-skaitiklis-Eastron-SDM630-BaltSolar.jpg\",\"datePublished\":\"2023-03-02T10:48:35+00:00\",\"dateModified\":\"2023-04-07T09:13:06+00:00\",\"breadcrumb\":{\"@id\":\"https:\/\/baltsolar.lt\/produktas\/ismanus-daugiafunkcinis-skaitiklis-eastron-sdm630\/#breadcrumb\"},\"inLanguage\":\"en-US\",\"potentialAction\":[{\"@type\":\"ReadAction\",\"target\":[\"https:\/\/baltsolar.lt\/produktas\/ismanus-daugiafunkcinis-skaitiklis-eastron-sdm630\/\"]}]},{\"@type\":\"ImageObject\",\"inLanguage\":\"en-US\",\"@id\":\"https:\/\/baltsolar.lt\/produktas\/ismanus-daugiafunkcinis-skaitiklis-eastron-sdm630\/#primaryimage\",\"url\":\"https:\/\/baltsolar.lt\/wp-content\/uploads\/2023\/03\/Ismanus-daugiafunkcinis-skaitiklis-Eastron-SDM630-BaltSolar.jpg\",\"contentUrl\":\"https:\/\/baltsolar.lt\/wp-content\/uploads\/2023\/03\/Ismanus-daugiafunkcinis-skaitiklis-Eastron-SDM630-BaltSolar.jpg\",\"width\":938,\"height\":1062},{\"@type\":\"BreadcrumbList\",\"@id\":\"https:\/\/baltsolar.lt\/produktas\/ismanus-daugiafunkcinis-skaitiklis-eastron-sdm630\/#breadcrumb\",\"itemListElement\":[{\"@type\":\"ListItem\",\"position\":1,\"name\":\"Home\",\"item\":\"https:\/\/baltsolar.lt\/\"},{\"@type\":\"ListItem\",\"position\":2,\"name\":\"Produkt\u0173 katalogas\",\"item\":\"https:\/\/baltsolar.lt\/katalogas\/\"},{\"@type\":\"ListItem\",\"position\":3,\"name\":\"I\u0161manus daugiafunkcinis skaitiklis Eastron SDM630\"}]},{\"@type\":\"WebSite\",\"@id\":\"https:\/\/baltsolar.lt\/#website\",\"url\":\"https:\/\/baltsolar.lt\/\",\"name\":\"BALTSOLAR\",\"description\":\"\",\"publisher\":{\"@id\":\"https:\/\/baltsolar.lt\/#organization\"},\"potentialAction\":[{\"@type\":\"SearchAction\",\"target\":{\"@type\":\"EntryPoint\",\"urlTemplate\":\"https:\/\/baltsolar.lt\/?s={search_term_string}\"},\"query-input\":{\"@type\":\"PropertyValueSpecification\",\"valueRequired\":true,\"valueName\":\"search_term_string\"}}],\"inLanguage\":\"en-US\"},{\"@type\":\"Organization\",\"@id\":\"https:\/\/baltsolar.lt\/#organization\",\"name\":\"BALTSOLAR\",\"url\":\"https:\/\/baltsolar.lt\/\",\"logo\":{\"@type\":\"ImageObject\",\"inLanguage\":\"en-US\",\"@id\":\"https:\/\/baltsolar.lt\/#\/schema\/logo\/image\/\",\"url\":\"https:\/\/baltsolar.lt\/wp-content\/uploads\/2023\/03\/BALTSOLAR_LOGO.svg\",\"contentUrl\":\"https:\/\/baltsolar.lt\/wp-content\/uploads\/2023\/03\/BALTSOLAR_LOGO.svg\",\"width\":447,\"height\":139,\"caption\":\"BALTSOLAR\"},\"image\":{\"@id\":\"https:\/\/baltsolar.lt\/#\/schema\/logo\/image\/\"}}]}<\/script>\n<!-- \/ Yoast SEO plugin. -->","yoast_head_json":{"title":"I\u0161manus daugiafunkcinis skaitiklis Eastron SDM630 - BALTSOLAR","robots":{"index":"index","follow":"follow","max-snippet":"max-snippet:-1","max-image-preview":"max-image-preview:large","max-video-preview":"max-video-preview:-1"},"canonical":"https:\/\/baltsolar.lt\/en\/product\/ismanus-daugiafunkcinis-skaitiklis-eastron-sdm630\/","og_locale":"en_US","og_type":"article","og_title":"I\u0161manus daugiafunkcinis skaitiklis Eastron SDM630 - BALTSOLAR","og_description":"Trij\u0173 fazi\u0173 100A \u012f\u0117jimas  Puikiai i\u0161 vis\u0173 kamp\u0173 matomas ekranas su ap\u0161vietimu.  Paprasta meniu navigacija.  SDM630 serija - tai trifaziai, daugiafunkciniai, 100A tiesioginio jungimo, tvirtinami ant DIN b\u0117gelio elektros skaitikliai. \u0160ie skaitikliai pasi\u017eymi patogiu meniu nar\u0161ymu, gerai matomu LCD ekranu. SDM630 reikalinga tinklo \u012ftampos \u012fvestis (\u012fjungta ir i\u0161jungta, neutrali \u012fvestis ir i\u0161vestis), kad veikt\u0173. Skaitikliai yra savaranki\u0161ko maitinimo, tod\u0117l nereikia i\u0161orinio pagalbinio maitinimo.","og_url":"https:\/\/baltsolar.lt\/en\/product\/ismanus-daugiafunkcinis-skaitiklis-eastron-sdm630\/","og_site_name":"BALTSOLAR","article_modified_time":"2023-04-07T09:13:06+00:00","og_image":[{"width":938,"height":1062,"url":"https:\/\/baltsolar.lt\/wp-content\/uploads\/2023\/03\/Ismanus-daugiafunkcinis-skaitiklis-Eastron-SDM630-BaltSolar.jpg","type":"image\/jpeg"}],"twitter_card":"summary_large_image","schema":{"@context":"https:\/\/schema.org","@graph":[{"@type":"WebPage","@id":"https:\/\/baltsolar.lt\/produktas\/ismanus-daugiafunkcinis-skaitiklis-eastron-sdm630\/","url":"https:\/\/baltsolar.lt\/produktas\/ismanus-daugiafunkcinis-skaitiklis-eastron-sdm630\/","name":"I\u0161manus daugiafunkcinis skaitiklis Eastron SDM630 - BALTSOLAR","isPartOf":{"@id":"https:\/\/baltsolar.lt\/#website"},"primaryImageOfPage":{"@id":"https:\/\/baltsolar.lt\/produktas\/ismanus-daugiafunkcinis-skaitiklis-eastron-sdm630\/#primaryimage"},"image":{"@id":"https:\/\/baltsolar.lt\/produktas\/ismanus-daugiafunkcinis-skaitiklis-eastron-sdm630\/#primaryimage"},"thumbnailUrl":"https:\/\/baltsolar.lt\/wp-content\/uploads\/2023\/03\/Ismanus-daugiafunkcinis-skaitiklis-Eastron-SDM630-BaltSolar.jpg","datePublished":"2023-03-02T10:48:35+00:00","dateModified":"2023-04-07T09:13:06+00:00","breadcrumb":{"@id":"https:\/\/baltsolar.lt\/produktas\/ismanus-daugiafunkcinis-skaitiklis-eastron-sdm630\/#breadcrumb"},"inLanguage":"en-US","potentialAction":[{"@type":"ReadAction","target":["https:\/\/baltsolar.lt\/produktas\/ismanus-daugiafunkcinis-skaitiklis-eastron-sdm630\/"]}]},{"@type":"ImageObject","inLanguage":"en-US","@id":"https:\/\/baltsolar.lt\/produktas\/ismanus-daugiafunkcinis-skaitiklis-eastron-sdm630\/#primaryimage","url":"https:\/\/baltsolar.lt\/wp-content\/uploads\/2023\/03\/Ismanus-daugiafunkcinis-skaitiklis-Eastron-SDM630-BaltSolar.jpg","contentUrl":"https:\/\/baltsolar.lt\/wp-content\/uploads\/2023\/03\/Ismanus-daugiafunkcinis-skaitiklis-Eastron-SDM630-BaltSolar.jpg","width":938,"height":1062},{"@type":"BreadcrumbList","@id":"https:\/\/baltsolar.lt\/produktas\/ismanus-daugiafunkcinis-skaitiklis-eastron-sdm630\/#breadcrumb","itemListElement":[{"@type":"ListItem","position":1,"name":"Home","item":"https:\/\/baltsolar.lt\/"},{"@type":"ListItem","position":2,"name":"Produkt\u0173 katalogas","item":"https:\/\/baltsolar.lt\/katalogas\/"},{"@type":"ListItem","position":3,"name":"I\u0161manus daugiafunkcinis skaitiklis Eastron SDM630"}]},{"@type":"WebSite","@id":"https:\/\/baltsolar.lt\/#website","url":"https:\/\/baltsolar.lt\/","name":"BALTSOLAR","description":"","publisher":{"@id":"https:\/\/baltsolar.lt\/#organization"},"potentialAction":[{"@type":"SearchAction","target":{"@type":"EntryPoint","urlTemplate":"https:\/\/baltsolar.lt\/?s={search_term_string}"},"query-input":{"@type":"PropertyValueSpecification","valueRequired":true,"valueName":"search_term_string"}}],"inLanguage":"en-US"},{"@type":"Organization","@id":"https:\/\/baltsolar.lt\/#organization","name":"BALTSOLAR","url":"https:\/\/baltsolar.lt\/","logo":{"@type":"ImageObject","inLanguage":"en-US","@id":"https:\/\/baltsolar.lt\/#\/schema\/logo\/image\/","url":"https:\/\/baltsolar.lt\/wp-content\/uploads\/2023\/03\/BALTSOLAR_LOGO.svg","contentUrl":"https:\/\/baltsolar.lt\/wp-content\/uploads\/2023\/03\/BALTSOLAR_LOGO.svg","width":447,"height":139,"caption":"BALTSOLAR"},"image":{"@id":"https:\/\/baltsolar.lt\/#\/schema\/logo\/image\/"}}]}},"_links":{"self":[{"href":"https:\/\/baltsolar.lt\/en\/wp-json\/wp\/v2\/product\/433","targetHints":{"allow":["GET"]}}],"collection":[{"href":"https:\/\/baltsolar.lt\/en\/wp-json\/wp\/v2\/product"}],"about":[{"href":"https:\/\/baltsolar.lt\/en\/wp-json\/wp\/v2\/types\/product"}],"wp:featuredmedia":[{"embeddable":true,"href":"https:\/\/baltsolar.lt\/en\/wp-json\/wp\/v2\/media\/434"}],"wp:attachment":[{"href":"https:\/\/baltsolar.lt\/en\/wp-json\/wp\/v2\/media?parent=433"}],"wp:term":[{"taxonomy":"product_brand","embeddable":true,"href":"https:\/\/baltsolar.lt\/en\/wp-json\/wp\/v2\/product_brand?post=433"},{"taxonomy":"product_cat","embeddable":true,"href":"https:\/\/baltsolar.lt\/en\/wp-json\/wp\/v2\/product_cat?post=433"},{"taxonomy":"product_tag","embeddable":true,"href":"https:\/\/baltsolar.lt\/en\/wp-json\/wp\/v2\/product_tag?post=433"},{"taxonomy":"berocket_brand","embeddable":true,"href":"https:\/\/baltsolar.lt\/en\/wp-json\/wp\/v2\/berocket_brand?post=433"}],"curies":[{"name":"wp","href":"https:\/\/api.w.org\/{rel}","templated":true}]}}